{"id":41345,"date":"2025-08-04T15:33:55","date_gmt":"2025-08-04T15:33:55","guid":{"rendered":"https:\/\/skinstudio.ee\/?post_type=product&#038;p=41345"},"modified":"2026-01-19T15:20:22","modified_gmt":"2026-01-19T15:20:22","slug":"soft-foaming-body-wash-kids","status":"publish","type":"product","link":"https:\/\/skinstudio.ee\/lt\/catalog\/atopalm\/soft-foaming-body-wash-kids\/","title":{"rendered":"Soft Foaming Body Wash Kids"},"content":{"rendered":"<p data-start=\"891\" data-end=\"1259\">Atopalm \u0161velnios putojan\u010dios prausimosi putos turi saugi\u0105 formul\u0119, specialiai sukurt\u0105 vaikams. Sud\u0117tyje tik \u0161velnios ir patikrintos sudedamosios dalys, kurios nedirgina odos.<br data-start=\"1065\" data-end=\"1068\" \/>Kad prausimasis b\u016bt\u0173 malonesnis ir patogesnis, Atopalm pasirinko mink\u0161tas, debes\u012f primenan\u010dias putas, kurios maloniai jau\u010diamos ant odos ir padeda vaikams \u0161velniai ir veiksmingai nusiprausti.<\/p>\n<p data-start=\"1261\" data-end=\"1278\"><strong data-start=\"1261\" data-end=\"1271\">T\u016bris:<\/strong> 460 ml<\/p>\n","protected":false},"excerpt":{"rendered":"<p data-start=\"1362\" data-end=\"1407\">\u0160velnios putojan\u010dios prausimosi putos vaikams<\/p>\n<h2 data-start=\"1409\" data-end=\"1635\"><strong data-start=\"1409\" data-end=\"1456\">Atopalm Soft Foaming Body Wash Kids savyb\u0117s<\/strong><\/h2>\n<p data-start=\"1409\" data-end=\"1635\">\u2714\ufe0f \u0160velniai ir veiksmingai valo od\u0105<br data-start=\"1494\" data-end=\"1497\" \/>\u2714\ufe0f Suformuoja sodrias ir mink\u0161tas putas<br data-start=\"1536\" data-end=\"1539\" \/>\u2714\ufe0f Nedirgina ir nesausina<br data-start=\"1564\" data-end=\"1567\" \/>\u2714\ufe0f Padeda i\u0161laikyti dr\u0117gm\u0117s balans\u0105<br data-start=\"1602\" data-end=\"1605\" \/>\u2714\ufe0f Tinka kasdieniam naudojimui<\/p>\n","protected":false},"featured_media":65561,"template":"","meta":[],"pwb-brand":[702],"product_brand":[],"product_cat":[758,1192],"product_tag":[],"giftcard-category":[],"class_list":{"0":"post-41345","1":"product","2":"type-product","3":"status-publish","4":"has-post-thumbnail","6":"pwb-brand-atopalm","7":"product_cat-kuno-prieziura","8":"product_cat-vaikams","10":"first","11":"instock","12":"taxable","13":"shipping-taxable","14":"purchasable","15":"product-type-simple"},"acf":[],"brands":[{"id":702,"name":"Atopalm","slug":"atopalm"}],"_links":{"self":[{"href":"https:\/\/skinstudio.ee\/lt\/wp-json\/wp\/v2\/product\/41345","targetHints":{"allow":["GET"]}}],"collection":[{"href":"https:\/\/skinstudio.ee\/lt\/wp-json\/wp\/v2\/product"}],"about":[{"href":"https:\/\/skinstudio.ee\/lt\/wp-json\/wp\/v2\/types\/product"}],"version-history":[{"count":0,"href":"https:\/\/skinstudio.ee\/lt\/wp-json\/wp\/v2\/product\/41345\/revisions"}],"wp:featuredmedia":[{"embeddable":true,"href":"https:\/\/skinstudio.ee\/lt\/wp-json\/wp\/v2\/media\/65561"}],"wp:attachment":[{"href":"https:\/\/skinstudio.ee\/lt\/wp-json\/wp\/v2\/media?parent=41345"}],"wp:term":[{"taxonomy":"pwb-brand","embeddable":true,"href":"https:\/\/skinstudio.ee\/lt\/wp-json\/wp\/v2\/pwb-brand?post=41345"},{"taxonomy":"product_brand","embeddable":true,"href":"https:\/\/skinstudio.ee\/lt\/wp-json\/wp\/v2\/product_brand?post=41345"},{"taxonomy":"product_cat","embeddable":true,"href":"https:\/\/skinstudio.ee\/lt\/wp-json\/wp\/v2\/product_cat?post=41345"},{"taxonomy":"product_tag","embeddable":true,"href":"https:\/\/skinstudio.ee\/lt\/wp-json\/wp\/v2\/product_tag?post=41345"},{"taxonomy":"giftcard-category","embeddable":true,"href":"https:\/\/skinstudio.ee\/lt\/wp-json\/wp\/v2\/giftcard-category?post=41345"}],"curies":[{"name":"wp","href":"https:\/\/api.w.org\/{rel}","templated":true}]}}