{"id":41361,"date":"2025-08-04T15:42:10","date_gmt":"2025-08-04T15:42:10","guid":{"rendered":"https:\/\/skinstudio.ee\/?post_type=product&#038;p=41361"},"modified":"2026-01-19T15:20:22","modified_gmt":"2026-01-19T15:20:22","slug":"fresh-facial-cleanser","status":"publish","type":"product","link":"https:\/\/skinstudio.ee\/lt\/catalog\/atopalm\/fresh-facial-cleanser\/","title":{"rendered":"Fresh Facial Cleanser"},"content":{"rendered":"<p data-start=\"1135\" data-end=\"1512\">Dulk\u0117s, v\u0117jas ir aktyv\u016bs \u017eaidimai gali kaupti ne\u0161varumus ant jautrios vaik\u0173 odos, kuri yra daug \u0161velnesn\u0117 nei suaugusi\u0173j\u0173. Tod\u0117l Kor\u0117jos prek\u0117s \u017eenklas Atopalm suk\u016br\u0117 Kids Fresh veido prausimosi putas \u2014 \u0161velni\u0105 prie\u017ei\u016br\u0105 vaikams ir pirm\u0105 \u017eingsn\u012f \u012f savaranki\u0161k\u0105 higienos \u012fg\u016bd\u017ei\u0173 ugdym\u0105. Linksmas animacinis dizainas padeda sudominti vaik\u0105 ir paver\u010dia prausim\u0105si maloniu procesu.<\/p>\n<p data-start=\"1514\" data-end=\"1739\">Priemon\u0117 turi subalansuot\u0105 pH 4\u20136, kuris artimas nat\u016braliam odos lygiui. Tai padeda i\u0161laikyti komfort\u0105 po prausimosi ir stiprina nat\u016brali\u0105 odos apsaug\u0105. Sud\u0117tyje n\u0117ra kenksming\u0173 med\u017eiag\u0173, produktas i\u0161laik\u0117 hipoalergin\u012f test\u0105.<\/p>\n<p data-start=\"1741\" data-end=\"1758\"><strong data-start=\"1741\" data-end=\"1751\">T\u016bris:<\/strong> 150 ml<\/p>\n","protected":false},"excerpt":{"rendered":"<p data-start=\"1856\" data-end=\"1880\">Veido prausiklis vaikams<\/p>\n<h2 data-start=\"1882\" data-end=\"2119\"><strong data-start=\"1882\" data-end=\"1923\">Atopalm Fresh Facial Cleanser savyb\u0117s<\/strong><\/h2>\n<p data-start=\"1882\" data-end=\"2119\">\u2714\ufe0f \u0160velniai pa\u0161alina ne\u0161varumus nuo vaik\u0173 odos<br data-start=\"1972\" data-end=\"1975\" \/>\u2714\ufe0f Gaivina, nesausina ir nedirgina<br data-start=\"2009\" data-end=\"2012\" \/>\u2714\ufe0f Palaiko nat\u016bral\u0173 dr\u0117gm\u0117s balans\u0105<br data-start=\"2047\" data-end=\"2050\" \/>\u2714\ufe0f Tinka jautriai vaik\u0173 odai<br data-start=\"2078\" data-end=\"2081\" \/>\u2714\ufe0f Nepa\u017eeid\u017eia odos apsauginio barjero<\/p>\n","protected":false},"featured_media":65555,"template":"","meta":[],"pwb-brand":[702],"product_brand":[],"product_cat":[746,1192,718],"product_tag":[],"giftcard-category":[],"class_list":{"0":"post-41361","1":"product","2":"type-product","3":"status-publish","4":"has-post-thumbnail","6":"pwb-brand-atopalm","7":"product_cat-jautri-oda","8":"product_cat-vaikams","9":"product_cat-valymas","11":"first","12":"instock","13":"taxable","14":"shipping-taxable","15":"purchasable","16":"product-type-simple"},"acf":[],"brands":[{"id":702,"name":"Atopalm","slug":"atopalm"}],"_links":{"self":[{"href":"https:\/\/skinstudio.ee\/lt\/wp-json\/wp\/v2\/product\/41361","targetHints":{"allow":["GET"]}}],"collection":[{"href":"https:\/\/skinstudio.ee\/lt\/wp-json\/wp\/v2\/product"}],"about":[{"href":"https:\/\/skinstudio.ee\/lt\/wp-json\/wp\/v2\/types\/product"}],"version-history":[{"count":0,"href":"https:\/\/skinstudio.ee\/lt\/wp-json\/wp\/v2\/product\/41361\/revisions"}],"wp:featuredmedia":[{"embeddable":true,"href":"https:\/\/skinstudio.ee\/lt\/wp-json\/wp\/v2\/media\/65555"}],"wp:attachment":[{"href":"https:\/\/skinstudio.ee\/lt\/wp-json\/wp\/v2\/media?parent=41361"}],"wp:term":[{"taxonomy":"pwb-brand","embeddable":true,"href":"https:\/\/skinstudio.ee\/lt\/wp-json\/wp\/v2\/pwb-brand?post=41361"},{"taxonomy":"product_brand","embeddable":true,"href":"https:\/\/skinstudio.ee\/lt\/wp-json\/wp\/v2\/product_brand?post=41361"},{"taxonomy":"product_cat","embeddable":true,"href":"https:\/\/skinstudio.ee\/lt\/wp-json\/wp\/v2\/product_cat?post=41361"},{"taxonomy":"product_tag","embeddable":true,"href":"https:\/\/skinstudio.ee\/lt\/wp-json\/wp\/v2\/product_tag?post=41361"},{"taxonomy":"giftcard-category","embeddable":true,"href":"https:\/\/skinstudio.ee\/lt\/wp-json\/wp\/v2\/giftcard-category?post=41361"}],"curies":[{"name":"wp","href":"https:\/\/api.w.org\/{rel}","templated":true}]}}