{"id":41399,"date":"2025-08-05T16:50:55","date_gmt":"2025-08-05T16:50:55","guid":{"rendered":"https:\/\/skinstudio.ee\/?post_type=product&#038;p=41399"},"modified":"2026-01-19T15:20:22","modified_gmt":"2026-01-19T15:20:22","slug":"honey-face-lotion-kids","status":"publish","type":"product","link":"https:\/\/skinstudio.ee\/lt\/catalog\/atopalm\/honey-face-lotion-kids\/","title":{"rendered":"Honey Face Lotion Kids"},"content":{"rendered":"<p data-start=\"1229\" data-end=\"1876\">Dr\u0117kinamasis veido losjonas su raminamuoju poveikiu, padedantis atgaivinti pavargusi\u0105 od\u0105. Gaus\u016bs maistingieji komponentai i\u0161 manukos medaus, surinkto Naujosios Zelandijos \u0161variuose mi\u0161kuose, giliai dr\u0117kina saus\u0105 od\u0105 ir padeda ilgai i\u0161laikyti jos dr\u0117gm\u0119.<br data-start=\"1483\" data-end=\"1486\" \/>Worry Free formul\u0117 vienu metu ramina, saugo ir dr\u0117kina od\u0105, stiprina jos nat\u016bral\u0173 apsaugin\u012f barjer\u0105. Losjonas \u0161velniai padengia od\u0105, greitai \u012fsigeria ir nepalieka lipnumo, suteikdamas gaivumo ir komforto poj\u016bt\u012f.<br data-start=\"1697\" data-end=\"1700\" \/>MLE formul\u0117 ir \u0161veln\u016bs ingredientai tinka ne tik k\u016bdiki\u0173 ir vaik\u0173, bet ir paaugli\u0173 bei suaugusi\u0173j\u0173 odai. Pajuskite manukos medaus dr\u0117kinam\u0105j\u012f, maitinam\u0105j\u012f ir apsaugin\u012f poveik\u012f.<\/p>\n<p data-start=\"1878\" data-end=\"1895\"><strong data-start=\"1878\" data-end=\"1888\">T\u016bris:<\/strong> 150 ml<\/p>\n","protected":false},"excerpt":{"rendered":"<p data-start=\"2017\" data-end=\"2052\">Dr\u0117kinamasis veido losjonas vaikams<\/p>\n<h2 data-start=\"2054\" data-end=\"2290\"><strong data-start=\"2054\" data-end=\"2096\">Atopalm Honey Face Lotion Kids savyb\u0117s<\/strong><\/h2>\n<p data-start=\"2054\" data-end=\"2290\">\u2714\ufe0f Giliai dr\u0117kina ir mink\u0161tina od\u0105<br data-start=\"2133\" data-end=\"2136\" \/>\u2714\ufe0f Maitina ir apsaugo d\u0117l manukos medaus<br data-start=\"2176\" data-end=\"2179\" \/>\u2714\ufe0f Stiprina nat\u016bral\u0173 odos barjer\u0105<br data-start=\"2212\" data-end=\"2215\" \/>\u2714\ufe0f Lengva, greitai \u012fsigerianti tekst\u016bra<br data-start=\"2254\" data-end=\"2257\" \/>\u2714\ufe0f Nesukelia dirginimo ar sausumo<\/p>\n","protected":false},"featured_media":41391,"template":"","meta":[],"pwb-brand":[702],"product_brand":[],"product_cat":[738,746,740,1192],"product_tag":[],"giftcard-category":[],"class_list":{"0":"post-41399","1":"product","2":"type-product","3":"status-publish","4":"has-post-thumbnail","6":"pwb-brand-atopalm","7":"product_cat-drekinimas","8":"product_cat-jautriai-odai","9":"product_cat-sausai-odai","10":"product_cat-vaikams","12":"first","13":"instock","14":"taxable","15":"shipping-taxable","16":"purchasable","17":"product-type-simple"},"acf":[],"brands":[{"id":702,"name":"Atopalm","slug":"atopalm"}],"_links":{"self":[{"href":"https:\/\/skinstudio.ee\/lt\/wp-json\/wp\/v2\/product\/41399","targetHints":{"allow":["GET"]}}],"collection":[{"href":"https:\/\/skinstudio.ee\/lt\/wp-json\/wp\/v2\/product"}],"about":[{"href":"https:\/\/skinstudio.ee\/lt\/wp-json\/wp\/v2\/types\/product"}],"version-history":[{"count":0,"href":"https:\/\/skinstudio.ee\/lt\/wp-json\/wp\/v2\/product\/41399\/revisions"}],"wp:featuredmedia":[{"embeddable":true,"href":"https:\/\/skinstudio.ee\/lt\/wp-json\/wp\/v2\/media\/41391"}],"wp:attachment":[{"href":"https:\/\/skinstudio.ee\/lt\/wp-json\/wp\/v2\/media?parent=41399"}],"wp:term":[{"taxonomy":"pwb-brand","embeddable":true,"href":"https:\/\/skinstudio.ee\/lt\/wp-json\/wp\/v2\/pwb-brand?post=41399"},{"taxonomy":"product_brand","embeddable":true,"href":"https:\/\/skinstudio.ee\/lt\/wp-json\/wp\/v2\/product_brand?post=41399"},{"taxonomy":"product_cat","embeddable":true,"href":"https:\/\/skinstudio.ee\/lt\/wp-json\/wp\/v2\/product_cat?post=41399"},{"taxonomy":"product_tag","embeddable":true,"href":"https:\/\/skinstudio.ee\/lt\/wp-json\/wp\/v2\/product_tag?post=41399"},{"taxonomy":"giftcard-category","embeddable":true,"href":"https:\/\/skinstudio.ee\/lt\/wp-json\/wp\/v2\/giftcard-category?post=41399"}],"curies":[{"name":"wp","href":"https:\/\/api.w.org\/{rel}","templated":true}]}}