{"id":41415,"date":"2025-08-04T16:58:42","date_gmt":"2025-08-04T16:58:42","guid":{"rendered":"https:\/\/skinstudio.ee\/?post_type=product&#038;p=41415"},"modified":"2026-01-19T15:20:22","modified_gmt":"2026-01-19T15:20:22","slug":"cica-aloe-soothing-gel","status":"publish","type":"product","link":"https:\/\/skinstudio.ee\/lt\/catalog\/atopalm\/cica-aloe-soothing-gel\/","title":{"rendered":"Cica Aloe Soothing Gel"},"content":{"rendered":"<p data-start=\"1095\" data-end=\"1464\">Raminamasis vaik\u0173 gelis su alaviju ir centela <strong data-start=\"1141\" data-end=\"1172\">Kids Cica Aloe Soothing Gel<\/strong> gaivina ir mink\u0161tina jautri\u0105 od\u0105, ma\u017eina paraudim\u0105 ir padeda odai atsigauti po saul\u0117s poveikio ar kit\u0173 agresyvi\u0173 aplinkos veiksni\u0173. Skatina gijim\u0105, maloniai v\u0117sina ir suteikia komforto poj\u016bt\u012f. Gelis sudarytas i\u0161 95 % alavijo sul\u010di\u0173, praturtintas 4 centel\u0117s ekstraktais ir hialurono r\u016bg\u0161timi.<\/p>\n<p data-start=\"1466\" data-end=\"1483\"><strong data-start=\"1466\" data-end=\"1476\">T\u016bris:<\/strong> 250 ml<\/p>\n","protected":false},"excerpt":{"rendered":"<p data-start=\"1700\" data-end=\"1728\">Raminamasis gelis su alaviju<\/p>\n<h2 data-start=\"1730\" data-end=\"1978\"><strong data-start=\"1730\" data-end=\"1772\">Atopalm Cica Aloe Soothing Gel savyb\u0117s<\/strong><\/h2>\n<p data-start=\"1730\" data-end=\"1978\">\u2714\ufe0f Ramina jautri\u0105 ir sudirgusi\u0105 od\u0105<br data-start=\"1810\" data-end=\"1813\" \/>\u2714\ufe0f Suteikia v\u0117sinant\u012f ir gaivinant\u012f efekt\u0105<br data-start=\"1855\" data-end=\"1858\" \/>\u2714\ufe0f Su alavijo ir centel\u0117s ekstraktais odos atstatymui<br data-start=\"1911\" data-end=\"1914\" \/>\u2714\ufe0f Lengva tekst\u016bra, greitai susigeria<br data-start=\"1951\" data-end=\"1954\" \/>\u2714\ufe0f Tinka veidui ir k\u016bnui<\/p>\n","protected":false},"featured_media":65533,"template":"","meta":[],"pwb-brand":[702],"product_brand":[],"product_cat":[738,746,1192],"product_tag":[],"giftcard-category":[],"class_list":{"0":"post-41415","1":"product","2":"type-product","3":"status-publish","4":"has-post-thumbnail","6":"pwb-brand-atopalm","7":"product_cat-drekinimas","8":"product_cat-jautriai-odai","9":"product_cat-vaikams","11":"first","12":"instock","13":"taxable","14":"shipping-taxable","15":"purchasable","16":"product-type-simple"},"acf":[],"brands":[{"id":702,"name":"Atopalm","slug":"atopalm"}],"_links":{"self":[{"href":"https:\/\/skinstudio.ee\/lt\/wp-json\/wp\/v2\/product\/41415","targetHints":{"allow":["GET"]}}],"collection":[{"href":"https:\/\/skinstudio.ee\/lt\/wp-json\/wp\/v2\/product"}],"about":[{"href":"https:\/\/skinstudio.ee\/lt\/wp-json\/wp\/v2\/types\/product"}],"version-history":[{"count":0,"href":"https:\/\/skinstudio.ee\/lt\/wp-json\/wp\/v2\/product\/41415\/revisions"}],"wp:featuredmedia":[{"embeddable":true,"href":"https:\/\/skinstudio.ee\/lt\/wp-json\/wp\/v2\/media\/65533"}],"wp:attachment":[{"href":"https:\/\/skinstudio.ee\/lt\/wp-json\/wp\/v2\/media?parent=41415"}],"wp:term":[{"taxonomy":"pwb-brand","embeddable":true,"href":"https:\/\/skinstudio.ee\/lt\/wp-json\/wp\/v2\/pwb-brand?post=41415"},{"taxonomy":"product_brand","embeddable":true,"href":"https:\/\/skinstudio.ee\/lt\/wp-json\/wp\/v2\/product_brand?post=41415"},{"taxonomy":"product_cat","embeddable":true,"href":"https:\/\/skinstudio.ee\/lt\/wp-json\/wp\/v2\/product_cat?post=41415"},{"taxonomy":"product_tag","embeddable":true,"href":"https:\/\/skinstudio.ee\/lt\/wp-json\/wp\/v2\/product_tag?post=41415"},{"taxonomy":"giftcard-category","embeddable":true,"href":"https:\/\/skinstudio.ee\/lt\/wp-json\/wp\/v2\/giftcard-category?post=41415"}],"curies":[{"name":"wp","href":"https:\/\/api.w.org\/{rel}","templated":true}]}}