{"id":41435,"date":"2025-08-04T17:09:55","date_gmt":"2025-08-04T17:09:55","guid":{"rendered":"https:\/\/skinstudio.ee\/?post_type=product&#038;p=41435"},"modified":"2026-01-19T15:20:22","modified_gmt":"2026-01-19T15:20:22","slug":"wild-kitty-mask-kids","status":"publish","type":"product","link":"https:\/\/skinstudio.ee\/lt\/catalog\/atopalm\/wild-kitty-mask-kids\/","title":{"rendered":"Wild Kitty Mask Pack Kids"},"content":{"rendered":"<p data-start=\"1354\" data-end=\"1655\">Lak\u0161tin\u0117 veido kauk\u0117, specialiai sukurta jautriai vaik\u0173 odai. 16 met\u0173 i\u0161 eil\u0117s pripa\u017einta Nr. 1 priemone jautrios odos prie\u017ei\u016brai. Kauk\u0117 dermatologi\u0161kai patikrinta ir nesukelia dirginimo. Pagaminta i\u0161 100 % grynos medviln\u0117s, \u0161velniai priglunda prie odos ir u\u017etikrina \u0161velni\u0105, bet veiksming\u0105 prie\u017ei\u016br\u0105.<\/p>\n<p data-start=\"1657\" data-end=\"2047\">\u0160velni kremin\u0117 esencija su pieno lipidais ir baltymais giliai maitina od\u0105, atkuria jos \u0161velnum\u0105, dr\u0117gm\u0119 ir sveik\u0105 spindes\u012f.<br data-start=\"1780\" data-end=\"1783\" \/>Septyni\u0173 jaun\u0173 lap\u0173 ekstraktai suteikia odai \u017ealiosios energijos ir padeda atsigauti po \u017ealingo aplinkos poveikio \u2013 v\u0117jo, \u0161al\u010dio, saul\u0117s ar u\u017eter\u0161tumo. Kauk\u0117 stiprina ir saugo nusilpusi\u0105 od\u0105, padeda i\u0161laikyti nat\u016bral\u0173 balans\u0105 ir suteikia ilgalaik\u012f komforto poj\u016bt\u012f.<\/p>\n<p data-start=\"2049\" data-end=\"2072\"><strong data-start=\"2049\" data-end=\"2059\">T\u016bris:<\/strong> 1 vnt., 15 g<\/p>\n","protected":false},"excerpt":{"rendered":"<p data-start=\"2247\" data-end=\"2280\">Raminamoji lak\u0161tin\u0117 kauk\u0117 vaikams<\/p>\n<h2 data-start=\"2282\" data-end=\"2540\"><strong data-start=\"2282\" data-end=\"2327\">Atopalm Wild Kitty Mask Pack Kids savyb\u0117s<\/strong><\/h2>\n<p data-start=\"2282\" data-end=\"2540\">\u2714\ufe0f Dr\u0117kina ir ramina od\u0105<br data-start=\"2354\" data-end=\"2357\" \/>\u2714\ufe0f Puikiai priglunda d\u0117l 100 % medviln\u0117s pagrindo<br data-start=\"2406\" data-end=\"2409\" \/>\u2714\ufe0f Tinka net labai jautriai odai<br data-start=\"2441\" data-end=\"2444\" \/>\u2714\ufe0f Dermatologi\u0161kai patikrinta, nedirgina<br data-start=\"2484\" data-end=\"2487\" \/>\u2714\ufe0f Sudr\u0117kinta lengva ir greitai \u012fsigerian\u010dia esencija<\/p>\n","protected":false},"featured_media":41422,"template":"","meta":[],"pwb-brand":[702],"product_brand":[],"product_cat":[726,1192],"product_tag":[],"giftcard-category":[],"class_list":{"0":"post-41435","1":"product","2":"type-product","3":"status-publish","4":"has-post-thumbnail","6":"pwb-brand-atopalm","7":"product_cat-maskas","8":"product_cat-vaikams","10":"first","11":"instock","12":"taxable","13":"shipping-taxable","14":"purchasable","15":"product-type-simple"},"acf":[],"brands":[{"id":702,"name":"Atopalm","slug":"atopalm"}],"_links":{"self":[{"href":"https:\/\/skinstudio.ee\/lt\/wp-json\/wp\/v2\/product\/41435","targetHints":{"allow":["GET"]}}],"collection":[{"href":"https:\/\/skinstudio.ee\/lt\/wp-json\/wp\/v2\/product"}],"about":[{"href":"https:\/\/skinstudio.ee\/lt\/wp-json\/wp\/v2\/types\/product"}],"version-history":[{"count":0,"href":"https:\/\/skinstudio.ee\/lt\/wp-json\/wp\/v2\/product\/41435\/revisions"}],"wp:featuredmedia":[{"embeddable":true,"href":"https:\/\/skinstudio.ee\/lt\/wp-json\/wp\/v2\/media\/41422"}],"wp:attachment":[{"href":"https:\/\/skinstudio.ee\/lt\/wp-json\/wp\/v2\/media?parent=41435"}],"wp:term":[{"taxonomy":"pwb-brand","embeddable":true,"href":"https:\/\/skinstudio.ee\/lt\/wp-json\/wp\/v2\/pwb-brand?post=41435"},{"taxonomy":"product_brand","embeddable":true,"href":"https:\/\/skinstudio.ee\/lt\/wp-json\/wp\/v2\/product_brand?post=41435"},{"taxonomy":"product_cat","embeddable":true,"href":"https:\/\/skinstudio.ee\/lt\/wp-json\/wp\/v2\/product_cat?post=41435"},{"taxonomy":"product_tag","embeddable":true,"href":"https:\/\/skinstudio.ee\/lt\/wp-json\/wp\/v2\/product_tag?post=41435"},{"taxonomy":"giftcard-category","embeddable":true,"href":"https:\/\/skinstudio.ee\/lt\/wp-json\/wp\/v2\/giftcard-category?post=41435"}],"curies":[{"name":"wp","href":"https:\/\/api.w.org\/{rel}","templated":true}]}}