{"id":41455,"date":"2025-08-07T07:59:02","date_gmt":"2025-08-07T07:59:02","guid":{"rendered":"https:\/\/skinstudio.ee\/?post_type=product&#038;p=41455"},"modified":"2026-01-19T15:20:22","modified_gmt":"2026-01-19T15:20:22","slug":"froggy-mask-pack","status":"publish","type":"product","link":"https:\/\/skinstudio.ee\/lt\/catalog\/atopalm\/froggy-mask-pack\/","title":{"rendered":"Froggy Mask Pack"},"content":{"rendered":"<p data-start=\"1277\" data-end=\"1518\"><strong data-start=\"1277\" data-end=\"1305\">Atopalm Froggy Mask Pack<\/strong> dr\u0117kinamoji esencija suteikia v\u0117sinant\u012f ir raminant\u012f poveik\u012f perkaistai ir sudirgusiai odai.<br data-start=\"1398\" data-end=\"1401\" \/>Formul\u0117 su fitoncidiniu vandeniu padeda \u0161velniai suma\u017einti diskomfort\u0105 ir jautrum\u0105, ypa\u010d po buvimo saul\u0117je ar v\u0117jyje.<\/p>\n<p data-start=\"1520\" data-end=\"1854\">Septyni\u0173 jaun\u0173 lap\u0173 ekstraktai suteikia odai \u017ealiosios energijos, intensyviai dr\u0117kina ir saugo nusilpusi\u0105 od\u0105 nuo neigiamo aplinkos poveikio.<br data-start=\"1661\" data-end=\"1664\" \/>Kauk\u0117 pagaminta i\u0161 100 % grynos medviln\u0117s, nedirgina odos ir tinka net labai jautriai odai.<br data-start=\"1755\" data-end=\"1758\" \/>16 met\u0173 i\u0161 eil\u0117s pripa\u017einta Nr. 1 jautrios odos prie\u017ei\u016bros priemone. Dermatologi\u0161kai patikrinta.<\/p>\n<p data-start=\"1856\" data-end=\"1879\"><strong data-start=\"1856\" data-end=\"1866\">T\u016bris:<\/strong> 1 vnt., 15 g<\/p>\n","protected":false},"excerpt":{"rendered":"<p data-start=\"2061\" data-end=\"2094\">Raminamoji lak\u0161tin\u0117 kauk\u0117 vaikams<\/p>\n<h2 data-start=\"2096\" data-end=\"2357\"><strong data-start=\"2096\" data-end=\"2137\">Atopalm Froggy Mask Pack savyb\u0117s<\/strong><\/h2>\n<p data-start=\"2096\" data-end=\"2357\">\u2714\ufe0f V\u0117sina ir ma\u017eina paraudim\u0105<br data-start=\"2169\" data-end=\"2172\" \/>\u2714\ufe0f Ramina jautri\u0105 ir sudirgusi\u0105 od\u0105<br data-start=\"2207\" data-end=\"2210\" \/>\u2714\ufe0f Su fitoncidiniu vandeniu ir 7 jaun\u0173 lap\u0173 ekstraktais<br data-start=\"2265\" data-end=\"2268\" \/>\u2714\ufe0f Stiprina ir saugo nusilpusi\u0105 od\u0105<br data-start=\"2303\" data-end=\"2306\" \/>\u2714\ufe0f 100 % medviln\u0117s pagrindas, tinkama jautriai odai<\/p>\n","protected":false},"featured_media":65528,"template":"","meta":[],"pwb-brand":[702],"product_brand":[],"product_cat":[726,1192],"product_tag":[],"giftcard-category":[],"class_list":{"0":"post-41455","1":"product","2":"type-product","3":"status-publish","4":"has-post-thumbnail","6":"pwb-brand-atopalm","7":"product_cat-maskas-lt","8":"product_cat-vaikams","10":"first","11":"instock","12":"taxable","13":"shipping-taxable","14":"purchasable","15":"product-type-simple"},"acf":[],"brands":[{"id":702,"name":"Atopalm","slug":"atopalm"}],"_links":{"self":[{"href":"https:\/\/skinstudio.ee\/lt\/wp-json\/wp\/v2\/product\/41455","targetHints":{"allow":["GET"]}}],"collection":[{"href":"https:\/\/skinstudio.ee\/lt\/wp-json\/wp\/v2\/product"}],"about":[{"href":"https:\/\/skinstudio.ee\/lt\/wp-json\/wp\/v2\/types\/product"}],"version-history":[{"count":0,"href":"https:\/\/skinstudio.ee\/lt\/wp-json\/wp\/v2\/product\/41455\/revisions"}],"wp:featuredmedia":[{"embeddable":true,"href":"https:\/\/skinstudio.ee\/lt\/wp-json\/wp\/v2\/media\/65528"}],"wp:attachment":[{"href":"https:\/\/skinstudio.ee\/lt\/wp-json\/wp\/v2\/media?parent=41455"}],"wp:term":[{"taxonomy":"pwb-brand","embeddable":true,"href":"https:\/\/skinstudio.ee\/lt\/wp-json\/wp\/v2\/pwb-brand?post=41455"},{"taxonomy":"product_brand","embeddable":true,"href":"https:\/\/skinstudio.ee\/lt\/wp-json\/wp\/v2\/product_brand?post=41455"},{"taxonomy":"product_cat","embeddable":true,"href":"https:\/\/skinstudio.ee\/lt\/wp-json\/wp\/v2\/product_cat?post=41455"},{"taxonomy":"product_tag","embeddable":true,"href":"https:\/\/skinstudio.ee\/lt\/wp-json\/wp\/v2\/product_tag?post=41455"},{"taxonomy":"giftcard-category","embeddable":true,"href":"https:\/\/skinstudio.ee\/lt\/wp-json\/wp\/v2\/giftcard-category?post=41455"}],"curies":[{"name":"wp","href":"https:\/\/api.w.org\/{rel}","templated":true}]}}