{"id":41478,"date":"2025-08-04T17:28:38","date_gmt":"2025-08-04T17:28:38","guid":{"rendered":"https:\/\/skinstudio.ee\/?post_type=product&#038;p=41478"},"modified":"2026-01-19T15:20:22","modified_gmt":"2026-01-19T15:20:22","slug":"kids-outdoor-sunstick-spf50","status":"publish","type":"product","link":"https:\/\/skinstudio.ee\/lt\/catalog\/atopalm\/kids-outdoor-sunstick-spf50\/","title":{"rendered":"Kids Outdoor Sunstick SPF50"},"content":{"rendered":"<p data-start=\"1365\" data-end=\"1647\"><strong data-start=\"1365\" data-end=\"1413\">Atopalm Kids Outdoor Sun Stick SPF50+ PA++++<\/strong> skirta jautriai ir mink\u0161tai vaik\u0173 odai. Jis nesukelia sudirginimo ar nie\u017e\u0117jimo ir u\u017etikrina patikim\u0105 apsaug\u0105 nuo UV spinduliuot\u0117s, padeda i\u0161vengti odos paraudimo, saul\u0117s nudegim\u0173 ir hiperpigmentacijos. Tinkamas vaikams nuo 6 m\u0117nesi\u0173.<\/p>\n<p data-start=\"1649\" data-end=\"1908\">Stik\u0105 lengva tolygiai u\u017etepti ant odos ir patogu atnaujinti apsaug\u0105 vis\u0105 dien\u0105. Jis palieka lengv\u0105, \u0161ilkin\u012f matin\u012f sluoksn\u012f be lipnumo ar dry\u017ei\u0173. Sud\u0117tyje esantys 100\u202f% mineraliniai filtrai yra visi\u0161kai saug\u016bs net jautriausiai odai. Tinka visiems odos tipams.<\/p>\n<p data-start=\"1910\" data-end=\"1925\"><strong data-start=\"1910\" data-end=\"1920\">T\u016bris:<\/strong> 21\u202fg<\/p>\n","protected":false},"excerpt":{"rendered":"<p data-start=\"2130\" data-end=\"2162\"><strong data-start=\"2130\" data-end=\"2162\">Vaik\u0173 saul\u0117s apsaugos stikas<\/strong><\/p>\n<h2 data-start=\"2164\" data-end=\"2485\"><strong data-start=\"2164\" data-end=\"2211\">Atopalm Kids Outdoor Sunstick SPF50 savyb\u0117s<\/strong><\/h2>\n<p data-start=\"2164\" data-end=\"2485\">\u2714\ufe0f Suteikia stipri\u0105 apsaug\u0105 nuo UVA ir UVB spinduliuot\u0117s<br data-start=\"2270\" data-end=\"2273\" \/>\u2714\ufe0f Apsaugo od\u0105 nuo saul\u0117s pa\u017eeidim\u0173 ir dehidratacijos<br data-start=\"2326\" data-end=\"2329\" \/>\u2714\ufe0f Stiprina ir palaiko nat\u016bral\u0173 odos barjer\u0105<br data-start=\"2373\" data-end=\"2376\" \/>\u2714\ufe0f Ramina ir saugo jautri\u0105 od\u0105 nuo i\u0161orini\u0173 dirgikli\u0173<br data-start=\"2429\" data-end=\"2432\" \/>\u2714\ufe0f I\u0161laiko odos dr\u0117gm\u0117s lyg\u012f net ilgai b\u016bnant saul\u0117je<\/p>\n","protected":false},"featured_media":65587,"template":"","meta":[],"pwb-brand":[702],"product_brand":[],"product_cat":[732,1192],"product_tag":[],"giftcard-category":[],"class_list":{"0":"post-41478","1":"product","2":"type-product","3":"status-publish","4":"has-post-thumbnail","6":"pwb-brand-atopalm","7":"product_cat-spf-apsauga","8":"product_cat-vaikams","10":"first","11":"instock","12":"taxable","13":"shipping-taxable","14":"purchasable","15":"product-type-simple"},"acf":[],"brands":[{"id":702,"name":"Atopalm","slug":"atopalm"}],"_links":{"self":[{"href":"https:\/\/skinstudio.ee\/lt\/wp-json\/wp\/v2\/product\/41478","targetHints":{"allow":["GET"]}}],"collection":[{"href":"https:\/\/skinstudio.ee\/lt\/wp-json\/wp\/v2\/product"}],"about":[{"href":"https:\/\/skinstudio.ee\/lt\/wp-json\/wp\/v2\/types\/product"}],"version-history":[{"count":0,"href":"https:\/\/skinstudio.ee\/lt\/wp-json\/wp\/v2\/product\/41478\/revisions"}],"wp:featuredmedia":[{"embeddable":true,"href":"https:\/\/skinstudio.ee\/lt\/wp-json\/wp\/v2\/media\/65587"}],"wp:attachment":[{"href":"https:\/\/skinstudio.ee\/lt\/wp-json\/wp\/v2\/media?parent=41478"}],"wp:term":[{"taxonomy":"pwb-brand","embeddable":true,"href":"https:\/\/skinstudio.ee\/lt\/wp-json\/wp\/v2\/pwb-brand?post=41478"},{"taxonomy":"product_brand","embeddable":true,"href":"https:\/\/skinstudio.ee\/lt\/wp-json\/wp\/v2\/product_brand?post=41478"},{"taxonomy":"product_cat","embeddable":true,"href":"https:\/\/skinstudio.ee\/lt\/wp-json\/wp\/v2\/product_cat?post=41478"},{"taxonomy":"product_tag","embeddable":true,"href":"https:\/\/skinstudio.ee\/lt\/wp-json\/wp\/v2\/product_tag?post=41478"},{"taxonomy":"giftcard-category","embeddable":true,"href":"https:\/\/skinstudio.ee\/lt\/wp-json\/wp\/v2\/giftcard-category?post=41478"}],"curies":[{"name":"wp","href":"https:\/\/api.w.org\/{rel}","templated":true}]}}