{"id":41511,"date":"2025-08-05T07:45:12","date_gmt":"2025-08-05T07:45:12","guid":{"rendered":"https:\/\/skinstudio.ee\/?post_type=product&#038;p=41511"},"modified":"2025-12-30T17:05:46","modified_gmt":"2025-12-30T17:05:46","slug":"ceramide-moisture-cleansing-foam","status":"publish","type":"product","link":"https:\/\/skinstudio.ee\/lt\/catalog\/real-barrier\/ceramide-moisture-cleansing-foam\/","title":{"rendered":"Ceramide Moisture Cleansing Foam"},"content":{"rendered":"<p data-start=\"1500\" data-end=\"2033\">Real Barrier Ceramide Moisture Cleansing Foam \u2013 tai inovatyvios valomosios putos su kremine tekst\u016bra, kurios tuo pa\u010diu metu valo, dr\u0117kina ir stiprina odos apsaugin\u012f barjer\u0105. Patentuota MLE formul\u0117 su keramidais padeda atkurti ir apsaugoti od\u0105. Pantenolis, alantoinas ir madekasosidas ramina jautri\u0105 ir sudirgusi\u0105 od\u0105. Saul\u0117gr\u0105\u017e\u0173 aliejus, brokoli\u0173 ir kvie\u010di\u0173 ekstraktai bei bergamot\u0117s aliejus \u0161velniai valo, maitina ir dr\u0117kina. Tinka vis\u0173 tip\u0173 odai, taip pat sausai ir jautriai. Be paraben\u0173, mineralini\u0173 aliej\u0173 ir dirbtini\u0173 kvapikli\u0173.<\/p>\n<p data-start=\"2038\" data-end=\"2059\"><strong data-start=\"2038\" data-end=\"2048\">T\u016bris:<\/strong> <strong data-start=\"2049\" data-end=\"2059\">220 ml<\/strong><\/p>\n","protected":false},"excerpt":{"rendered":"<p data-start=\"553\" data-end=\"580\">\u0160velnios veido valymo putos<\/p>\n<h2 data-start=\"585\" data-end=\"642\"><strong data-start=\"585\" data-end=\"642\">Savyb\u0117s Real Barrier Ceramide Moisture Cleansing Foam<\/strong><\/h2>\n<p data-start=\"644\" data-end=\"890\">\u2714\ufe0f \u0160velniai valo od\u0105, nepa\u017eeisdamos apsauginio barjero<br data-start=\"698\" data-end=\"701\" \/>\u2714\ufe0f Ramina ir dr\u0117kina jautri\u0105 od\u0105<br data-start=\"733\" data-end=\"736\" \/>\u2714\ufe0f Sud\u0117tyje yra keramid\u0173, pantenolio, alantoino ir madekasosido<br data-start=\"799\" data-end=\"802\" \/>\u2714\ufe0f Stiprina nat\u016bral\u0173 odos apsaugin\u012f sluoksn\u012f<br data-start=\"846\" data-end=\"849\" \/>\u2714\ufe0f Nesukelia sausumo ar tempimo poj\u016b\u010dio<\/p>\n","protected":false},"featured_media":41502,"template":"","meta":[],"pwb-brand":[714],"product_brand":[],"product_cat":[746,740,718],"product_tag":[],"giftcard-category":[],"class_list":{"0":"post-41511","1":"product","2":"type-product","3":"status-publish","4":"has-post-thumbnail","6":"pwb-brand-real-barrier","7":"product_cat-jautri-oda","8":"product_cat-sausa-oda","9":"product_cat-valymas","11":"first","12":"instock","13":"taxable","14":"shipping-taxable","15":"purchasable","16":"product-type-simple"},"acf":[],"brands":[{"id":714,"name":"Real Barrier","slug":"real-barrier"}],"_links":{"self":[{"href":"https:\/\/skinstudio.ee\/lt\/wp-json\/wp\/v2\/product\/41511","targetHints":{"allow":["GET"]}}],"collection":[{"href":"https:\/\/skinstudio.ee\/lt\/wp-json\/wp\/v2\/product"}],"about":[{"href":"https:\/\/skinstudio.ee\/lt\/wp-json\/wp\/v2\/types\/product"}],"version-history":[{"count":0,"href":"https:\/\/skinstudio.ee\/lt\/wp-json\/wp\/v2\/product\/41511\/revisions"}],"wp:featuredmedia":[{"embeddable":true,"href":"https:\/\/skinstudio.ee\/lt\/wp-json\/wp\/v2\/media\/41502"}],"wp:attachment":[{"href":"https:\/\/skinstudio.ee\/lt\/wp-json\/wp\/v2\/media?parent=41511"}],"wp:term":[{"taxonomy":"pwb-brand","embeddable":true,"href":"https:\/\/skinstudio.ee\/lt\/wp-json\/wp\/v2\/pwb-brand?post=41511"},{"taxonomy":"product_brand","embeddable":true,"href":"https:\/\/skinstudio.ee\/lt\/wp-json\/wp\/v2\/product_brand?post=41511"},{"taxonomy":"product_cat","embeddable":true,"href":"https:\/\/skinstudio.ee\/lt\/wp-json\/wp\/v2\/product_cat?post=41511"},{"taxonomy":"product_tag","embeddable":true,"href":"https:\/\/skinstudio.ee\/lt\/wp-json\/wp\/v2\/product_tag?post=41511"},{"taxonomy":"giftcard-category","embeddable":true,"href":"https:\/\/skinstudio.ee\/lt\/wp-json\/wp\/v2\/giftcard-category?post=41511"}],"curies":[{"name":"wp","href":"https:\/\/api.w.org\/{rel}","templated":true}]}}