{"id":41544,"date":"2025-08-05T08:13:29","date_gmt":"2025-08-05T08:13:29","guid":{"rendered":"https:\/\/skinstudio.ee\/?post_type=product&#038;p=41544"},"modified":"2025-12-30T17:05:46","modified_gmt":"2025-12-30T17:05:46","slug":"aqua-soothing-cream","status":"publish","type":"product","link":"https:\/\/skinstudio.ee\/lt\/catalog\/real-barrier\/aqua-soothing-cream\/","title":{"rendered":"Aqua Soothing Cream"},"content":{"rendered":"<p data-start=\"1248\" data-end=\"1846\">Real Barrier Aqua Soothing Cream \u2013 tai \u0161velnus dr\u0117kinamasis gelinis kremas, specialiai sukurtas jautriai ir sudirgusiai odai. Jis akimirksniu atv\u0117sina ir sudr\u0117kina, suma\u017eina tempimo jausm\u0105 ir padeda atkurti komfort\u0105 po saul\u0117s, v\u0117jo ar kit\u0173 i\u0161orini\u0173 veiksni\u0173 poveikio. Naudojant MLE technologij\u0105 ir unikal\u0173 7 r\u016b\u0161i\u0173 hialurono r\u016bg\u0161ties kompleks\u0105, kremas giliai dr\u0117kina od\u0105 visais lygmenimis, apr\u016bpina dr\u0117gme ir stiprina odos apsaugin\u012f barjer\u0105. M\u0117lynosios gelsv\u0117s aliejus su azulenu, ksilitolis ir eritritolis papildomai ramina od\u0105 ir padeda jai atsigauti po streso.<\/p>\n<p data-start=\"1848\" data-end=\"1943\">Hipoalergin\u0117 formul\u0117 nepalieka lipnumo ir puikiai tinka kasdieniam naudojimui, ypa\u010d kar\u0161tu oru.<\/p>\n<p data-start=\"1945\" data-end=\"1961\"><strong data-start=\"1945\" data-end=\"1955\">T\u016bris:<\/strong> 50 ml<\/p>\n","protected":false},"excerpt":{"rendered":"<p>Dr\u0117kinamasis gelinis kremas<\/p>\n<h2><strong data-start=\"2118\" data-end=\"2162\">Real Barrier Aqua Soothing Cream savyb\u0117s<\/strong><\/h2>\n<p>\u2714\ufe0f Greitai atv\u0117sina ir nuramina sudirgusi\u0105 od\u0105<br data-start=\"2211\" data-end=\"2214\" \/>\u2714\ufe0f Dr\u0117kina visais odos lygiais d\u0117ka 7 r\u016b\u0161i\u0173 hialurono r\u016bg\u0161ties<br data-start=\"2276\" data-end=\"2279\" \/>\u2714\ufe0f Atkuria ir stiprina odos apsaugin\u012f barjer\u0105<br data-start=\"2324\" data-end=\"2327\" \/>\u2714\ufe0f Ma\u017eina tempim\u0105 ir sausum\u0105<br data-start=\"2355\" data-end=\"2358\" \/>\u2714\ufe0f Palieka od\u0105 \u0161velni\u0105, lygi\u0105 ir gaivi\u0105 be lipnumo<\/p>\n","protected":false},"featured_media":66786,"template":"","meta":[],"pwb-brand":[714],"product_brand":[],"product_cat":[738,746,740],"product_tag":[],"giftcard-category":[],"class_list":{"0":"post-41544","1":"product","2":"type-product","3":"status-publish","4":"has-post-thumbnail","6":"pwb-brand-real-barrier","7":"product_cat-drekinimas","8":"product_cat-jautri-oda","9":"product_cat-sausa-oda","11":"first","12":"instock","13":"taxable","14":"shipping-taxable","15":"purchasable","16":"product-type-simple"},"acf":[],"brands":[{"id":714,"name":"Real Barrier","slug":"real-barrier"}],"_links":{"self":[{"href":"https:\/\/skinstudio.ee\/lt\/wp-json\/wp\/v2\/product\/41544","targetHints":{"allow":["GET"]}}],"collection":[{"href":"https:\/\/skinstudio.ee\/lt\/wp-json\/wp\/v2\/product"}],"about":[{"href":"https:\/\/skinstudio.ee\/lt\/wp-json\/wp\/v2\/types\/product"}],"version-history":[{"count":0,"href":"https:\/\/skinstudio.ee\/lt\/wp-json\/wp\/v2\/product\/41544\/revisions"}],"wp:featuredmedia":[{"embeddable":true,"href":"https:\/\/skinstudio.ee\/lt\/wp-json\/wp\/v2\/media\/66786"}],"wp:attachment":[{"href":"https:\/\/skinstudio.ee\/lt\/wp-json\/wp\/v2\/media?parent=41544"}],"wp:term":[{"taxonomy":"pwb-brand","embeddable":true,"href":"https:\/\/skinstudio.ee\/lt\/wp-json\/wp\/v2\/pwb-brand?post=41544"},{"taxonomy":"product_brand","embeddable":true,"href":"https:\/\/skinstudio.ee\/lt\/wp-json\/wp\/v2\/product_brand?post=41544"},{"taxonomy":"product_cat","embeddable":true,"href":"https:\/\/skinstudio.ee\/lt\/wp-json\/wp\/v2\/product_cat?post=41544"},{"taxonomy":"product_tag","embeddable":true,"href":"https:\/\/skinstudio.ee\/lt\/wp-json\/wp\/v2\/product_tag?post=41544"},{"taxonomy":"giftcard-category","embeddable":true,"href":"https:\/\/skinstudio.ee\/lt\/wp-json\/wp\/v2\/giftcard-category?post=41544"}],"curies":[{"name":"wp","href":"https:\/\/api.w.org\/{rel}","templated":true}]}}