{"id":41568,"date":"2025-08-05T08:40:53","date_gmt":"2025-08-05T08:40:53","guid":{"rendered":"https:\/\/skinstudio.ee\/?post_type=product&#038;p=41568"},"modified":"2025-12-30T17:05:46","modified_gmt":"2025-12-30T17:05:46","slug":"aqua-soothing-ampoule-pad","status":"publish","type":"product","link":"https:\/\/skinstudio.ee\/lt\/catalog\/real-barrier\/aqua-soothing-ampoule-pad\/","title":{"rendered":"Aqua Soothing Ampoule Pad"},"content":{"rendered":"<p data-start=\"1207\" data-end=\"1500\">Skirtos gaivinti ir nuraminti jautri\u0105 bei sudirgusi\u0105 od\u0105. Real Barrier Aqua Soothing Ampoule Pad suteikia akimirksnin\u012f v\u0117sinimo poj\u016bt\u012f, ma\u017eina paraudim\u0105 ir nie\u017e\u0117jim\u0105 bei padeda atkurti komfort\u0105 po saul\u0117s, v\u0117jo ar kit\u0173 dirgikli\u0173 poveikio. Puikiai tinka naudoti kar\u0161tu oru ar po aktyvios dienos.<\/p>\n<p data-start=\"1502\" data-end=\"1518\"><strong data-start=\"1502\" data-end=\"1512\">T\u016bris:<\/strong>\u202f90\u202fml<\/p>\n","protected":false},"excerpt":{"rendered":"<p data-start=\"432\" data-end=\"480\">Raminan\u010dios ampul\u0117s pagalv\u0117l\u0117s jautriai odai<\/p>\n<h2 data-start=\"482\" data-end=\"714\"><strong data-start=\"482\" data-end=\"532\">Real Barrier Aqua Soothing Ampoule Pad savyb\u0117s<\/strong><\/h2>\n<p data-start=\"482\" data-end=\"714\">\u2714\ufe0f Ramina sudirgusi\u0105 ir jautri\u0105 od\u0105<br data-start=\"570\" data-end=\"573\" \/>\u2714\ufe0f Ma\u017eina paraudim\u0105 ir nie\u017e\u0117jim\u0105<br data-start=\"605\" data-end=\"608\" \/>\u2714\ufe0f Giliai dr\u0117kina ir gaivina<br data-start=\"636\" data-end=\"639\" \/>\u2714\ufe0f Suma\u017eina tempimo poj\u016bt\u012f ir diskomfort\u0105<br data-start=\"680\" data-end=\"683\" \/>\u2714\ufe0f Palieka od\u0105 \u0161velni\u0105 ir lygi\u0105<\/p>\n","protected":false},"featured_media":66781,"template":"","meta":[],"pwb-brand":[714],"product_brand":[],"product_cat":[746,722],"product_tag":[],"giftcard-category":[],"class_list":{"0":"post-41568","1":"product","2":"type-product","3":"status-publish","4":"has-post-thumbnail","6":"pwb-brand-real-barrier","7":"product_cat-jautriai-odai","8":"product_cat-toneriai","10":"first","11":"instock","12":"taxable","13":"shipping-taxable","14":"purchasable","15":"product-type-simple"},"acf":[],"brands":[{"id":714,"name":"Real Barrier","slug":"real-barrier"}],"_links":{"self":[{"href":"https:\/\/skinstudio.ee\/lt\/wp-json\/wp\/v2\/product\/41568","targetHints":{"allow":["GET"]}}],"collection":[{"href":"https:\/\/skinstudio.ee\/lt\/wp-json\/wp\/v2\/product"}],"about":[{"href":"https:\/\/skinstudio.ee\/lt\/wp-json\/wp\/v2\/types\/product"}],"version-history":[{"count":0,"href":"https:\/\/skinstudio.ee\/lt\/wp-json\/wp\/v2\/product\/41568\/revisions"}],"wp:featuredmedia":[{"embeddable":true,"href":"https:\/\/skinstudio.ee\/lt\/wp-json\/wp\/v2\/media\/66781"}],"wp:attachment":[{"href":"https:\/\/skinstudio.ee\/lt\/wp-json\/wp\/v2\/media?parent=41568"}],"wp:term":[{"taxonomy":"pwb-brand","embeddable":true,"href":"https:\/\/skinstudio.ee\/lt\/wp-json\/wp\/v2\/pwb-brand?post=41568"},{"taxonomy":"product_brand","embeddable":true,"href":"https:\/\/skinstudio.ee\/lt\/wp-json\/wp\/v2\/product_brand?post=41568"},{"taxonomy":"product_cat","embeddable":true,"href":"https:\/\/skinstudio.ee\/lt\/wp-json\/wp\/v2\/product_cat?post=41568"},{"taxonomy":"product_tag","embeddable":true,"href":"https:\/\/skinstudio.ee\/lt\/wp-json\/wp\/v2\/product_tag?post=41568"},{"taxonomy":"giftcard-category","embeddable":true,"href":"https:\/\/skinstudio.ee\/lt\/wp-json\/wp\/v2\/giftcard-category?post=41568"}],"curies":[{"name":"wp","href":"https:\/\/api.w.org\/{rel}","templated":true}]}}