{"id":41586,"date":"2025-08-05T08:54:54","date_gmt":"2025-08-05T08:54:54","guid":{"rendered":"https:\/\/skinstudio.ee\/?post_type=product&#038;p=41586"},"modified":"2025-12-30T17:05:46","modified_gmt":"2025-12-30T17:05:46","slug":"aqua-soothing-toner","status":"publish","type":"product","link":"https:\/\/skinstudio.ee\/lt\/catalog\/real-barrier\/aqua-soothing-toner\/","title":{"rendered":"Aqua Soothing Toner"},"content":{"rendered":"<p data-start=\"1690\" data-end=\"1954\">Raminamasis tonikas Real Barrier Aqua Soothing Toner akimirksniu pa\u0161alina odos sausum\u0105 ir tempimo poj\u016bt\u012f, pripildo odos l\u0105steles dr\u0117gm\u0117s ir paruo\u0161ia j\u0105 tolesn\u0117ms prie\u017ei\u016bros priemon\u0117ms. Tonikas ramina, mal\u0161ina nie\u017e\u0117jim\u0105 ir sudirgim\u0105, ma\u017eina paraudimus ir u\u017edegimus.<\/p>\n<p data-start=\"1956\" data-end=\"2104\">Produktas padeda sutvirtinti od\u0105 ir atkurti lipidin\u012f barjer\u0105, apsaugo epidermio pavir\u0161i\u0173 nuo neigiamo aplinkos poveikio ir turi antiseptin\u012f poveik\u012f.<\/p>\n<p data-start=\"2106\" data-end=\"2317\">D\u0117l \u017eemo pH (5.5) tonikas nepa\u017eeid\u017eia odos barjero funkcij\u0173 ir nepa\u017eeid\u017eia jos pavir\u0161iaus. Jis neutralizuoja agresyv\u0173 vandentiekio vandens poveik\u012f, saugo od\u0105 nuo dr\u0117gm\u0117s praradimo ir padeda i\u0161vengti i\u0161saus\u0117jimo.<\/p>\n<p data-start=\"2322\" data-end=\"2343\"><strong data-start=\"2322\" data-end=\"2332\">T\u016bris:<\/strong> <strong data-start=\"2333\" data-end=\"2343\">200 ml<\/strong><\/p>\n","protected":false},"excerpt":{"rendered":"<p data-start=\"2735\" data-end=\"2754\">Raminamasis tonikas<\/p>\n<h2 data-start=\"2756\" data-end=\"3008\"><strong data-start=\"2756\" data-end=\"2800\">Savyb\u0117s Real Barrier Aqua Soothing Toner<\/strong><\/h2>\n<p data-start=\"2756\" data-end=\"3008\">\u2714\ufe0f Akimirksniu dr\u0117kina ir gaivina<br data-start=\"2836\" data-end=\"2839\" \/>\u2714\ufe0f Ma\u017eina paraudim\u0105 ir tempimo poj\u016bt\u012f<br data-start=\"2876\" data-end=\"2879\" \/>\u2714\ufe0f Stiprina odos apsaugin\u012f barjer\u0105<br data-start=\"2913\" data-end=\"2916\" \/>\u2714\ufe0f Tinka jautriai ir dehidratuotai odai<br data-start=\"2955\" data-end=\"2958\" \/>\u2714\ufe0f Lengvos vandeningos tekst\u016bros, greitai \u012fsigeria<\/p>\n","protected":false},"featured_media":41575,"template":"","meta":[],"pwb-brand":[714],"product_brand":[],"product_cat":[746,722],"product_tag":[],"giftcard-category":[],"class_list":{"0":"post-41586","1":"product","2":"type-product","3":"status-publish","4":"has-post-thumbnail","6":"pwb-brand-real-barrier","7":"product_cat-jautriai-odai","8":"product_cat-toneriai","10":"first","11":"instock","12":"taxable","13":"shipping-taxable","14":"purchasable","15":"product-type-simple"},"acf":[],"brands":[{"id":714,"name":"Real Barrier","slug":"real-barrier"}],"_links":{"self":[{"href":"https:\/\/skinstudio.ee\/lt\/wp-json\/wp\/v2\/product\/41586","targetHints":{"allow":["GET"]}}],"collection":[{"href":"https:\/\/skinstudio.ee\/lt\/wp-json\/wp\/v2\/product"}],"about":[{"href":"https:\/\/skinstudio.ee\/lt\/wp-json\/wp\/v2\/types\/product"}],"version-history":[{"count":0,"href":"https:\/\/skinstudio.ee\/lt\/wp-json\/wp\/v2\/product\/41586\/revisions"}],"wp:featuredmedia":[{"embeddable":true,"href":"https:\/\/skinstudio.ee\/lt\/wp-json\/wp\/v2\/media\/41575"}],"wp:attachment":[{"href":"https:\/\/skinstudio.ee\/lt\/wp-json\/wp\/v2\/media?parent=41586"}],"wp:term":[{"taxonomy":"pwb-brand","embeddable":true,"href":"https:\/\/skinstudio.ee\/lt\/wp-json\/wp\/v2\/pwb-brand?post=41586"},{"taxonomy":"product_brand","embeddable":true,"href":"https:\/\/skinstudio.ee\/lt\/wp-json\/wp\/v2\/product_brand?post=41586"},{"taxonomy":"product_cat","embeddable":true,"href":"https:\/\/skinstudio.ee\/lt\/wp-json\/wp\/v2\/product_cat?post=41586"},{"taxonomy":"product_tag","embeddable":true,"href":"https:\/\/skinstudio.ee\/lt\/wp-json\/wp\/v2\/product_tag?post=41586"},{"taxonomy":"giftcard-category","embeddable":true,"href":"https:\/\/skinstudio.ee\/lt\/wp-json\/wp\/v2\/giftcard-category?post=41586"}],"curies":[{"name":"wp","href":"https:\/\/api.w.org\/{rel}","templated":true}]}}