{"id":41604,"date":"2025-08-05T09:05:53","date_gmt":"2025-08-05T09:05:53","guid":{"rendered":"https:\/\/skinstudio.ee\/?post_type=product&#038;p=41604"},"modified":"2025-12-30T17:05:46","modified_gmt":"2025-12-30T17:05:46","slug":"aqua-soothing-ampoule-mask","status":"publish","type":"product","link":"https:\/\/skinstudio.ee\/lt\/catalog\/real-barrier\/aqua-soothing-ampoule-mask\/","title":{"rendered":"Aqua Soothing Ampoule Mask"},"content":{"rendered":"<p data-start=\"1487\" data-end=\"1736\">Raminamoji ampulin\u0117 lak\u0161tin\u0117 kauk\u0117 <strong data-start=\"1522\" data-end=\"1565\">Real Barrier Aqua Soothing Ampoule Mask<\/strong> su specialiu antiseptiniu kompleksu ir 5 r\u016b\u0161i\u0173 hialurono r\u016bg\u0161timis. Kauk\u0117 greitai pa\u0161alina sausum\u0105 ir \u0161erpetojim\u0105, ma\u017eina dirginim\u0105 ir nie\u017e\u0117jim\u0105, intensyviai dr\u0117kina od\u0105.<\/p>\n<p data-start=\"1738\" data-end=\"1921\">Lak\u0161tas gausiai prisotintas ampul\u0117s esencijos, kuri giliai \u012fsiskverbia \u012f epiderm\u012f, atkuria dr\u0117gm\u0117s balans\u0105 ir pa\u0161alina tempimo poj\u016bt\u012f. Kauk\u0117 padeda i\u0161laikyti ilgalaik\u012f odos dr\u0117kinim\u0105.<\/p>\n<p data-start=\"1923\" data-end=\"2116\">Kauk\u0117s pagrindas pagamintas i\u0161 aktyvintos anglies, kuri normalizuoja riebal\u0173 ir vandens balans\u0105, stiprina odos apsaugin\u0119 funkcij\u0105. D\u0117l didelio sugeriamumo sustiprina aktyvi\u0173j\u0173 med\u017eiag\u0173 poveik\u012f.<\/p>\n<p data-start=\"2118\" data-end=\"2207\">Kauk\u0117 stipriai ramina, ma\u017eina nie\u017e\u0117jim\u0105, paraudim\u0105 ir sudirgim\u0105, skatina u\u017edegim\u0173 gijim\u0105.<\/p>\n<p data-start=\"2212\" data-end=\"2232\"><strong data-start=\"2212\" data-end=\"2222\">T\u016bris:<\/strong> <strong data-start=\"2223\" data-end=\"2232\">28 ml<\/strong><\/p>\n","protected":false},"excerpt":{"rendered":"<p data-start=\"2391\" data-end=\"2425\">Raminamoji ampulin\u0117 lak\u0161tin\u0117 kauk\u0117<\/p>\n<h2 data-start=\"2427\" data-end=\"2690\"><strong data-start=\"2427\" data-end=\"2478\">Real Barrier Aqua Soothing Ampoule Mask savyb\u0117s<\/strong><\/h2>\n<p data-start=\"2427\" data-end=\"2690\">\u2714\ufe0f Intensyviai dr\u0117kina ir pa\u0161alina sausum\u0105<br data-start=\"2523\" data-end=\"2526\" \/>\u2714\ufe0f Greitai nuramina sudirgim\u0105 ir paraudim\u0105<br data-start=\"2568\" data-end=\"2571\" \/>\u2714\ufe0f Ramina jautri\u0105 od\u0105<br data-start=\"2592\" data-end=\"2595\" \/>\u2714\ufe0f Suteikia v\u0117sinant\u012f ir gaivinant\u012f poj\u016bt\u012f<br data-start=\"2637\" data-end=\"2640\" \/>\u2714\ufe0f Palaiko sveik\u0105 pH lyg\u012f ir stiprina odos barjer\u0105<\/p>\n","protected":false},"featured_media":41594,"template":"","meta":[],"pwb-brand":[714],"product_brand":[],"product_cat":[746,726,740],"product_tag":[],"giftcard-category":[],"class_list":{"0":"post-41604","1":"product","2":"type-product","3":"status-publish","4":"has-post-thumbnail","6":"pwb-brand-real-barrier","7":"product_cat-jautriai-odai","8":"product_cat-maskas-lt","9":"product_cat-sausai-odai","11":"first","12":"instock","13":"taxable","14":"shipping-taxable","15":"purchasable","16":"product-type-simple"},"acf":[],"brands":[{"id":714,"name":"Real Barrier","slug":"real-barrier"}],"_links":{"self":[{"href":"https:\/\/skinstudio.ee\/lt\/wp-json\/wp\/v2\/product\/41604","targetHints":{"allow":["GET"]}}],"collection":[{"href":"https:\/\/skinstudio.ee\/lt\/wp-json\/wp\/v2\/product"}],"about":[{"href":"https:\/\/skinstudio.ee\/lt\/wp-json\/wp\/v2\/types\/product"}],"version-history":[{"count":0,"href":"https:\/\/skinstudio.ee\/lt\/wp-json\/wp\/v2\/product\/41604\/revisions"}],"wp:featuredmedia":[{"embeddable":true,"href":"https:\/\/skinstudio.ee\/lt\/wp-json\/wp\/v2\/media\/41594"}],"wp:attachment":[{"href":"https:\/\/skinstudio.ee\/lt\/wp-json\/wp\/v2\/media?parent=41604"}],"wp:term":[{"taxonomy":"pwb-brand","embeddable":true,"href":"https:\/\/skinstudio.ee\/lt\/wp-json\/wp\/v2\/pwb-brand?post=41604"},{"taxonomy":"product_brand","embeddable":true,"href":"https:\/\/skinstudio.ee\/lt\/wp-json\/wp\/v2\/product_brand?post=41604"},{"taxonomy":"product_cat","embeddable":true,"href":"https:\/\/skinstudio.ee\/lt\/wp-json\/wp\/v2\/product_cat?post=41604"},{"taxonomy":"product_tag","embeddable":true,"href":"https:\/\/skinstudio.ee\/lt\/wp-json\/wp\/v2\/product_tag?post=41604"},{"taxonomy":"giftcard-category","embeddable":true,"href":"https:\/\/skinstudio.ee\/lt\/wp-json\/wp\/v2\/giftcard-category?post=41604"}],"curies":[{"name":"wp","href":"https:\/\/api.w.org\/{rel}","templated":true}]}}