{"id":41630,"date":"2025-08-05T09:59:28","date_gmt":"2025-08-05T09:59:28","guid":{"rendered":"https:\/\/skinstudio.ee\/?post_type=product&#038;p=41630"},"modified":"2025-12-30T17:05:46","modified_gmt":"2025-12-30T17:05:46","slug":"intense-moisture-hyaluronic-cream","status":"publish","type":"product","link":"https:\/\/skinstudio.ee\/lt\/catalog\/real-barrier\/intense-moisture-hyaluronic-cream\/","title":{"rendered":"Intense Moisture Hyaluronic Cream"},"content":{"rendered":"<p data-start=\"1434\" data-end=\"1734\"><strong data-start=\"1434\" data-end=\"1484\">Real Barrier Intense Moisture Hyaluronic Cream<\/strong> \u2013 tai intensyviai dr\u0117kinantis kremas su 5 r\u016b\u0161i\u0173 hialurono r\u016bg\u0161timis, sukurtas tam, kad atkurt\u0173 odos dr\u0117gm\u0117s balans\u0105 ir ilg\u0105 laik\u0105 i\u0161laikyt\u0173 optimal\u0173 dr\u0117kinim\u0105. Puikiai tinka sausai, dehidratuotai ir jautriai odai, linkusiai \u012f tempim\u0105 ir \u0161erpetojim\u0105.<\/p>\n<p data-start=\"1736\" data-end=\"1951\">Kremas stiprina odos apsaugin\u012f barjer\u0105, saugo nuo neigiamo aplinkos poveikio ir apsaugo nuo dr\u0117gm\u0117s netekimo. Lengva, bet maitinanti tekst\u016bra greitai \u012fsigeria, oda tampa lygi, \u0161velni ir elastinga, jos neapsunkinant.<\/p>\n<p data-start=\"1953\" data-end=\"2081\">Kremo formul\u0117 ramina sudirgimus, \u0161alina sausumo poj\u016bt\u012f ir pagerina odos tonus\u0105, palaikydama jos sveikat\u0105 ir komfort\u0105 vis\u0105 dien\u0105.<\/p>\n<p data-start=\"2086\" data-end=\"2106\"><strong data-start=\"2086\" data-end=\"2096\">T\u016bris:<\/strong> <strong data-start=\"2097\" data-end=\"2106\">60 ml<\/strong><\/p>\n","protected":false},"excerpt":{"rendered":"<p data-start=\"2308\" data-end=\"2349\">Dr\u0117kinamasis kremas su hialurono r\u016bg\u0161timi<\/p>\n<h2 data-start=\"2351\" data-end=\"2642\"><strong data-start=\"2351\" data-end=\"2409\">Real Barrier Intense Moisture Hyaluronic Cream savyb\u0117s<\/strong><\/h2>\n<p data-start=\"2351\" data-end=\"2642\">\u2714\ufe0f Intensyviai ir giliai dr\u0117kina od\u0105<br data-start=\"2448\" data-end=\"2451\" \/>\u2714\ufe0f Stiprina odos barjer\u0105 ir saugo nuo dr\u0117gm\u0117s netekimo<br data-start=\"2505\" data-end=\"2508\" \/>\u2714\ufe0f Mink\u0161tina ir glotnina saus\u0105, jautri\u0105 od\u0105<br data-start=\"2551\" data-end=\"2554\" \/>\u2714\ufe0f Ma\u017eina tempimo poj\u016bt\u012f<br data-start=\"2578\" data-end=\"2581\" \/>\u2714\ufe0f Lengvos tekst\u016bros, greitai \u012fsigeria ir nepalieka lipnumo<\/p>\n","protected":false},"featured_media":66776,"template":"","meta":[],"pwb-brand":[714],"product_brand":[],"product_cat":[738,746,740,750],"product_tag":[],"giftcard-category":[],"class_list":{"0":"post-41630","1":"product","2":"type-product","3":"status-publish","4":"has-post-thumbnail","6":"pwb-brand-real-barrier","7":"product_cat-drekinimas","8":"product_cat-jautriai-odai","9":"product_cat-sausai-odai","10":"product_cat-senstanti-oda","12":"first","13":"instock","14":"taxable","15":"shipping-taxable","16":"purchasable","17":"product-type-simple"},"acf":[],"brands":[{"id":714,"name":"Real Barrier","slug":"real-barrier"}],"_links":{"self":[{"href":"https:\/\/skinstudio.ee\/lt\/wp-json\/wp\/v2\/product\/41630","targetHints":{"allow":["GET"]}}],"collection":[{"href":"https:\/\/skinstudio.ee\/lt\/wp-json\/wp\/v2\/product"}],"about":[{"href":"https:\/\/skinstudio.ee\/lt\/wp-json\/wp\/v2\/types\/product"}],"version-history":[{"count":0,"href":"https:\/\/skinstudio.ee\/lt\/wp-json\/wp\/v2\/product\/41630\/revisions"}],"wp:featuredmedia":[{"embeddable":true,"href":"https:\/\/skinstudio.ee\/lt\/wp-json\/wp\/v2\/media\/66776"}],"wp:attachment":[{"href":"https:\/\/skinstudio.ee\/lt\/wp-json\/wp\/v2\/media?parent=41630"}],"wp:term":[{"taxonomy":"pwb-brand","embeddable":true,"href":"https:\/\/skinstudio.ee\/lt\/wp-json\/wp\/v2\/pwb-brand?post=41630"},{"taxonomy":"product_brand","embeddable":true,"href":"https:\/\/skinstudio.ee\/lt\/wp-json\/wp\/v2\/product_brand?post=41630"},{"taxonomy":"product_cat","embeddable":true,"href":"https:\/\/skinstudio.ee\/lt\/wp-json\/wp\/v2\/product_cat?post=41630"},{"taxonomy":"product_tag","embeddable":true,"href":"https:\/\/skinstudio.ee\/lt\/wp-json\/wp\/v2\/product_tag?post=41630"},{"taxonomy":"giftcard-category","embeddable":true,"href":"https:\/\/skinstudio.ee\/lt\/wp-json\/wp\/v2\/giftcard-category?post=41630"}],"curies":[{"name":"wp","href":"https:\/\/api.w.org\/{rel}","templated":true}]}}