{"id":41649,"date":"2025-08-05T10:09:46","date_gmt":"2025-08-05T10:09:46","guid":{"rendered":"https:\/\/skinstudio.ee\/?post_type=product&#038;p=41649"},"modified":"2025-12-30T17:05:46","modified_gmt":"2025-12-30T17:05:46","slug":"intensive-moisture-panthenol-sleeping-pack","status":"publish","type":"product","link":"https:\/\/skinstudio.ee\/lt\/catalog\/real-barrier\/intensive-moisture-panthenol-sleeping-pack\/","title":{"rendered":"Intensive Moisture Panthenol Sleeping Pack"},"content":{"rendered":"<p data-start=\"1847\" data-end=\"2129\"><strong data-start=\"1871\" data-end=\"1928\">Real Barrier Intense Moisture Panthenol Sleeping Pack<\/strong> \u2013 tai kapsulin\u0117 naktin\u0117 kauk\u0117 su 5 % pantenolio, kuri dr\u0117kina, atkuria ir mink\u0161tina od\u0105 miego metu. Pa\u0161alina sausum\u0105 ir pleiskanojim\u0105, papildo dr\u0117gm\u0117s atsargas ir ryte palieka od\u0105 \u0161velni\u0105 ir aksomin\u0119.<\/p>\n<p data-start=\"2131\" data-end=\"2352\">Kauk\u0117 ma\u017eina odos jautrum\u0105, kovoja su sudirgimu ir paraudimu, suteikia komforto ir dr\u0117kinimo poj\u016bt\u012f visai nak\u010diai. Sud\u0117tyje esan\u010dios pantenolio kapsul\u0117s tirpsta ant odos ir perne\u0161a veikli\u0105sias med\u017eiagas giliai \u012f epiderm\u012f.<\/p>\n<p data-start=\"2354\" data-end=\"2468\">Sud\u0117tis praturtinta 3 r\u016b\u0161i\u0173 hialurono r\u016bg\u0161timis, ektoinu, keramidais bei centel\u0117s, fig\u0173 ir ciber\u017eol\u0117s ekstraktais.<\/p>\n<p data-start=\"2473\" data-end=\"2493\"><strong data-start=\"2473\" data-end=\"2483\">T\u016bris:<\/strong> <strong data-start=\"2484\" data-end=\"2493\">70 ml<\/strong><\/p>\n","protected":false},"excerpt":{"rendered":"<p data-start=\"1459\" data-end=\"1500\">Kapsulin\u0117 naktin\u0117 kauk\u0117 su pantenoliu<\/p>\n<h2 data-start=\"1505\" data-end=\"1840\"><strong data-start=\"1505\" data-end=\"1572\">Real Barrier Intensive Moisture Panthenol Sleeping Pack savyb\u0117s<\/strong><\/h2>\n<p data-start=\"1505\" data-end=\"1840\">\u2714\ufe0f Atkuria ir intensyviai dr\u0117kina od\u0105 nakties metu<br data-start=\"1625\" data-end=\"1628\" \/>\u2714\ufe0f Stiprina odos apsaugin\u012f barjer\u0105 ir ma\u017eina jautrum\u0105<br data-start=\"1681\" data-end=\"1684\" \/>\u2714\ufe0f Mink\u0161tina, ramina ir ma\u017eina paraudim\u0105<br data-start=\"1724\" data-end=\"1727\" \/>\u2714\ufe0f Saugo nuo dr\u0117gm\u0117s netekimo ir dehidratacijos<br data-start=\"1774\" data-end=\"1777\" \/>\u2714\ufe0f Lengvos tekst\u016bros, nepalieka riebios ar lipnios odos poj\u016b\u010dio<\/p>\n","protected":false},"featured_media":66771,"template":"","meta":[],"pwb-brand":[714],"product_brand":[],"product_cat":[726,750],"product_tag":[],"giftcard-category":[],"class_list":{"0":"post-41649","1":"product","2":"type-product","3":"status-publish","4":"has-post-thumbnail","6":"pwb-brand-real-barrier","7":"product_cat-maskas-lt","8":"product_cat-senstanti-oda","10":"first","11":"instock","12":"taxable","13":"shipping-taxable","14":"purchasable","15":"product-type-simple"},"acf":[],"brands":[{"id":714,"name":"Real Barrier","slug":"real-barrier"}],"_links":{"self":[{"href":"https:\/\/skinstudio.ee\/lt\/wp-json\/wp\/v2\/product\/41649","targetHints":{"allow":["GET"]}}],"collection":[{"href":"https:\/\/skinstudio.ee\/lt\/wp-json\/wp\/v2\/product"}],"about":[{"href":"https:\/\/skinstudio.ee\/lt\/wp-json\/wp\/v2\/types\/product"}],"version-history":[{"count":0,"href":"https:\/\/skinstudio.ee\/lt\/wp-json\/wp\/v2\/product\/41649\/revisions"}],"wp:featuredmedia":[{"embeddable":true,"href":"https:\/\/skinstudio.ee\/lt\/wp-json\/wp\/v2\/media\/66771"}],"wp:attachment":[{"href":"https:\/\/skinstudio.ee\/lt\/wp-json\/wp\/v2\/media?parent=41649"}],"wp:term":[{"taxonomy":"pwb-brand","embeddable":true,"href":"https:\/\/skinstudio.ee\/lt\/wp-json\/wp\/v2\/pwb-brand?post=41649"},{"taxonomy":"product_brand","embeddable":true,"href":"https:\/\/skinstudio.ee\/lt\/wp-json\/wp\/v2\/product_brand?post=41649"},{"taxonomy":"product_cat","embeddable":true,"href":"https:\/\/skinstudio.ee\/lt\/wp-json\/wp\/v2\/product_cat?post=41649"},{"taxonomy":"product_tag","embeddable":true,"href":"https:\/\/skinstudio.ee\/lt\/wp-json\/wp\/v2\/product_tag?post=41649"},{"taxonomy":"giftcard-category","embeddable":true,"href":"https:\/\/skinstudio.ee\/lt\/wp-json\/wp\/v2\/giftcard-category?post=41649"}],"curies":[{"name":"wp","href":"https:\/\/api.w.org\/{rel}","templated":true}]}}