{"id":41673,"date":"2025-08-05T10:27:33","date_gmt":"2025-08-05T10:27:33","guid":{"rendered":"https:\/\/skinstudio.ee\/?post_type=product&#038;p=41673"},"modified":"2025-12-30T17:05:46","modified_gmt":"2025-12-30T17:05:46","slug":"extreme-essence-toner","status":"publish","type":"product","link":"https:\/\/skinstudio.ee\/lt\/catalog\/real-barrier\/extreme-essence-toner\/","title":{"rendered":"Extreme Essence Toner"},"content":{"rendered":"<p data-start=\"1726\" data-end=\"2109\"><strong data-start=\"1750\" data-end=\"1788\">Real Barrier Extreme Essence Toner<\/strong> skirtas normalios, sausos ir dehidratuotos odos intensyviam bei ilgalaikiam dr\u0117kinimui. Gali pakeisti du prie\u017ei\u016bros etapus \u2013 tonik\u0105 ir serum\u0105. Reguliariai naudojant, atkuria odos dr\u0117gm\u0117s balans\u0105, stiprina epidermio apsaugin\u012f barjer\u0105, kuris saugo od\u0105 nuo \u017ealingo aplinkos poveikio, i\u0161laiko dr\u0117gm\u0119 l\u0105stel\u0117se ir ramina od\u0105.<\/p>\n<p data-start=\"2111\" data-end=\"2199\">Sud\u0117tyje yra 5 skirtingos hialurono r\u016bg\u0161ties formos su \u012fvairiomis molekulin\u0117mis mas\u0117mis:<\/p>\n<ul>\n<li data-start=\"2111\" data-end=\"2199\">Sodium Hyaluronate Crosspolymer<\/li>\n<li data-start=\"2111\" data-end=\"2199\">Hydrolyzed Glycosaminoglycans<\/li>\n<li data-start=\"2111\" data-end=\"2199\">Sodium Hyaluronate<\/li>\n<li data-start=\"2111\" data-end=\"2199\">Hydrolyzed Hyaluronic Acid<\/li>\n<li data-start=\"2111\" data-end=\"2199\">Hyaluronic Acid<\/li>\n<\/ul>\n<p data-start=\"2346\" data-end=\"2548\">\u0160is kompleksas sukuria nematom\u0105 barjer\u0105, kuris apsaugo nuo dr\u0117gm\u0117s praradimo, pagerina odos tekst\u016br\u0105, skatina epidermio regeneracij\u0105, suma\u017eina smulkias rauk\u0161leles ir suteikia odai glotnumo bei \u0161velnumo.<\/p>\n<p data-start=\"2553\" data-end=\"2574\"><strong data-start=\"2553\" data-end=\"2563\">T\u016bris:<\/strong> <strong data-start=\"2564\" data-end=\"2574\">200 ml<\/strong><\/p>\n","protected":false},"excerpt":{"rendered":"<p data-start=\"1438\" data-end=\"1487\">Esencinis tonikas intensyviam odos atstatymui<\/p>\n<h2 data-start=\"1492\" data-end=\"1719\"><strong data-start=\"1492\" data-end=\"1538\">Real Barrier Extreme Essence Toner savyb\u0117s<\/strong><\/h2>\n<p data-start=\"1492\" data-end=\"1719\">\u2714\ufe0f Intensyviai dr\u0117kina ir maitina od\u0105<br data-start=\"1578\" data-end=\"1581\" \/>\u2714\ufe0f Stiprina apsaugin\u012f odos barjer\u0105 ir ma\u017eina jautrum\u0105<br data-start=\"1634\" data-end=\"1637\" \/>\u2714\ufe0f Mink\u0161tina, ma\u017eina sausum\u0105 ir tempim\u0105<br data-start=\"1676\" data-end=\"1679\" \/>\u2714\ufe0f Ramina sudirgusi\u0105 ir pavargusi\u0105 od\u0105<\/p>\n","protected":false},"featured_media":66766,"template":"","meta":[],"pwb-brand":[714],"product_brand":[],"product_cat":[738,746],"product_tag":[],"giftcard-category":[],"class_list":{"0":"post-41673","1":"product","2":"type-product","3":"status-publish","4":"has-post-thumbnail","6":"pwb-brand-real-barrier","7":"product_cat-drekinimas","8":"product_cat-jautriai-odai","10":"first","11":"instock","12":"taxable","13":"shipping-taxable","14":"purchasable","15":"product-type-simple"},"acf":[],"brands":[{"id":714,"name":"Real Barrier","slug":"real-barrier"}],"_links":{"self":[{"href":"https:\/\/skinstudio.ee\/lt\/wp-json\/wp\/v2\/product\/41673","targetHints":{"allow":["GET"]}}],"collection":[{"href":"https:\/\/skinstudio.ee\/lt\/wp-json\/wp\/v2\/product"}],"about":[{"href":"https:\/\/skinstudio.ee\/lt\/wp-json\/wp\/v2\/types\/product"}],"version-history":[{"count":0,"href":"https:\/\/skinstudio.ee\/lt\/wp-json\/wp\/v2\/product\/41673\/revisions"}],"wp:featuredmedia":[{"embeddable":true,"href":"https:\/\/skinstudio.ee\/lt\/wp-json\/wp\/v2\/media\/66766"}],"wp:attachment":[{"href":"https:\/\/skinstudio.ee\/lt\/wp-json\/wp\/v2\/media?parent=41673"}],"wp:term":[{"taxonomy":"pwb-brand","embeddable":true,"href":"https:\/\/skinstudio.ee\/lt\/wp-json\/wp\/v2\/pwb-brand?post=41673"},{"taxonomy":"product_brand","embeddable":true,"href":"https:\/\/skinstudio.ee\/lt\/wp-json\/wp\/v2\/product_brand?post=41673"},{"taxonomy":"product_cat","embeddable":true,"href":"https:\/\/skinstudio.ee\/lt\/wp-json\/wp\/v2\/product_cat?post=41673"},{"taxonomy":"product_tag","embeddable":true,"href":"https:\/\/skinstudio.ee\/lt\/wp-json\/wp\/v2\/product_tag?post=41673"},{"taxonomy":"giftcard-category","embeddable":true,"href":"https:\/\/skinstudio.ee\/lt\/wp-json\/wp\/v2\/giftcard-category?post=41673"}],"curies":[{"name":"wp","href":"https:\/\/api.w.org\/{rel}","templated":true}]}}