{"id":41691,"date":"2025-08-05T10:34:49","date_gmt":"2025-08-05T10:34:49","guid":{"rendered":"https:\/\/skinstudio.ee\/?post_type=product&#038;p=41691"},"modified":"2025-12-30T17:05:46","modified_gmt":"2025-12-30T17:05:46","slug":"extreme-cream-tube","status":"publish","type":"product","link":"https:\/\/skinstudio.ee\/lt\/catalog\/real-barrier\/extreme-cream-tube\/","title":{"rendered":"Extreme Cream Tube"},"content":{"rendered":"<p data-start=\"1520\" data-end=\"1734\"><strong data-start=\"1544\" data-end=\"1574\">Real Barrier Extreme Cream<\/strong> sukurtas siekiant atkurti odos hidro-lipidin\u012f sluoksn\u012f, sustiprinti jos apsaugines funkcijas, intensyviai dr\u0117kinti ir maitinti bei pagerinti odos mikroreljef\u0105.<\/p>\n<p data-start=\"1736\" data-end=\"1935\">Tinka sudirgusiai, papilk\u0117jusiai ir dehidratuotai odai, kuriai reikalinga intensyvi prie\u017ei\u016bra ir regeneracija. Ypa\u010d veiksmingas odos atsigavimo laikotarpiu po giluminio valymo ar r\u016bg\u0161tini\u0173 proced\u016br\u0173.<\/p>\n<p data-start=\"1940\" data-end=\"1960\"><strong data-start=\"1940\" data-end=\"1950\">T\u016bris:<\/strong> <strong data-start=\"1951\" data-end=\"1960\">50 ml<\/strong><\/p>\n","protected":false},"excerpt":{"rendered":"<p data-start=\"1155\" data-end=\"1204\">Intensyvus kremas odos apsaugai ir atstatymui<\/p>\n<h2 data-start=\"1209\" data-end=\"1513\"><strong data-start=\"1209\" data-end=\"1252\">Real Barrier Extreme Cream Tube savyb\u0117s<\/strong><\/h2>\n<p data-start=\"1209\" data-end=\"1513\">\u2714\ufe0f Stiprina odos apsaugin\u012f barjer\u0105 ir saugo nuo aplinkos poveikio<br data-start=\"1320\" data-end=\"1323\" \/>\u2714\ufe0f Giliai maitina ir mink\u0161tina saus\u0105, dehidratuot\u0105 od\u0105<br data-start=\"1377\" data-end=\"1380\" \/>\u2714\ufe0f Ramina sudirgimus ir padeda i\u0161vengti u\u017edegim\u0173<br data-start=\"1428\" data-end=\"1431\" \/>\u2714\ufe0f U\u017etikrina ilgalaik\u012f dr\u0117kinim\u0105<br data-start=\"1463\" data-end=\"1466\" \/>\u2714\ufe0f Tinka jautriai ir \u012f atopij\u0105 linkusiai odai<\/p>\n","protected":false},"featured_media":66761,"template":"","meta":[],"pwb-brand":[714],"product_brand":[],"product_cat":[738,746,740],"product_tag":[],"giftcard-category":[],"class_list":{"0":"post-41691","1":"product","2":"type-product","3":"status-publish","4":"has-post-thumbnail","6":"pwb-brand-real-barrier","7":"product_cat-drekinimas","8":"product_cat-jautriai-odai","9":"product_cat-sausai-odai","11":"first","12":"instock","13":"taxable","14":"shipping-taxable","15":"purchasable","16":"product-type-simple"},"acf":[],"brands":[{"id":714,"name":"Real Barrier","slug":"real-barrier"}],"_links":{"self":[{"href":"https:\/\/skinstudio.ee\/lt\/wp-json\/wp\/v2\/product\/41691","targetHints":{"allow":["GET"]}}],"collection":[{"href":"https:\/\/skinstudio.ee\/lt\/wp-json\/wp\/v2\/product"}],"about":[{"href":"https:\/\/skinstudio.ee\/lt\/wp-json\/wp\/v2\/types\/product"}],"version-history":[{"count":0,"href":"https:\/\/skinstudio.ee\/lt\/wp-json\/wp\/v2\/product\/41691\/revisions"}],"wp:featuredmedia":[{"embeddable":true,"href":"https:\/\/skinstudio.ee\/lt\/wp-json\/wp\/v2\/media\/66761"}],"wp:attachment":[{"href":"https:\/\/skinstudio.ee\/lt\/wp-json\/wp\/v2\/media?parent=41691"}],"wp:term":[{"taxonomy":"pwb-brand","embeddable":true,"href":"https:\/\/skinstudio.ee\/lt\/wp-json\/wp\/v2\/pwb-brand?post=41691"},{"taxonomy":"product_brand","embeddable":true,"href":"https:\/\/skinstudio.ee\/lt\/wp-json\/wp\/v2\/product_brand?post=41691"},{"taxonomy":"product_cat","embeddable":true,"href":"https:\/\/skinstudio.ee\/lt\/wp-json\/wp\/v2\/product_cat?post=41691"},{"taxonomy":"product_tag","embeddable":true,"href":"https:\/\/skinstudio.ee\/lt\/wp-json\/wp\/v2\/product_tag?post=41691"},{"taxonomy":"giftcard-category","embeddable":true,"href":"https:\/\/skinstudio.ee\/lt\/wp-json\/wp\/v2\/giftcard-category?post=41691"}],"curies":[{"name":"wp","href":"https:\/\/api.w.org\/{rel}","templated":true}]}}