{"id":41710,"date":"2025-08-05T10:45:46","date_gmt":"2025-08-05T10:45:46","guid":{"rendered":"https:\/\/skinstudio.ee\/?post_type=product&#038;p=41710"},"modified":"2025-12-30T17:05:46","modified_gmt":"2025-12-30T17:05:46","slug":"extreme-cream-mask","status":"publish","type":"product","link":"https:\/\/skinstudio.ee\/lt\/catalog\/real-barrier\/extreme-cream-mask\/","title":{"rendered":"Extreme Cream Mask"},"content":{"rendered":"<p data-start=\"1947\" data-end=\"2244\"><strong data-start=\"1971\" data-end=\"2006\">Real Barrier Extreme Cream Mask<\/strong> \u2013 tai intensyvi atkuriamoji lak\u0161tin\u0117 kauk\u0117 su keramidais, skirta sausos, pa\u017eeistos ir jautrios odos prie\u017ei\u016brai. Ji tvirtai priglunda prie veido, u\u017etikrindama ilgalaik\u012f kontakt\u0105 ir aktyvi\u0173j\u0173 med\u017eiag\u0173 \u012fsig\u0117rim\u0105 \u012f gilesnius odos sluoksnius.<\/p>\n<p data-start=\"2246\" data-end=\"2406\">Kauk\u0117s sud\u0117tyje esantis keramid\u0173 kompleksas stiprina nat\u016bral\u0173 odos barjer\u0105, didina atsparum\u0105 aplinkos poveikiui ir saugo nuo transepiderminio dr\u0117gm\u0117s praradimo.<\/p>\n<p data-start=\"2408\" data-end=\"2522\">Kauk\u0117 intensyviai maitina, mink\u0161tina od\u0105, padeda atkurti pa\u017eeistas vietas, pagerina odos tekst\u016br\u0105 ir bendr\u0105 b\u016bkl\u0119.<\/p>\n<p data-start=\"2524\" data-end=\"2740\">D\u0117l raminan\u010di\u0173 komponent\u0173 ji veiksmingai ma\u017eina nie\u017e\u0117jim\u0105, sudirgim\u0105 ir paraudim\u0105, gr\u0105\u017eina odai komforto ir \u0161velnumo poj\u016bt\u012f. Puikiai tinka naudoti po kosmetini\u0173 proced\u016br\u0173 arba padid\u0117jusio odos jautrumo laikotarpiais.<\/p>\n<p data-start=\"2745\" data-end=\"2767\"><strong data-start=\"2745\" data-end=\"2755\">T\u016bris:<\/strong> <strong data-start=\"2756\" data-end=\"2767\">1 kauk\u0117<\/strong><\/p>\n","protected":false},"excerpt":{"rendered":"<p data-start=\"1633\" data-end=\"1685\">Atkuriamoji lak\u0161tin\u0117 kauk\u0117 su keramidu kompleksu<\/p>\n<h2 data-start=\"1690\" data-end=\"1940\"><strong data-start=\"1690\" data-end=\"1733\">Real Barrier Extreme Cream Mask savyb\u0117s<\/strong><\/h2>\n<p data-start=\"1690\" data-end=\"1940\">\u2714\ufe0f Stiprina odos apsaugin\u012f barjer\u0105<br data-start=\"1770\" data-end=\"1773\" \/>\u2714\ufe0f Intensyviai maitina ir dr\u0117kina<br data-start=\"1806\" data-end=\"1809\" \/>\u2714\ufe0f Mink\u0161tina ir atkuria pa\u017eeist\u0105 od\u0105<br data-start=\"1845\" data-end=\"1848\" \/>\u2714\ufe0f Ramina nie\u017e\u0117jim\u0105, sudirgim\u0105 ir paraudim\u0105<br data-start=\"1891\" data-end=\"1894\" \/>\u2714\ufe0f Padeda kovoti su sausumu ir pleiskanojimu<\/p>\n","protected":false},"featured_media":41701,"template":"","meta":[],"pwb-brand":[714],"product_brand":[],"product_cat":[726],"product_tag":[],"giftcard-category":[],"class_list":{"0":"post-41710","1":"product","2":"type-product","3":"status-publish","4":"has-post-thumbnail","6":"pwb-brand-real-barrier","7":"product_cat-maskas-lt","9":"first","10":"instock","11":"taxable","12":"shipping-taxable","13":"purchasable","14":"product-type-simple"},"acf":[],"brands":[{"id":714,"name":"Real Barrier","slug":"real-barrier"}],"_links":{"self":[{"href":"https:\/\/skinstudio.ee\/lt\/wp-json\/wp\/v2\/product\/41710","targetHints":{"allow":["GET"]}}],"collection":[{"href":"https:\/\/skinstudio.ee\/lt\/wp-json\/wp\/v2\/product"}],"about":[{"href":"https:\/\/skinstudio.ee\/lt\/wp-json\/wp\/v2\/types\/product"}],"version-history":[{"count":0,"href":"https:\/\/skinstudio.ee\/lt\/wp-json\/wp\/v2\/product\/41710\/revisions"}],"wp:featuredmedia":[{"embeddable":true,"href":"https:\/\/skinstudio.ee\/lt\/wp-json\/wp\/v2\/media\/41701"}],"wp:attachment":[{"href":"https:\/\/skinstudio.ee\/lt\/wp-json\/wp\/v2\/media?parent=41710"}],"wp:term":[{"taxonomy":"pwb-brand","embeddable":true,"href":"https:\/\/skinstudio.ee\/lt\/wp-json\/wp\/v2\/pwb-brand?post=41710"},{"taxonomy":"product_brand","embeddable":true,"href":"https:\/\/skinstudio.ee\/lt\/wp-json\/wp\/v2\/product_brand?post=41710"},{"taxonomy":"product_cat","embeddable":true,"href":"https:\/\/skinstudio.ee\/lt\/wp-json\/wp\/v2\/product_cat?post=41710"},{"taxonomy":"product_tag","embeddable":true,"href":"https:\/\/skinstudio.ee\/lt\/wp-json\/wp\/v2\/product_tag?post=41710"},{"taxonomy":"giftcard-category","embeddable":true,"href":"https:\/\/skinstudio.ee\/lt\/wp-json\/wp\/v2\/giftcard-category?post=41710"}],"curies":[{"name":"wp","href":"https:\/\/api.w.org\/{rel}","templated":true}]}}