{"id":41732,"date":"2025-08-05T12:06:36","date_gmt":"2025-08-05T12:06:36","guid":{"rendered":"https:\/\/skinstudio.ee\/?post_type=product&#038;p=41732"},"modified":"2025-12-30T17:05:46","modified_gmt":"2025-12-30T17:05:46","slug":"extreme-cream-light","status":"publish","type":"product","link":"https:\/\/skinstudio.ee\/lt\/catalog\/real-barrier\/extreme-cream-light\/","title":{"rendered":"Extreme Cream Light"},"content":{"rendered":"<p data-start=\"1625\" data-end=\"1913\">Atraskite intensyv\u0173 dr\u0117kinim\u0105 ir odos barjero apsaug\u0105 su <strong data-start=\"1706\" data-end=\"1742\">Real Barrier Extreme Cream Light<\/strong>. \u0160i lengva, nelipni formul\u0117 su 7 sluoksni\u0173 hialurono r\u016bg\u0161\u010di\u0173 kompleksu giliai \u012fsiskverbia \u012f visus odos sluoksnius ir suteikia ilgalaik\u012f komfort\u0105 net ir labai sausai odai.<\/p>\n<p data-start=\"1915\" data-end=\"2228\">D\u0117l patentuotos MLE\u00ae technologijos ir stipraus 5-Cera komplekso kremas stiprina nat\u016bral\u0173 odos apsaugin\u012f barjer\u0105, saugo nuo dr\u0117gm\u0117s netekimo ir i\u0161orini\u0173 dirgikli\u0173. Raminan\u010dios sudedamosios dalys, tokios kaip madekasosidas ir alantoinas, ma\u017eina sudirgimus ir paraudim\u0105, padeda atkurti tolygi\u0105, sveik\u0105 ir gaivi\u0105 od\u0105.<\/p>\n<p data-start=\"2233\" data-end=\"2253\"><strong data-start=\"2233\" data-end=\"2243\">T\u016bris:<\/strong> <strong data-start=\"2244\" data-end=\"2253\">50 ml<\/strong><\/p>\n","protected":false},"excerpt":{"rendered":"<p data-start=\"1286\" data-end=\"1332\">Lengvos tekst\u016bros kremas giliam dr\u0117kinimui<\/p>\n<h2 data-start=\"1337\" data-end=\"1618\"><strong data-start=\"1337\" data-end=\"1381\">Real Barrier Extreme Cream Light savyb\u0117s<\/strong><\/h2>\n<p data-start=\"1337\" data-end=\"1618\">\u2714\ufe0f U\u017etikrina ilgalaik\u012f dr\u0117kinim\u0105<br data-start=\"1416\" data-end=\"1419\" \/>\u2714\ufe0f Stiprina odos barjer\u0105 ir apsaugo nuo dr\u0117gm\u0117s netekimo<br data-start=\"1475\" data-end=\"1478\" \/>\u2714\ufe0f Ramina sudirgimus ir ma\u017eina paraudim\u0105<br data-start=\"1518\" data-end=\"1521\" \/>\u2714\ufe0f Tinka sausai, jautriai ir dehidratuotai odai<br data-start=\"1568\" data-end=\"1571\" \/>\u2714\ufe0f Lengva, nelipni tekst\u016bra, greitai \u012fsigeria<\/p>\n","protected":false},"featured_media":66755,"template":"","meta":[],"pwb-brand":[714],"product_brand":[],"product_cat":[738,746,740],"product_tag":[],"giftcard-category":[],"class_list":{"0":"post-41732","1":"product","2":"type-product","3":"status-publish","4":"has-post-thumbnail","6":"pwb-brand-real-barrier","7":"product_cat-drekinimas","8":"product_cat-jautriai-odai","9":"product_cat-sausai-odai","11":"first","12":"instock","13":"taxable","14":"shipping-taxable","15":"purchasable","16":"product-type-simple"},"acf":[],"brands":[{"id":714,"name":"Real Barrier","slug":"real-barrier"}],"_links":{"self":[{"href":"https:\/\/skinstudio.ee\/lt\/wp-json\/wp\/v2\/product\/41732","targetHints":{"allow":["GET"]}}],"collection":[{"href":"https:\/\/skinstudio.ee\/lt\/wp-json\/wp\/v2\/product"}],"about":[{"href":"https:\/\/skinstudio.ee\/lt\/wp-json\/wp\/v2\/types\/product"}],"version-history":[{"count":0,"href":"https:\/\/skinstudio.ee\/lt\/wp-json\/wp\/v2\/product\/41732\/revisions"}],"wp:featuredmedia":[{"embeddable":true,"href":"https:\/\/skinstudio.ee\/lt\/wp-json\/wp\/v2\/media\/66755"}],"wp:attachment":[{"href":"https:\/\/skinstudio.ee\/lt\/wp-json\/wp\/v2\/media?parent=41732"}],"wp:term":[{"taxonomy":"pwb-brand","embeddable":true,"href":"https:\/\/skinstudio.ee\/lt\/wp-json\/wp\/v2\/pwb-brand?post=41732"},{"taxonomy":"product_brand","embeddable":true,"href":"https:\/\/skinstudio.ee\/lt\/wp-json\/wp\/v2\/product_brand?post=41732"},{"taxonomy":"product_cat","embeddable":true,"href":"https:\/\/skinstudio.ee\/lt\/wp-json\/wp\/v2\/product_cat?post=41732"},{"taxonomy":"product_tag","embeddable":true,"href":"https:\/\/skinstudio.ee\/lt\/wp-json\/wp\/v2\/product_tag?post=41732"},{"taxonomy":"giftcard-category","embeddable":true,"href":"https:\/\/skinstudio.ee\/lt\/wp-json\/wp\/v2\/giftcard-category?post=41732"}],"curies":[{"name":"wp","href":"https:\/\/api.w.org\/{rel}","templated":true}]}}