{"id":41747,"date":"2025-08-05T12:18:47","date_gmt":"2025-08-05T12:18:47","guid":{"rendered":"https:\/\/skinstudio.ee\/?post_type=product&#038;p=41747"},"modified":"2025-12-30T17:05:47","modified_gmt":"2025-12-30T17:05:47","slug":"extreme-panthenol-toner-pads","status":"publish","type":"product","link":"https:\/\/skinstudio.ee\/lt\/catalog\/real-barrier\/extreme-panthenol-toner-pads\/","title":{"rendered":"Extreme Panthenol Toner Pads"},"content":{"rendered":"<p data-start=\"1722\" data-end=\"1985\"><strong data-start=\"1746\" data-end=\"1791\">Real Barrier Extreme Panthenol Toner Pads<\/strong> greitai mal\u0161ina nie\u017e\u0117jim\u0105 ir sudirgim\u0105, ma\u017eina paraudim\u0105, v\u0117sina od\u0105 ir tolygina jos atspalv\u012f. Diskeliai intensyviai dr\u0117kina, papildo dr\u0117gm\u0117s atsargas, pa\u0161alina pleiskanojim\u0105 ir tempimo poj\u016bt\u012f.<\/p>\n<p data-start=\"1987\" data-end=\"2188\">Pagaminti i\u0161 100% medviln\u0117s, tod\u0117l yra \u0161veln\u016bs net jautriausiai ir atopinei odai.<br data-start=\"2068\" data-end=\"2071\" \/>Sud\u0117tyje yra LHA, PHA, ektoinas, rozmarin\u0173 aliejus ir baobabo s\u0117kl\u0173 aliejus \u2013 \u0161velniam \u0161veitimui ir odos nuraminimui.<\/p>\n<p data-start=\"2193\" data-end=\"2219\"><strong data-start=\"2193\" data-end=\"2203\">T\u016bris:<\/strong> <strong data-start=\"2204\" data-end=\"2219\">80 diskeli\u0173<\/strong><\/p>\n","protected":false},"excerpt":{"rendered":"<p data-start=\"1355\" data-end=\"1402\">Dr\u0117kinamieji toniko diskeliai su pantenoliu<\/p>\n<h2 data-start=\"1407\" data-end=\"1715\"><strong data-start=\"1407\" data-end=\"1460\">Real Barrier Extreme Panthenol Toner Pads savyb\u0117s<\/strong><\/h2>\n<p data-start=\"1407\" data-end=\"1715\">\u2714\ufe0f Dr\u0117kina ir akimirksniu ramina od\u0105<br data-start=\"1499\" data-end=\"1502\" \/>\u2714\ufe0f Ma\u017eina sudirgim\u0105 ir paraudim\u0105<br data-start=\"1534\" data-end=\"1537\" \/>\u2714\ufe0f Stiprina odos apsaugin\u012f barjer\u0105 ir saugo nuo dehidratacijos<br data-start=\"1599\" data-end=\"1602\" \/>\u2714\ufe0f \u0160velniai nu\u0161vei\u010dia ir paruo\u0161ia od\u0105 tolesnei prie\u017ei\u016brai<br data-start=\"1659\" data-end=\"1662\" \/>\u2714\ufe0f Patogus formatas greitai prie\u017ei\u016brai ir kelion\u0117ms<\/p>\n","protected":false},"featured_media":66750,"template":"","meta":[],"pwb-brand":[714],"product_brand":[],"product_cat":[746,750,722],"product_tag":[],"giftcard-category":[],"class_list":{"0":"post-41747","1":"product","2":"type-product","3":"status-publish","4":"has-post-thumbnail","6":"pwb-brand-real-barrier","7":"product_cat-jautriai-odai","8":"product_cat-senstanti-oda","9":"product_cat-toneriai","11":"first","12":"instock","13":"taxable","14":"shipping-taxable","15":"purchasable","16":"product-type-simple"},"acf":[],"brands":[{"id":714,"name":"Real Barrier","slug":"real-barrier"}],"_links":{"self":[{"href":"https:\/\/skinstudio.ee\/lt\/wp-json\/wp\/v2\/product\/41747","targetHints":{"allow":["GET"]}}],"collection":[{"href":"https:\/\/skinstudio.ee\/lt\/wp-json\/wp\/v2\/product"}],"about":[{"href":"https:\/\/skinstudio.ee\/lt\/wp-json\/wp\/v2\/types\/product"}],"version-history":[{"count":0,"href":"https:\/\/skinstudio.ee\/lt\/wp-json\/wp\/v2\/product\/41747\/revisions"}],"wp:featuredmedia":[{"embeddable":true,"href":"https:\/\/skinstudio.ee\/lt\/wp-json\/wp\/v2\/media\/66750"}],"wp:attachment":[{"href":"https:\/\/skinstudio.ee\/lt\/wp-json\/wp\/v2\/media?parent=41747"}],"wp:term":[{"taxonomy":"pwb-brand","embeddable":true,"href":"https:\/\/skinstudio.ee\/lt\/wp-json\/wp\/v2\/pwb-brand?post=41747"},{"taxonomy":"product_brand","embeddable":true,"href":"https:\/\/skinstudio.ee\/lt\/wp-json\/wp\/v2\/product_brand?post=41747"},{"taxonomy":"product_cat","embeddable":true,"href":"https:\/\/skinstudio.ee\/lt\/wp-json\/wp\/v2\/product_cat?post=41747"},{"taxonomy":"product_tag","embeddable":true,"href":"https:\/\/skinstudio.ee\/lt\/wp-json\/wp\/v2\/product_tag?post=41747"},{"taxonomy":"giftcard-category","embeddable":true,"href":"https:\/\/skinstudio.ee\/lt\/wp-json\/wp\/v2\/giftcard-category?post=41747"}],"curies":[{"name":"wp","href":"https:\/\/api.w.org\/{rel}","templated":true}]}}