{"id":41764,"date":"2025-08-05T12:27:31","date_gmt":"2025-08-05T12:27:31","guid":{"rendered":"https:\/\/skinstudio.ee\/?post_type=product&#038;p=41764"},"modified":"2025-12-30T17:05:47","modified_gmt":"2025-12-30T17:05:47","slug":"extreme-panthenol-essence-mist","status":"publish","type":"product","link":"https:\/\/skinstudio.ee\/lt\/catalog\/real-barrier\/extreme-panthenol-essence-mist\/","title":{"rendered":"Extreme Panthenol Essence Mist"},"content":{"rendered":"<p data-start=\"1840\" data-end=\"2173\"><strong data-start=\"1864\" data-end=\"1893\">Real Barrier Essence Mist<\/strong> sud\u0117tyje yra raminan\u010di\u0173, regeneruojan\u010di\u0173 ir apsaugini\u0173 ingredient\u0173 kompleksas, idealiai tinkantis sausai ir jautriai odai. Hialurono r\u016bg\u0161tis u\u017etikrina 24 valandas trunkant\u012f intensyv\u0173 dr\u0117kinim\u0105. Pur\u0161kiklis atkuria nat\u016bral\u0173 odos barjer\u0105 ir paruo\u0161ia j\u0105 kitoms prie\u017ei\u016bros priemon\u0117ms.<\/p>\n<p data-start=\"2175\" data-end=\"2410\">Formul\u0117je naudojama unikali MLE (Multi-Layer Emulsion) technologija \u2013 daugiasluoksn\u0117 emulsija, imituojanti odos tarpl\u0105stelini\u0173 lipid\u0173 strukt\u016br\u0105. Tokia tekst\u016bra neturi analog\u0173 kosmetikos pasaulyje ir pasi\u017eymi puikiu suderinamumu su oda.<\/p>\n<p data-start=\"2412\" data-end=\"2655\">MLE sud\u0117tyje yra pseudokeramid\u0173, riebal\u0173 r\u016bg\u0161\u010di\u0173, cholesterolio ir nat\u016brali\u0173 dr\u0117kinam\u0173j\u0173 med\u017eiag\u0173, kurios kompensuoja tr\u016bkstamus komponentus ir palaiko sveik\u0105 odos strukt\u016br\u0105.<br data-start=\"2586\" data-end=\"2589\" \/>Tinka visiems odos tipams, \u012fskaitant jautri\u0105 ir problemati\u0161k\u0105 od\u0105.<\/p>\n<p data-start=\"2660\" data-end=\"2681\"><strong data-start=\"2660\" data-end=\"2670\">T\u016bris:<\/strong> <strong data-start=\"2671\" data-end=\"2681\">100 ml<\/strong><\/p>\n","protected":false},"excerpt":{"rendered":"<p data-start=\"1496\" data-end=\"1541\">Raminantis veido pur\u0161kiklis su pantenoliu<\/p>\n<h2 data-start=\"1546\" data-end=\"1833\"><strong data-start=\"1546\" data-end=\"1601\">Real Barrier Extreme Panthenol Essence Mist savyb\u0117s<\/strong><\/h2>\n<p data-start=\"1546\" data-end=\"1833\">\u2714\ufe0f Dr\u0117kina ir akimirksniu pa\u0161alina sausum\u0105 bei tempim\u0105<br data-start=\"1658\" data-end=\"1661\" \/>\u2714\ufe0f Ramina sudirgusi\u0105 ir jautri\u0105 od\u0105<br data-start=\"1696\" data-end=\"1699\" \/>\u2714\ufe0f Stiprina odos apsaugin\u012f barjer\u0105 ir apsaugo nuo dehidratacijos<br data-start=\"1763\" data-end=\"1766\" \/>\u2714\ufe0f Gaivina ir atkuria odos balans\u0105<br data-start=\"1800\" data-end=\"1803\" \/>\u2714\ufe0f Tinka naudoti ant makia\u017eo<\/p>\n","protected":false},"featured_media":66745,"template":"","meta":[],"pwb-brand":[714],"product_brand":[],"product_cat":[738,746,722],"product_tag":[],"giftcard-category":[],"class_list":{"0":"post-41764","1":"product","2":"type-product","3":"status-publish","4":"has-post-thumbnail","6":"pwb-brand-real-barrier","7":"product_cat-drekinimas","8":"product_cat-jautriai-odai","9":"product_cat-toneriai","11":"first","12":"instock","13":"taxable","14":"shipping-taxable","15":"purchasable","16":"product-type-simple"},"acf":[],"brands":[{"id":714,"name":"Real Barrier","slug":"real-barrier"}],"_links":{"self":[{"href":"https:\/\/skinstudio.ee\/lt\/wp-json\/wp\/v2\/product\/41764","targetHints":{"allow":["GET"]}}],"collection":[{"href":"https:\/\/skinstudio.ee\/lt\/wp-json\/wp\/v2\/product"}],"about":[{"href":"https:\/\/skinstudio.ee\/lt\/wp-json\/wp\/v2\/types\/product"}],"version-history":[{"count":0,"href":"https:\/\/skinstudio.ee\/lt\/wp-json\/wp\/v2\/product\/41764\/revisions"}],"wp:featuredmedia":[{"embeddable":true,"href":"https:\/\/skinstudio.ee\/lt\/wp-json\/wp\/v2\/media\/66745"}],"wp:attachment":[{"href":"https:\/\/skinstudio.ee\/lt\/wp-json\/wp\/v2\/media?parent=41764"}],"wp:term":[{"taxonomy":"pwb-brand","embeddable":true,"href":"https:\/\/skinstudio.ee\/lt\/wp-json\/wp\/v2\/pwb-brand?post=41764"},{"taxonomy":"product_brand","embeddable":true,"href":"https:\/\/skinstudio.ee\/lt\/wp-json\/wp\/v2\/product_brand?post=41764"},{"taxonomy":"product_cat","embeddable":true,"href":"https:\/\/skinstudio.ee\/lt\/wp-json\/wp\/v2\/product_cat?post=41764"},{"taxonomy":"product_tag","embeddable":true,"href":"https:\/\/skinstudio.ee\/lt\/wp-json\/wp\/v2\/product_tag?post=41764"},{"taxonomy":"giftcard-category","embeddable":true,"href":"https:\/\/skinstudio.ee\/lt\/wp-json\/wp\/v2\/giftcard-category?post=41764"}],"curies":[{"name":"wp","href":"https:\/\/api.w.org\/{rel}","templated":true}]}}