{"id":41780,"date":"2025-08-05T12:40:02","date_gmt":"2025-08-05T12:40:02","guid":{"rendered":"https:\/\/skinstudio.ee\/?post_type=product&#038;p=41780"},"modified":"2025-12-30T17:05:47","modified_gmt":"2025-12-30T17:05:47","slug":"extreme-deep-cleansing-blue-oil","status":"publish","type":"product","link":"https:\/\/skinstudio.ee\/lt\/catalog\/real-barrier\/extreme-deep-cleansing-blue-oil\/","title":{"rendered":"Extreme Deep Cleansing Blue Oil"},"content":{"rendered":"<p data-start=\"1598\" data-end=\"1858\">\u0160velnus ir gaivus <strong data-start=\"1640\" data-end=\"1688\">Real Barrier Extreme Deep Cleansing Blue Oil<\/strong> veiksmingai pa\u0161alina ne\u0161varumus ir kosmetik\u0105 nepalikdamas riebumo poj\u016b\u010dio. Aliejus stiprina susilpn\u0117jus\u012f odos barjer\u0105 ir suteikia \u0161velni\u0105, bet giliai valan\u010di\u0105 prie\u017ei\u016br\u0105.<\/p>\n<p data-start=\"1860\" data-end=\"2069\">Jo strukt\u016bra pana\u0161i \u012f nat\u016bral\u0173 odos sebum\u0105, tod\u0117l jis puikiai pa\u0161alina makia\u017e\u0105 ir ne\u0161varumus i\u0161 por\u0173. Inovatyvi formul\u0117 visi\u0161kai nusiplauna nuo odos, leid\u017eia jai kv\u0117puoti ir suteikia \u0161varos bei gaivumo poj\u016bt\u012f.<\/p>\n<p data-start=\"2074\" data-end=\"2095\"><strong data-start=\"2074\" data-end=\"2084\">T\u016bris:<\/strong> <strong data-start=\"2085\" data-end=\"2095\">200 ml<\/strong><\/p>\n","protected":false},"excerpt":{"rendered":"<p data-start=\"1212\" data-end=\"1259\">Giliai valantis veido aliejus su pantenoliu<\/p>\n<h2 data-start=\"1264\" data-end=\"1591\"><strong data-start=\"1264\" data-end=\"1320\">Real Barrier Extreme Deep Cleansing Blue Oil savyb\u0117s<\/strong><\/h2>\n<p data-start=\"1264\" data-end=\"1591\">\u2714\ufe0f Efektyviai i\u0161tirpina makia\u017e\u0105, sebum\u0105 ir ne\u0161varumus<br data-start=\"1376\" data-end=\"1379\" \/>\u2714\ufe0f Ramina od\u0105 ir padeda i\u0161vengti sudirgim\u0173<br data-start=\"1421\" data-end=\"1424\" \/>\u2714\ufe0f Stiprina odos apsaugin\u012f barjer\u0105 ir saugo nuo i\u0161saus\u0117jimo<br data-start=\"1483\" data-end=\"1486\" \/>\u2714\ufe0f Tinka jautriai ir dehidratuotai odai<br data-start=\"1525\" data-end=\"1528\" \/>\u2714\ufe0f Lengva aliejaus tekst\u016bra, nepaliekanti riebumo ar pl\u0117vel\u0117s<\/p>\n","protected":false},"featured_media":66740,"template":"","meta":[],"pwb-brand":[714],"product_brand":[],"product_cat":[746,718],"product_tag":[],"giftcard-category":[],"class_list":{"0":"post-41780","1":"product","2":"type-product","3":"status-publish","4":"has-post-thumbnail","6":"pwb-brand-real-barrier","7":"product_cat-jautriai-odai","8":"product_cat-valymas","10":"first","11":"instock","12":"taxable","13":"shipping-taxable","14":"purchasable","15":"product-type-simple"},"acf":[],"brands":[{"id":714,"name":"Real Barrier","slug":"real-barrier"}],"_links":{"self":[{"href":"https:\/\/skinstudio.ee\/lt\/wp-json\/wp\/v2\/product\/41780","targetHints":{"allow":["GET"]}}],"collection":[{"href":"https:\/\/skinstudio.ee\/lt\/wp-json\/wp\/v2\/product"}],"about":[{"href":"https:\/\/skinstudio.ee\/lt\/wp-json\/wp\/v2\/types\/product"}],"version-history":[{"count":0,"href":"https:\/\/skinstudio.ee\/lt\/wp-json\/wp\/v2\/product\/41780\/revisions"}],"wp:featuredmedia":[{"embeddable":true,"href":"https:\/\/skinstudio.ee\/lt\/wp-json\/wp\/v2\/media\/66740"}],"wp:attachment":[{"href":"https:\/\/skinstudio.ee\/lt\/wp-json\/wp\/v2\/media?parent=41780"}],"wp:term":[{"taxonomy":"pwb-brand","embeddable":true,"href":"https:\/\/skinstudio.ee\/lt\/wp-json\/wp\/v2\/pwb-brand?post=41780"},{"taxonomy":"product_brand","embeddable":true,"href":"https:\/\/skinstudio.ee\/lt\/wp-json\/wp\/v2\/product_brand?post=41780"},{"taxonomy":"product_cat","embeddable":true,"href":"https:\/\/skinstudio.ee\/lt\/wp-json\/wp\/v2\/product_cat?post=41780"},{"taxonomy":"product_tag","embeddable":true,"href":"https:\/\/skinstudio.ee\/lt\/wp-json\/wp\/v2\/product_tag?post=41780"},{"taxonomy":"giftcard-category","embeddable":true,"href":"https:\/\/skinstudio.ee\/lt\/wp-json\/wp\/v2\/giftcard-category?post=41780"}],"curies":[{"name":"wp","href":"https:\/\/api.w.org\/{rel}","templated":true}]}}