{"id":41796,"date":"2025-08-05T13:35:45","date_gmt":"2025-08-05T13:35:45","guid":{"rendered":"https:\/\/skinstudio.ee\/?post_type=product&#038;p=41796"},"modified":"2025-12-30T17:05:47","modified_gmt":"2025-12-30T17:05:47","slug":"cicarelief-rx-fade-in-serum","status":"publish","type":"product","link":"https:\/\/skinstudio.ee\/lt\/catalog\/real-barrier\/cicarelief-rx-fade-in-serum\/","title":{"rendered":"Cicarelief Rx Fade In Serum"},"content":{"rendered":"<p data-start=\"1572\" data-end=\"1659\">Serumas sudirgusiai odai, kuriai reikia skubios SOS prie\u017ei\u016bros!<\/p>\n<p data-start=\"1661\" data-end=\"1950\"><strong data-start=\"1661\" data-end=\"1692\">Cicarelief Rx Fade In Serum<\/strong> su centel\u0117s ekstraktu akimirksniu susigeria, ramina u\u017edegimus ir paraudim\u0105, gr\u0105\u017eina komforto jausm\u0105 ir giliai dr\u0117kina.<br data-start=\"1811\" data-end=\"1814\" \/>Priemon\u0117 padeda suma\u017einti sudirgim\u0105, pa\u0161viesina akn\u0117s randelius ir pa\u017eeidim\u0173 sukeltus spalvos pakitimus, atkurdama sveik\u0105 odos i\u0161vaizd\u0105.<\/p>\n<p data-start=\"1952\" data-end=\"2184\">Ro\u017einis Real Barrier serumas greitai susigeria, nepalieka lipnumo ir suteikia odai \u0161ilkinio \u0161velnumo.<br data-start=\"2053\" data-end=\"2056\" \/>Taip pat padeda i\u0161lyginti nelygumus, atsiradusius d\u0117l u\u017edegimo. Serumo pH yra artimas nat\u016braliam, tod\u0117l jis \u0161velniai veikia od\u0105.<\/p>\n<p data-start=\"2189\" data-end=\"2209\"><strong data-start=\"2189\" data-end=\"2199\">T\u016bris:<\/strong> <strong data-start=\"2200\" data-end=\"2209\">50 ml<\/strong><\/p>\n","protected":false},"excerpt":{"rendered":"<p data-start=\"1230\" data-end=\"1276\">Atkuriamasis serumas su centel\u0117s ekstraktu<\/p>\n<h2 data-start=\"1281\" data-end=\"1565\"><strong data-start=\"1281\" data-end=\"1333\">Real Barrier Cicarelief Rx Fade In Serum savyb\u0117s<\/strong><\/h2>\n<p data-start=\"1281\" data-end=\"1565\">\u2714\ufe0f Ramina u\u017edegimus ir ma\u017eina paraudim\u0105<br data-start=\"1375\" data-end=\"1378\" \/>\u2714\ufe0f Ma\u017eina po akn\u0117s likusius randus ir pigmentacij\u0105<br data-start=\"1428\" data-end=\"1431\" \/>\u2714\ufe0f \u0160velnina od\u0105 ir i\u0161lygina jos tekst\u016br\u0105<br data-start=\"1471\" data-end=\"1474\" \/>\u2714\ufe0f Greitai susigeria, nepalikdamas lipnumo<br data-start=\"1516\" data-end=\"1519\" \/>\u2714\ufe0f Padeda i\u0161laikyti nat\u016bral\u0173 odos pH balans\u0105<\/p>\n","protected":false},"featured_media":41787,"template":"","meta":[],"pwb-brand":[714],"product_brand":[],"product_cat":[746,752,724],"product_tag":[],"giftcard-category":[],"class_list":{"0":"post-41796","1":"product","2":"type-product","3":"status-publish","4":"has-post-thumbnail","6":"pwb-brand-real-barrier","7":"product_cat-jautriai-odai","8":"product_cat-pigmentacija-lt","9":"product_cat-serumai","11":"first","12":"instock","13":"taxable","14":"shipping-taxable","15":"purchasable","16":"product-type-simple"},"acf":[],"brands":[{"id":714,"name":"Real Barrier","slug":"real-barrier"}],"_links":{"self":[{"href":"https:\/\/skinstudio.ee\/lt\/wp-json\/wp\/v2\/product\/41796","targetHints":{"allow":["GET"]}}],"collection":[{"href":"https:\/\/skinstudio.ee\/lt\/wp-json\/wp\/v2\/product"}],"about":[{"href":"https:\/\/skinstudio.ee\/lt\/wp-json\/wp\/v2\/types\/product"}],"version-history":[{"count":0,"href":"https:\/\/skinstudio.ee\/lt\/wp-json\/wp\/v2\/product\/41796\/revisions"}],"wp:featuredmedia":[{"embeddable":true,"href":"https:\/\/skinstudio.ee\/lt\/wp-json\/wp\/v2\/media\/41787"}],"wp:attachment":[{"href":"https:\/\/skinstudio.ee\/lt\/wp-json\/wp\/v2\/media?parent=41796"}],"wp:term":[{"taxonomy":"pwb-brand","embeddable":true,"href":"https:\/\/skinstudio.ee\/lt\/wp-json\/wp\/v2\/pwb-brand?post=41796"},{"taxonomy":"product_brand","embeddable":true,"href":"https:\/\/skinstudio.ee\/lt\/wp-json\/wp\/v2\/product_brand?post=41796"},{"taxonomy":"product_cat","embeddable":true,"href":"https:\/\/skinstudio.ee\/lt\/wp-json\/wp\/v2\/product_cat?post=41796"},{"taxonomy":"product_tag","embeddable":true,"href":"https:\/\/skinstudio.ee\/lt\/wp-json\/wp\/v2\/product_tag?post=41796"},{"taxonomy":"giftcard-category","embeddable":true,"href":"https:\/\/skinstudio.ee\/lt\/wp-json\/wp\/v2\/giftcard-category?post=41796"}],"curies":[{"name":"wp","href":"https:\/\/api.w.org\/{rel}","templated":true}]}}