{"id":41844,"date":"2025-08-05T14:19:33","date_gmt":"2025-08-05T14:19:33","guid":{"rendered":"https:\/\/skinstudio.ee\/?post_type=product&#038;p=41844"},"modified":"2025-12-30T17:05:47","modified_gmt":"2025-12-30T17:05:47","slug":"porebium-cleansing-foam","status":"publish","type":"product","link":"https:\/\/skinstudio.ee\/lt\/catalog\/real-barrier\/porebium-cleansing-foam\/","title":{"rendered":"Porebium Cleansing Foam"},"content":{"rendered":"<p data-start=\"1244\" data-end=\"1832\">\u0160velnios fermentin\u0117s prausimosi putos su r\u016bg\u0161timis i\u0161 Real Barrier yra puikus pasirinkimas jautriai odai, ypa\u010d jei net \u0161velniausi fermentiniai milteliai sukelia sudirginim\u0105. Taip pat puikiai tinka kasdieniam naudojimui mi\u0161riai ar riebiai odai, derinant su fermentiniu milteliniu \u0161veitikliu 2\u20133 kartus per savait\u0119. Pagrindin\u0117 veiklioji med\u017eiaga \u2013 patentuotas <strong data-start=\"1602\" data-end=\"1616\">4Acidezyme<\/strong> kompleksas su fermentais ir 4 r\u016b\u0161i\u0173 r\u016bg\u0161timis (AHA, BHA, PHA, LHA), kuris skatina odos regeneracij\u0105, \u0161velniai pa\u0161alina negyvas l\u0105steles, mink\u0161tina \u0161iurk\u0161\u010dias vietas, ma\u017eina u\u017edegim\u0105 ir padeda suvienodinti odos ton\u0105.<\/p>\n<p data-start=\"1837\" data-end=\"1858\"><strong data-start=\"1837\" data-end=\"1847\">T\u016bris:<\/strong> <strong data-start=\"1848\" data-end=\"1858\">150 ml<\/strong><\/p>\n","protected":false},"excerpt":{"rendered":"<p data-start=\"2023\" data-end=\"2072\">Poras sutraukian\u010dios fermentin\u0117s valomosios putos<\/p>\n<h2 data-start=\"2074\" data-end=\"2356\"><strong data-start=\"2074\" data-end=\"2122\">Savyb\u0117s Real Barrier Porebium Cleansing Foam<\/strong><\/h2>\n<p data-start=\"2074\" data-end=\"2356\">\u2714\ufe0f Efektyviai valo od\u0105 ir poras nuo ne\u0161varum\u0173<br data-start=\"2170\" data-end=\"2173\" \/>\u2714\ufe0f Ma\u017eina por\u0173 matomum\u0105 ir lygina odos tekst\u016br\u0105<br data-start=\"2220\" data-end=\"2223\" \/>\u2714\ufe0f Reguliuoja riebal\u0173 pertekliaus i\u0161siskyrim\u0105<br data-start=\"2268\" data-end=\"2271\" \/>\u2714\ufe0f Gaivina od\u0105 jos nei\u0161sausindamas<br data-start=\"2305\" data-end=\"2308\" \/>\u2714\ufe0f \u0160velni putojanti tekst\u016bra patogiam naudojimui<\/p>\n","protected":false},"featured_media":66735,"template":"","meta":[],"pwb-brand":[714],"product_brand":[],"product_cat":[744,746,718],"product_tag":[],"giftcard-category":[],"class_list":{"0":"post-41844","1":"product","2":"type-product","3":"status-publish","4":"has-post-thumbnail","6":"pwb-brand-real-barrier","7":"product_cat-issipletusios-poros","8":"product_cat-jautriai-odai","9":"product_cat-valymas","11":"first","12":"instock","13":"taxable","14":"shipping-taxable","15":"purchasable","16":"product-type-simple"},"acf":[],"brands":[{"id":714,"name":"Real Barrier","slug":"real-barrier"}],"_links":{"self":[{"href":"https:\/\/skinstudio.ee\/lt\/wp-json\/wp\/v2\/product\/41844","targetHints":{"allow":["GET"]}}],"collection":[{"href":"https:\/\/skinstudio.ee\/lt\/wp-json\/wp\/v2\/product"}],"about":[{"href":"https:\/\/skinstudio.ee\/lt\/wp-json\/wp\/v2\/types\/product"}],"version-history":[{"count":0,"href":"https:\/\/skinstudio.ee\/lt\/wp-json\/wp\/v2\/product\/41844\/revisions"}],"wp:featuredmedia":[{"embeddable":true,"href":"https:\/\/skinstudio.ee\/lt\/wp-json\/wp\/v2\/media\/66735"}],"wp:attachment":[{"href":"https:\/\/skinstudio.ee\/lt\/wp-json\/wp\/v2\/media?parent=41844"}],"wp:term":[{"taxonomy":"pwb-brand","embeddable":true,"href":"https:\/\/skinstudio.ee\/lt\/wp-json\/wp\/v2\/pwb-brand?post=41844"},{"taxonomy":"product_brand","embeddable":true,"href":"https:\/\/skinstudio.ee\/lt\/wp-json\/wp\/v2\/product_brand?post=41844"},{"taxonomy":"product_cat","embeddable":true,"href":"https:\/\/skinstudio.ee\/lt\/wp-json\/wp\/v2\/product_cat?post=41844"},{"taxonomy":"product_tag","embeddable":true,"href":"https:\/\/skinstudio.ee\/lt\/wp-json\/wp\/v2\/product_tag?post=41844"},{"taxonomy":"giftcard-category","embeddable":true,"href":"https:\/\/skinstudio.ee\/lt\/wp-json\/wp\/v2\/giftcard-category?post=41844"}],"curies":[{"name":"wp","href":"https:\/\/api.w.org\/{rel}","templated":true}]}}