{"id":41862,"date":"2025-08-05T14:35:10","date_gmt":"2025-08-05T14:35:10","guid":{"rendered":"https:\/\/skinstudio.ee\/?post_type=product&#038;p=41862"},"modified":"2025-12-30T17:05:47","modified_gmt":"2025-12-30T17:05:47","slug":"porebium-powder-wash","status":"publish","type":"product","link":"https:\/\/skinstudio.ee\/lt\/catalog\/real-barrier\/porebium-powder-wash\/","title":{"rendered":"Porebium Powder Wash"},"content":{"rendered":"<p data-start=\"1363\" data-end=\"1650\">Real Barrier Porebium Powder Wash veiksmingai i\u0161valo poras, pa\u0161alina ne\u0161varumus, riebal\u0173 pertekli\u0173 ir negyvas odos l\u0105steles. Jau po pirmojo naudojimo poros i\u0161valomos iki 98 %. Priemon\u0117 \u0161velniai eksfolijuoja od\u0105, nedirgina jos, stiprina apsaugin\u012f barjer\u0105, dr\u0117kina ir ma\u017eina por\u0173 matomum\u0105.<\/p>\n<p data-start=\"1652\" data-end=\"1951\">Po 28 dien\u0173 reguliaraus naudojimo matomai pager\u0117ja odos atspalvis ir tekst\u016bra. Milteliai lengvai putoja kontaktuojant su vandeniu, sukuria tankias \u0161velnias putas. Sud\u0117tyje n\u0117ra sulfat\u0173, kvapikli\u0173 ir da\u017eikli\u0173. Tinka net jautriai odai. Produktas i\u0161laik\u0117 dermatologinius jautrios odos dirginimo testus.<\/p>\n<p data-start=\"1953\" data-end=\"1968\"><strong data-start=\"1953\" data-end=\"1963\">T\u016bris:<\/strong> 50 g<\/p>\n","protected":false},"excerpt":{"rendered":"<p data-start=\"2259\" data-end=\"2296\">Miltelin\u0117 priemon\u0117 giliam valymui<\/p>\n<h2 data-start=\"2298\" data-end=\"2572\"><strong data-start=\"2298\" data-end=\"2343\">Real Barrier Porebium Powder Wash savyb\u0117s<\/strong><\/h2>\n<p data-start=\"2298\" data-end=\"2572\">\u2714\ufe0f Efektyviai valo poras ir pa\u0161alina ne\u0161varumus<br data-start=\"2393\" data-end=\"2396\" \/>\u2714\ufe0f Eksfolijuoja negyvas l\u0105steles ir riebal\u0173 pertekli\u0173<br data-start=\"2449\" data-end=\"2452\" \/>\u2714\ufe0f Ma\u017eina por\u0173 matomum\u0105 ir lygina odos reljef\u0105<br data-start=\"2498\" data-end=\"2501\" \/>\u2714\ufe0f Stiprina odos barjer\u0105 ir dr\u0117kina<br data-start=\"2536\" data-end=\"2539\" \/>\u2714\ufe0f Nedirgina, tinka jautriai odai<\/p>\n","protected":false},"featured_media":66730,"template":"","meta":[],"pwb-brand":[714],"product_brand":[],"product_cat":[744,746,718],"product_tag":[],"giftcard-category":[],"class_list":{"0":"post-41862","1":"product","2":"type-product","3":"status-publish","4":"has-post-thumbnail","6":"pwb-brand-real-barrier","7":"product_cat-issipletusios-poros","8":"product_cat-jautriai-odai","9":"product_cat-valymas","11":"first","12":"instock","13":"taxable","14":"shipping-taxable","15":"purchasable","16":"product-type-simple"},"acf":[],"brands":[{"id":714,"name":"Real Barrier","slug":"real-barrier"}],"_links":{"self":[{"href":"https:\/\/skinstudio.ee\/lt\/wp-json\/wp\/v2\/product\/41862","targetHints":{"allow":["GET"]}}],"collection":[{"href":"https:\/\/skinstudio.ee\/lt\/wp-json\/wp\/v2\/product"}],"about":[{"href":"https:\/\/skinstudio.ee\/lt\/wp-json\/wp\/v2\/types\/product"}],"version-history":[{"count":0,"href":"https:\/\/skinstudio.ee\/lt\/wp-json\/wp\/v2\/product\/41862\/revisions"}],"wp:featuredmedia":[{"embeddable":true,"href":"https:\/\/skinstudio.ee\/lt\/wp-json\/wp\/v2\/media\/66730"}],"wp:attachment":[{"href":"https:\/\/skinstudio.ee\/lt\/wp-json\/wp\/v2\/media?parent=41862"}],"wp:term":[{"taxonomy":"pwb-brand","embeddable":true,"href":"https:\/\/skinstudio.ee\/lt\/wp-json\/wp\/v2\/pwb-brand?post=41862"},{"taxonomy":"product_brand","embeddable":true,"href":"https:\/\/skinstudio.ee\/lt\/wp-json\/wp\/v2\/product_brand?post=41862"},{"taxonomy":"product_cat","embeddable":true,"href":"https:\/\/skinstudio.ee\/lt\/wp-json\/wp\/v2\/product_cat?post=41862"},{"taxonomy":"product_tag","embeddable":true,"href":"https:\/\/skinstudio.ee\/lt\/wp-json\/wp\/v2\/product_tag?post=41862"},{"taxonomy":"giftcard-category","embeddable":true,"href":"https:\/\/skinstudio.ee\/lt\/wp-json\/wp\/v2\/giftcard-category?post=41862"}],"curies":[{"name":"wp","href":"https:\/\/api.w.org\/{rel}","templated":true}]}}