{"id":41878,"date":"2025-08-05T14:45:38","date_gmt":"2025-08-05T14:45:38","guid":{"rendered":"https:\/\/skinstudio.ee\/?post_type=product&#038;p=41878"},"modified":"2025-12-30T17:05:47","modified_gmt":"2025-12-30T17:05:47","slug":"porebium-peeling-toner","status":"publish","type":"product","link":"https:\/\/skinstudio.ee\/lt\/catalog\/real-barrier\/porebium-peeling-toner\/","title":{"rendered":"Porebium Peeling Toner"},"content":{"rendered":"<p data-start=\"1083\" data-end=\"1576\">I\u0161bandyk odos prie\u017ei\u016br\u0105, kuri tikrai suma\u017eina poras \u2013 su <strong data-start=\"1140\" data-end=\"1179\">Real Barrier Porebium Peeling Toner<\/strong> \u2013 enzimin\u0117mis pilingo toniku, kuris efektyviai ma\u017eina juod\u0173 ta\u0161k\u0173 susidarym\u0105. \u0160i galinga formul\u0117 \u0161velniai pa\u0161alina ne\u0161varumus, makia\u017eo liku\u010dius, negyvas odos l\u0105steles ir perteklin\u012f sebum\u0105, tuo pa\u010diu padedant normalizuoti riebalini\u0173 liauk\u0173 veikl\u0105. Sud\u0117tyje yra keturi\u0173 r\u016b\u0161i\u0173 r\u016bg\u0161\u010di\u0173 kompleksas, fermentai, nimos ekstraktas, vilkvabaliai ir madekasosidas, kurie ramina ir sustiprina odos strukt\u016br\u0105.<\/p>\n<p data-start=\"1578\" data-end=\"1595\"><strong data-start=\"1578\" data-end=\"1588\">T\u016bris:<\/strong> 305 ml<\/p>\n","protected":false},"excerpt":{"rendered":"<p data-start=\"1733\" data-end=\"1759\">Enziminis \u0161veitimo tonikas<\/p>\n<h2 data-start=\"1761\" data-end=\"2047\"><strong data-start=\"1761\" data-end=\"1808\">Real Barrier Porebium Peeling Toner savyb\u0117s<\/strong><\/h2>\n<p data-start=\"1761\" data-end=\"2047\">\u2714\ufe0f Giliai valo poras ir \u0161alina ne\u0161varumus<br data-start=\"1852\" data-end=\"1855\" \/>\u2714\ufe0f \u0160velniai eksfolijuoja negyvas l\u0105steles ir perteklin\u012f sebum\u0105<br data-start=\"1917\" data-end=\"1920\" \/>\u2714\ufe0f Ma\u017eina juod\u0173j\u0173 ta\u0161k\u0173 matomum\u0105 ir lygina odos ton\u0105<br data-start=\"1972\" data-end=\"1975\" \/>\u2714\ufe0f Normalizuoja sebumo gamyb\u0105<br data-start=\"2004\" data-end=\"2007\" \/>\u2714\ufe0f Ramina ir tausojan\u010diai pri\u017ei\u016bri od\u0105<\/p>\n","protected":false},"featured_media":66725,"template":"","meta":[],"pwb-brand":[714],"product_brand":[],"product_cat":[746,752,722],"product_tag":[],"giftcard-category":[],"class_list":{"0":"post-41878","1":"product","2":"type-product","3":"status-publish","4":"has-post-thumbnail","6":"pwb-brand-real-barrier","7":"product_cat-jautriai-odai","8":"product_cat-pigmentacija-lt","9":"product_cat-toneriai","11":"first","12":"instock","13":"taxable","14":"shipping-taxable","15":"purchasable","16":"product-type-simple"},"acf":[],"brands":[{"id":714,"name":"Real Barrier","slug":"real-barrier"}],"_links":{"self":[{"href":"https:\/\/skinstudio.ee\/lt\/wp-json\/wp\/v2\/product\/41878","targetHints":{"allow":["GET"]}}],"collection":[{"href":"https:\/\/skinstudio.ee\/lt\/wp-json\/wp\/v2\/product"}],"about":[{"href":"https:\/\/skinstudio.ee\/lt\/wp-json\/wp\/v2\/types\/product"}],"version-history":[{"count":0,"href":"https:\/\/skinstudio.ee\/lt\/wp-json\/wp\/v2\/product\/41878\/revisions"}],"wp:featuredmedia":[{"embeddable":true,"href":"https:\/\/skinstudio.ee\/lt\/wp-json\/wp\/v2\/media\/66725"}],"wp:attachment":[{"href":"https:\/\/skinstudio.ee\/lt\/wp-json\/wp\/v2\/media?parent=41878"}],"wp:term":[{"taxonomy":"pwb-brand","embeddable":true,"href":"https:\/\/skinstudio.ee\/lt\/wp-json\/wp\/v2\/pwb-brand?post=41878"},{"taxonomy":"product_brand","embeddable":true,"href":"https:\/\/skinstudio.ee\/lt\/wp-json\/wp\/v2\/product_brand?post=41878"},{"taxonomy":"product_cat","embeddable":true,"href":"https:\/\/skinstudio.ee\/lt\/wp-json\/wp\/v2\/product_cat?post=41878"},{"taxonomy":"product_tag","embeddable":true,"href":"https:\/\/skinstudio.ee\/lt\/wp-json\/wp\/v2\/product_tag?post=41878"},{"taxonomy":"giftcard-category","embeddable":true,"href":"https:\/\/skinstudio.ee\/lt\/wp-json\/wp\/v2\/giftcard-category?post=41878"}],"curies":[{"name":"wp","href":"https:\/\/api.w.org\/{rel}","templated":true}]}}