{"id":41894,"date":"2025-08-05T15:17:42","date_gmt":"2025-08-05T15:17:42","guid":{"rendered":"https:\/\/skinstudio.ee\/?post_type=product&#038;p=41894"},"modified":"2025-12-30T17:05:47","modified_gmt":"2025-12-30T17:05:47","slug":"porebium-waterlock-essence","status":"publish","type":"product","link":"https:\/\/skinstudio.ee\/lt\/catalog\/real-barrier\/porebium-waterlock-essence\/","title":{"rendered":"Porebium Waterlock Essence"},"content":{"rendered":"<p data-start=\"1067\" data-end=\"1327\"><strong data-start=\"1067\" data-end=\"1110\">Real Barrier Porebium Waterlock Essence<\/strong> \u2013 tai gaivinantis odos prie\u017ei\u016bros produktas, veikiantis trimis kryptimis: prie\u0161 pleiskanojim\u0105, perteklin\u012f sebum\u0105 ir i\u0161sipl\u0117tusias poras. Jis suteikia ypating\u0105 prie\u017ei\u016br\u0105, u\u017erakindamas dr\u0117gm\u0119 odoje jos neapsunkindamas.<\/p>\n<p data-start=\"1329\" data-end=\"1505\">Patent\u0173 saugomas <strong data-start=\"1346\" data-end=\"1370\">4Acidzyme kompleksas<\/strong> (fermentai + r\u016bg\u0161tys santykiu 5:1) u\u017etikrina intensyv\u0173 eksfoliacijos efekt\u0105 ir pagerina odos b\u016bkl\u0119, suma\u017eindamas pleiskanojim\u0105 88,34%.<\/p>\n<p data-start=\"1507\" data-end=\"1524\"><strong data-start=\"1507\" data-end=\"1517\">T\u016bris:<\/strong> 110 ml<\/p>\n","protected":false},"excerpt":{"rendered":"<p data-start=\"154\" data-end=\"207\">Lengva esencija riebal\u0173 kontrolei ir por\u0173 susiaurinimui<\/p>\n<h2 data-start=\"154\" data-end=\"207\"><strong data-start=\"1619\" data-end=\"1670\">Real Barrier Porebium Waterlock Essence savyb\u0117s<\/strong><\/h2>\n<p data-start=\"154\" data-end=\"207\">\u2714\ufe0f Reguliuoja sebumo i\u0161siskyrim\u0105 ir ma\u017eina rieb\u0173 blizges\u012f<br data-start=\"1730\" data-end=\"1733\" \/>\u2714\ufe0f Dr\u0117kina od\u0105 jos neapsunkindamas<br data-start=\"1767\" data-end=\"1770\" \/>\u2714\ufe0f Ma\u017eina pleiskanojim\u0105 ir i\u0161lygina odos tekst\u016br\u0105<br data-start=\"1819\" data-end=\"1822\" \/>\u2714\ufe0f Sutraukia poras ir pagerina bendr\u0105 odos b\u016bkl\u0119<br data-start=\"1870\" data-end=\"1873\" \/>\u2714\ufe0f Palaiko sveik\u0105 odos pusiausvyr\u0105<\/p>\n","protected":false},"featured_media":41886,"template":"","meta":[],"pwb-brand":[714],"product_brand":[],"product_cat":[744,746,724],"product_tag":[],"giftcard-category":[],"class_list":{"0":"post-41894","1":"product","2":"type-product","3":"status-publish","4":"has-post-thumbnail","6":"pwb-brand-real-barrier","7":"product_cat-issipletusios-poros","8":"product_cat-jautriai-odai","9":"product_cat-serumai","11":"first","12":"instock","13":"taxable","14":"shipping-taxable","15":"purchasable","16":"product-type-simple"},"acf":[],"brands":[{"id":714,"name":"Real Barrier","slug":"real-barrier"}],"_links":{"self":[{"href":"https:\/\/skinstudio.ee\/lt\/wp-json\/wp\/v2\/product\/41894","targetHints":{"allow":["GET"]}}],"collection":[{"href":"https:\/\/skinstudio.ee\/lt\/wp-json\/wp\/v2\/product"}],"about":[{"href":"https:\/\/skinstudio.ee\/lt\/wp-json\/wp\/v2\/types\/product"}],"version-history":[{"count":0,"href":"https:\/\/skinstudio.ee\/lt\/wp-json\/wp\/v2\/product\/41894\/revisions"}],"wp:featuredmedia":[{"embeddable":true,"href":"https:\/\/skinstudio.ee\/lt\/wp-json\/wp\/v2\/media\/41886"}],"wp:attachment":[{"href":"https:\/\/skinstudio.ee\/lt\/wp-json\/wp\/v2\/media?parent=41894"}],"wp:term":[{"taxonomy":"pwb-brand","embeddable":true,"href":"https:\/\/skinstudio.ee\/lt\/wp-json\/wp\/v2\/pwb-brand?post=41894"},{"taxonomy":"product_brand","embeddable":true,"href":"https:\/\/skinstudio.ee\/lt\/wp-json\/wp\/v2\/product_brand?post=41894"},{"taxonomy":"product_cat","embeddable":true,"href":"https:\/\/skinstudio.ee\/lt\/wp-json\/wp\/v2\/product_cat?post=41894"},{"taxonomy":"product_tag","embeddable":true,"href":"https:\/\/skinstudio.ee\/lt\/wp-json\/wp\/v2\/product_tag?post=41894"},{"taxonomy":"giftcard-category","embeddable":true,"href":"https:\/\/skinstudio.ee\/lt\/wp-json\/wp\/v2\/giftcard-category?post=41894"}],"curies":[{"name":"wp","href":"https:\/\/api.w.org\/{rel}","templated":true}]}}