{"id":41909,"date":"2025-08-05T15:35:11","date_gmt":"2025-08-05T15:35:11","guid":{"rendered":"https:\/\/skinstudio.ee\/?post_type=product&#038;p=41909"},"modified":"2025-12-30T17:05:47","modified_gmt":"2025-12-30T17:05:47","slug":"porebium-oil-control-paper","status":"publish","type":"product","link":"https:\/\/skinstudio.ee\/lt\/catalog\/real-barrier\/porebium-oil-control-paper\/","title":{"rendered":"Porebium Oil Control Paper"},"content":{"rendered":"<p data-start=\"1284\" data-end=\"1648\">Real Barrier Porebium Oil Control Paper \u2013 matin\u0117s servet\u0117l\u0117s riebiai ir mi\u0161riai odai. Jos sugeria riebal\u0173 pertekli\u0173, pa\u0161alina blizges\u012f T zonoje ir suteikia odai mati\u0161kumo, padeda i\u0161vengti por\u0173 u\u017esikim\u0161imo d\u0117l perteklinio sebumo. Gaivina od\u0105 ir nesukelia dirginimo. Galima naudoti prie\u0161 pakartotin\u012f SPF u\u017etepim\u0105 arba bet kada, kai reikia pa\u0161alinti riebal\u0173 blizges\u012f.<\/p>\n<p data-start=\"1650\" data-end=\"1672\"><strong data-start=\"1650\" data-end=\"1660\">T\u016bris:<\/strong> <strong data-start=\"1661\" data-end=\"1672\">70 vnt.<\/strong><\/p>\n","protected":false},"excerpt":{"rendered":"<p data-start=\"505\" data-end=\"541\">Riebal\u0173 kontrol\u0117s servet\u0117l\u0117s<\/p>\n<h2 data-start=\"543\" data-end=\"594\"><strong data-start=\"543\" data-end=\"594\">Real Barrier Porebium Oil Control Paper savyb\u0117s<\/strong><\/h2>\n<p data-start=\"596\" data-end=\"819\">\u2714\ufe0f Greitai pa\u0161alina blizges\u012f, nepa\u017eeid\u017eiant makia\u017eo<br data-start=\"647\" data-end=\"650\" \/>\u2714\ufe0f Absorbuoja riebal\u0173 pertekli\u0173 ir valo poras<br data-start=\"695\" data-end=\"698\" \/>\u2714\ufe0f Ned\u017eiovina odos ir i\u0161laiko jos dr\u0117gm\u0117s balans\u0105<br data-start=\"747\" data-end=\"750\" \/>\u2714\ufe0f Tinka jautriai odai<br data-start=\"772\" data-end=\"775\" \/>\u2714\ufe0f Kompakti\u0161kas formatas \u2013 patogu ne\u0161iotis<\/p>\n","protected":false},"featured_media":66720,"template":"","meta":[],"pwb-brand":[714],"product_brand":[],"product_cat":[748],"product_tag":[],"giftcard-category":[],"class_list":{"0":"post-41909","1":"product","2":"type-product","3":"status-publish","4":"has-post-thumbnail","6":"pwb-brand-real-barrier","7":"product_cat-taukainai-adai-lt","9":"first","10":"instock","11":"taxable","12":"shipping-taxable","13":"purchasable","14":"product-type-simple"},"acf":[],"brands":[{"id":714,"name":"Real Barrier","slug":"real-barrier"}],"_links":{"self":[{"href":"https:\/\/skinstudio.ee\/lt\/wp-json\/wp\/v2\/product\/41909","targetHints":{"allow":["GET"]}}],"collection":[{"href":"https:\/\/skinstudio.ee\/lt\/wp-json\/wp\/v2\/product"}],"about":[{"href":"https:\/\/skinstudio.ee\/lt\/wp-json\/wp\/v2\/types\/product"}],"version-history":[{"count":0,"href":"https:\/\/skinstudio.ee\/lt\/wp-json\/wp\/v2\/product\/41909\/revisions"}],"wp:featuredmedia":[{"embeddable":true,"href":"https:\/\/skinstudio.ee\/lt\/wp-json\/wp\/v2\/media\/66720"}],"wp:attachment":[{"href":"https:\/\/skinstudio.ee\/lt\/wp-json\/wp\/v2\/media?parent=41909"}],"wp:term":[{"taxonomy":"pwb-brand","embeddable":true,"href":"https:\/\/skinstudio.ee\/lt\/wp-json\/wp\/v2\/pwb-brand?post=41909"},{"taxonomy":"product_brand","embeddable":true,"href":"https:\/\/skinstudio.ee\/lt\/wp-json\/wp\/v2\/product_brand?post=41909"},{"taxonomy":"product_cat","embeddable":true,"href":"https:\/\/skinstudio.ee\/lt\/wp-json\/wp\/v2\/product_cat?post=41909"},{"taxonomy":"product_tag","embeddable":true,"href":"https:\/\/skinstudio.ee\/lt\/wp-json\/wp\/v2\/product_tag?post=41909"},{"taxonomy":"giftcard-category","embeddable":true,"href":"https:\/\/skinstudio.ee\/lt\/wp-json\/wp\/v2\/giftcard-category?post=41909"}],"curies":[{"name":"wp","href":"https:\/\/api.w.org\/{rel}","templated":true}]}}