{"id":41924,"date":"2025-08-05T15:48:40","date_gmt":"2025-08-05T15:48:40","guid":{"rendered":"https:\/\/skinstudio.ee\/?post_type=product&#038;p=41924"},"modified":"2025-12-30T17:05:47","modified_gmt":"2025-12-30T17:05:47","slug":"pdrn-glow-repair-serum","status":"publish","type":"product","link":"https:\/\/skinstudio.ee\/lt\/catalog\/real-barrier\/pdrn-glow-repair-serum\/","title":{"rendered":"PDRN Glow Repair Serum"},"content":{"rendered":"<p data-start=\"1683\" data-end=\"1979\">Real Barrier PDRN Glow Repair Serum su PDRN ir eksosomomis efektyviai atkuria ir stiprina od\u0105, pripildo l\u0105steles dr\u0117gme, didina odos tank\u012f, elastingum\u0105 ir tvirtum\u0105, padeda i\u0161vengti ankstyvo sen\u0117jimo, pa\u0161alina odos pavargimo po\u017eymius, mink\u0161tina \u0161iurk\u0161\u010dias sritis ir suteikia 3D spindes\u012f i\u0161 vidaus.<\/p>\n<p data-start=\"1981\" data-end=\"2397\">Po 2 savai\u010di\u0173 reguliaraus naudojimo transepidermalinis dr\u0117gm\u0117s netekimas suma\u017e\u0117ja net 126,51\u202f%, pastebimai suma\u017e\u0117ja dirginimai, stipr\u0117ja epidermio barjeras. Serumas taip pat veikia pigmentacij\u0105 bei akn\u0117s padarinius, lygina ton\u0105 ir tekst\u016br\u0105, suteikia odai lygumo bei \u0161velnumo. Gelio konsistencijos serumas lengvai pasiskirsto, greitai susigeria, suteikia komforto poj\u016bt\u012f ir palieka sveik\u0105, \u0161vytint\u012f efekt\u0105 be lipnumo.<\/p>\n<p data-start=\"2399\" data-end=\"2419\"><strong data-start=\"2399\" data-end=\"2409\">T\u016bris:<\/strong> <strong data-start=\"2410\" data-end=\"2419\">30\u202fml<\/strong><\/p>\n","protected":false},"excerpt":{"rendered":"<p data-start=\"2592\" data-end=\"2627\">Atkuriamasis serumas su spindesiu<\/p>\n<h2 data-start=\"2629\" data-end=\"2947\"><strong data-start=\"2629\" data-end=\"2677\">Real Barrier PDRN Glow Repair Serum savyb\u0117s<\/strong><\/h2>\n<p data-start=\"2629\" data-end=\"2947\">\u2714\ufe0f Skatina l\u0105steli\u0173 regeneracij\u0105 ir odos atsinaujinim\u0105<br data-start=\"2734\" data-end=\"2737\" \/>\u2714\ufe0f Gerina odos mikroreljef\u0105 ir suteikia spindes\u012f<br data-start=\"2785\" data-end=\"2788\" \/>\u2714\ufe0f Stiprina odos barjer\u0105 ir didina elastingum\u0105<br data-start=\"2834\" data-end=\"2837\" \/>\u2714\ufe0f Giliai dr\u0117kina ir ma\u017eina jautrum\u0105<br data-start=\"2873\" data-end=\"2876\" \/>\u2714\ufe0f Lengvos gelio konsistencijos tekst\u016bra<\/p>\n","protected":false},"featured_media":66715,"template":"","meta":[],"pwb-brand":[714],"product_brand":[],"product_cat":[738,746,750,724],"product_tag":[],"giftcard-category":[],"class_list":{"0":"post-41924","1":"product","2":"type-product","3":"status-publish","4":"has-post-thumbnail","6":"pwb-brand-real-barrier","7":"product_cat-drekinimas","8":"product_cat-jautriai-odai","9":"product_cat-senstanti-oda","10":"product_cat-serumai","12":"first","13":"instock","14":"taxable","15":"shipping-taxable","16":"purchasable","17":"product-type-simple"},"acf":[],"brands":[{"id":714,"name":"Real Barrier","slug":"real-barrier"}],"_links":{"self":[{"href":"https:\/\/skinstudio.ee\/lt\/wp-json\/wp\/v2\/product\/41924","targetHints":{"allow":["GET"]}}],"collection":[{"href":"https:\/\/skinstudio.ee\/lt\/wp-json\/wp\/v2\/product"}],"about":[{"href":"https:\/\/skinstudio.ee\/lt\/wp-json\/wp\/v2\/types\/product"}],"version-history":[{"count":0,"href":"https:\/\/skinstudio.ee\/lt\/wp-json\/wp\/v2\/product\/41924\/revisions"}],"wp:featuredmedia":[{"embeddable":true,"href":"https:\/\/skinstudio.ee\/lt\/wp-json\/wp\/v2\/media\/66715"}],"wp:attachment":[{"href":"https:\/\/skinstudio.ee\/lt\/wp-json\/wp\/v2\/media?parent=41924"}],"wp:term":[{"taxonomy":"pwb-brand","embeddable":true,"href":"https:\/\/skinstudio.ee\/lt\/wp-json\/wp\/v2\/pwb-brand?post=41924"},{"taxonomy":"product_brand","embeddable":true,"href":"https:\/\/skinstudio.ee\/lt\/wp-json\/wp\/v2\/product_brand?post=41924"},{"taxonomy":"product_cat","embeddable":true,"href":"https:\/\/skinstudio.ee\/lt\/wp-json\/wp\/v2\/product_cat?post=41924"},{"taxonomy":"product_tag","embeddable":true,"href":"https:\/\/skinstudio.ee\/lt\/wp-json\/wp\/v2\/product_tag?post=41924"},{"taxonomy":"giftcard-category","embeddable":true,"href":"https:\/\/skinstudio.ee\/lt\/wp-json\/wp\/v2\/giftcard-category?post=41924"}],"curies":[{"name":"wp","href":"https:\/\/api.w.org\/{rel}","templated":true}]}}