{"id":42024,"date":"2025-08-06T09:57:54","date_gmt":"2025-08-06T09:57:54","guid":{"rendered":"https:\/\/skinstudio.ee\/?post_type=product&#038;p=42024"},"modified":"2025-12-30T17:05:47","modified_gmt":"2025-12-30T17:05:47","slug":"peptivita-c-blemish-serum","status":"publish","type":"product","link":"https:\/\/skinstudio.ee\/lt\/catalog\/real-barrier\/peptivita-c-blemish-serum\/","title":{"rendered":"Peptivita C Blemish Serum"},"content":{"rendered":"<p data-start=\"1450\" data-end=\"1708\">Skaistinantis serumas su vitaminu C ir peptidais veiksmingai kovoja su pigmentacija, suma\u017eina strazdan\u0173 ir kit\u0173 netolygaus atspalvio po\u017eymi\u0173 matomum\u0105, pa\u0161alina odos pilkum\u0105, lygina tekst\u016br\u0105 ir suteikia gra\u017e\u0173 spindes\u012f, taip pat susiaurina i\u0161sipl\u0117tusias poras.<\/p>\n<p data-start=\"1710\" data-end=\"2014\">Produktas suma\u017eina pigmentini\u0173 d\u0117mi\u0173 intensyvum\u0105 26 % ir j\u0173 plot\u0105 3,5 % po dviej\u0173 savai\u010di\u0173 reguliaraus naudojimo. Pagerina odos tekst\u016br\u0105 10 % jau po pirmo panaudojimo, pa\u0161viesina sebumo si\u016blus, padeda i\u0161vengti b\u0117rim\u0173, suteikia stipr\u0173 antioksidacin\u012f ir atjauninant\u012f poveik\u012f bei stiprina epidermio barjer\u0105.<\/p>\n<p data-start=\"2016\" data-end=\"2310\">Formul\u0117je yra PeptiVitaC\u2122 \u2013 liposomin\u0117 forma, jungianti gryn\u0105 vitamin\u0105 C ir 12 peptid\u0173 kompleks\u0105, kurio dalel\u0117s yra 356 kartus ma\u017eesn\u0117s u\u017e odos poras. Tai leid\u017eia aktyviosioms med\u017eiagoms prasiskverbti giliau \u012f ragin\u012f sluoksn\u012f, pagerina \u012fsisavinim\u0105 ir u\u017etikrina greitesn\u012f bei ry\u0161kesn\u012f rezultat\u0105.<\/p>\n<p data-start=\"2315\" data-end=\"2331\"><strong data-start=\"2315\" data-end=\"2325\">T\u016bris:<\/strong> 30 ml<\/p>\n","protected":false},"excerpt":{"rendered":"<p data-start=\"1517\" data-end=\"1544\">Skaistinantis veido serumas<\/p>\n<h2 data-start=\"1546\" data-end=\"1768\"><strong data-start=\"1550\" data-end=\"1600\">Real Barrier Peptivita C Blemish Serum savyb\u0117s<\/strong><\/h2>\n<p data-start=\"1546\" data-end=\"1768\">\u2714\ufe0f Sulygina odos atspalv\u012f<br data-start=\"1628\" data-end=\"1631\" \/>\u2714\ufe0f Pa\u0161viesina pigmentacij\u0105<br data-start=\"1657\" data-end=\"1660\" \/>\u2714\ufe0f Pagerina tekst\u016br\u0105 ir mikroreljef\u0105<br data-start=\"1696\" data-end=\"1699\" \/>\u2714\ufe0f Suteikia \u0161vyt\u0117jimo ir gaivumo<br data-start=\"1731\" data-end=\"1734\" \/>\u2714\ufe0f Stiprina odos apsaugin\u012f barjer\u0105<\/p>\n","protected":false},"featured_media":66710,"template":"","meta":[],"pwb-brand":[714],"product_brand":[],"product_cat":[752,750,724,730],"product_tag":[],"giftcard-category":[],"class_list":{"0":"post-42024","1":"product","2":"type-product","3":"status-publish","4":"has-post-thumbnail","6":"pwb-brand-real-barrier","7":"product_cat-pigmentacija-lt","8":"product_cat-senstanti-oda","9":"product_cat-serumai","10":"product_cat-vitaminas-c","12":"first","13":"instock","14":"taxable","15":"shipping-taxable","16":"purchasable","17":"product-type-simple"},"acf":[],"brands":[{"id":714,"name":"Real Barrier","slug":"real-barrier"}],"_links":{"self":[{"href":"https:\/\/skinstudio.ee\/lt\/wp-json\/wp\/v2\/product\/42024","targetHints":{"allow":["GET"]}}],"collection":[{"href":"https:\/\/skinstudio.ee\/lt\/wp-json\/wp\/v2\/product"}],"about":[{"href":"https:\/\/skinstudio.ee\/lt\/wp-json\/wp\/v2\/types\/product"}],"version-history":[{"count":0,"href":"https:\/\/skinstudio.ee\/lt\/wp-json\/wp\/v2\/product\/42024\/revisions"}],"wp:featuredmedia":[{"embeddable":true,"href":"https:\/\/skinstudio.ee\/lt\/wp-json\/wp\/v2\/media\/66710"}],"wp:attachment":[{"href":"https:\/\/skinstudio.ee\/lt\/wp-json\/wp\/v2\/media?parent=42024"}],"wp:term":[{"taxonomy":"pwb-brand","embeddable":true,"href":"https:\/\/skinstudio.ee\/lt\/wp-json\/wp\/v2\/pwb-brand?post=42024"},{"taxonomy":"product_brand","embeddable":true,"href":"https:\/\/skinstudio.ee\/lt\/wp-json\/wp\/v2\/product_brand?post=42024"},{"taxonomy":"product_cat","embeddable":true,"href":"https:\/\/skinstudio.ee\/lt\/wp-json\/wp\/v2\/product_cat?post=42024"},{"taxonomy":"product_tag","embeddable":true,"href":"https:\/\/skinstudio.ee\/lt\/wp-json\/wp\/v2\/product_tag?post=42024"},{"taxonomy":"giftcard-category","embeddable":true,"href":"https:\/\/skinstudio.ee\/lt\/wp-json\/wp\/v2\/giftcard-category?post=42024"}],"curies":[{"name":"wp","href":"https:\/\/api.w.org\/{rel}","templated":true}]}}