{"id":42045,"date":"2025-08-06T10:13:19","date_gmt":"2025-08-06T10:13:19","guid":{"rendered":"https:\/\/skinstudio.ee\/?post_type=product&#038;p=42045"},"modified":"2025-12-30T17:05:47","modified_gmt":"2025-12-30T17:05:47","slug":"retiniol-pore-tightening-serum","status":"publish","type":"product","link":"https:\/\/skinstudio.ee\/lt\/catalog\/real-barrier\/retiniol-pore-tightening-serum\/","title":{"rendered":"Retiniol Pore Tightening Serum"},"content":{"rendered":"<p data-start=\"145\" data-end=\"399\">Atjauninantis serumas su 0,1 % retinolio veiksmingai sutraukia i\u0161sipl\u0117tusias poras, suteikia stangrinam\u0105j\u012f ir pakeliam\u0105j\u012f poveik\u012f, ma\u017eina odos suglebim\u0105, lygina smulkias rauk\u0161les, \u0161velnina nelygumus ir suteikia odai lygumo bei sveiko \u0161vyt\u0117jimo i\u0161 vidaus.<\/p>\n<p data-start=\"401\" data-end=\"687\">Produktas jau po vieno naudojimo suma\u017eina por\u0173 dyd\u012f ir plot\u0105 34,17 %, i\u0161lygina mikroreljefo nelygumus, padeda kovoti su nepageidaujama pigmentacija, intensyviai dr\u0117kina ir palaiko optimal\u0173 hidrolipidin\u012f balans\u0105, blokuodamas transepidermin\u012f vandens netekim\u0105 ir ilgai i\u0161laikydamas dr\u0117gm\u0119.<\/p>\n<p data-start=\"689\" data-end=\"927\">Formul\u0117 praturtinta 0,1 % gryno retinolio, kuris yra du kartus \u012fkapsuliuotas \u012f liposomas \u2013 tai leid\u017eia veikliosioms med\u017eiagoms giliau prasiskverbti \u012f od\u0105, geriau \u012fsisavinti ir u\u017etikrinti ry\u0161kesnius rezultatus, suma\u017einant dirginimo rizik\u0105.<\/p>\n<p data-start=\"932\" data-end=\"948\"><strong data-start=\"932\" data-end=\"942\">T\u016bris:<\/strong> 30 ml<\/p>\n","protected":false},"excerpt":{"rendered":"<p data-start=\"1105\" data-end=\"1354\">Poras ma\u017einantis veido serumas<\/p>\n<h2 data-start=\"1105\" data-end=\"1354\"><strong data-start=\"1138\" data-end=\"1192\">Real Barrier Retiniol Pore Tightening Serum savyb\u0117s<\/strong><\/h2>\n<p data-start=\"1105\" data-end=\"1354\">\u2714\ufe0f Suma\u017eina i\u0161sipl\u0117tusias poras<br data-start=\"1226\" data-end=\"1229\" \/>\u2714\ufe0f I\u0161lygina odos tekst\u016br\u0105<br data-start=\"1254\" data-end=\"1257\" \/>\u2714\ufe0f Reguliuoja sebumo i\u0161siskyrim\u0105<br data-start=\"1289\" data-end=\"1292\" \/>\u2714\ufe0f Pagerina odos stangrum\u0105<br data-start=\"1318\" data-end=\"1321\" \/>\u2714\ufe0f Skatina l\u0105steli\u0173 atsinaujinim\u0105<\/p>\n","protected":false},"featured_media":66705,"template":"","meta":[],"pwb-brand":[714],"product_brand":[],"product_cat":[738,744,752,750,724,728],"product_tag":[],"giftcard-category":[],"class_list":{"0":"post-42045","1":"product","2":"type-product","3":"status-publish","4":"has-post-thumbnail","6":"pwb-brand-real-barrier","7":"product_cat-drekinimas","8":"product_cat-issipletusios-poros","9":"product_cat-pigmentacija-lt","10":"product_cat-senstanti-oda","11":"product_cat-serumai","12":"product_cat-vitaminas-a-retinolis","14":"first","15":"instock","16":"taxable","17":"shipping-taxable","18":"purchasable","19":"product-type-simple"},"acf":[],"brands":[{"id":714,"name":"Real Barrier","slug":"real-barrier"}],"_links":{"self":[{"href":"https:\/\/skinstudio.ee\/lt\/wp-json\/wp\/v2\/product\/42045","targetHints":{"allow":["GET"]}}],"collection":[{"href":"https:\/\/skinstudio.ee\/lt\/wp-json\/wp\/v2\/product"}],"about":[{"href":"https:\/\/skinstudio.ee\/lt\/wp-json\/wp\/v2\/types\/product"}],"version-history":[{"count":0,"href":"https:\/\/skinstudio.ee\/lt\/wp-json\/wp\/v2\/product\/42045\/revisions"}],"wp:featuredmedia":[{"embeddable":true,"href":"https:\/\/skinstudio.ee\/lt\/wp-json\/wp\/v2\/media\/66705"}],"wp:attachment":[{"href":"https:\/\/skinstudio.ee\/lt\/wp-json\/wp\/v2\/media?parent=42045"}],"wp:term":[{"taxonomy":"pwb-brand","embeddable":true,"href":"https:\/\/skinstudio.ee\/lt\/wp-json\/wp\/v2\/pwb-brand?post=42045"},{"taxonomy":"product_brand","embeddable":true,"href":"https:\/\/skinstudio.ee\/lt\/wp-json\/wp\/v2\/product_brand?post=42045"},{"taxonomy":"product_cat","embeddable":true,"href":"https:\/\/skinstudio.ee\/lt\/wp-json\/wp\/v2\/product_cat?post=42045"},{"taxonomy":"product_tag","embeddable":true,"href":"https:\/\/skinstudio.ee\/lt\/wp-json\/wp\/v2\/product_tag?post=42045"},{"taxonomy":"giftcard-category","embeddable":true,"href":"https:\/\/skinstudio.ee\/lt\/wp-json\/wp\/v2\/giftcard-category?post=42045"}],"curies":[{"name":"wp","href":"https:\/\/api.w.org\/{rel}","templated":true}]}}