{"id":42064,"date":"2025-08-06T11:05:54","date_gmt":"2025-08-06T11:05:54","guid":{"rendered":"https:\/\/skinstudio.ee\/?post_type=product&#038;p=42064"},"modified":"2025-12-30T17:05:47","modified_gmt":"2025-12-30T17:05:47","slug":"retiniol-pore-tightening-serum-gel-mask","status":"publish","type":"product","link":"https:\/\/skinstudio.ee\/lt\/catalog\/real-barrier\/retiniol-pore-tightening-serum-gel-mask\/","title":{"rendered":"Retiniol Pore Tightening Serum Gel Mask"},"content":{"rendered":"<p data-start=\"1576\" data-end=\"1874\">Hidrogelio kauk\u0117 su retinoliu aktyviai veikia i\u0161sipl\u0117tusias poras \u2013 u\u017epildo jas ir vizualiai suma\u017eina j\u0173 matomum\u0105, stangrina suglebusi\u0105 ir elastingum\u0105 praradusi\u0105 od\u0105, atkuria stangrum\u0105, elastingum\u0105 ir tank\u012f, intensyviai dr\u0117kina, ma\u017eina sausum\u0105 ir tempimo poj\u016bt\u012f, suteikia odai glotnumo ir \u0161velnumo.<\/p>\n<p data-start=\"1876\" data-end=\"2017\">Vos po vieno naudojimo por\u0173 matomumas suma\u017e\u0117ja 24,67 %, o epidermio tekst\u016bra tampa lygesn\u0117 6,46 %. Oda atrodo pilnesn\u0117 ir \u0161vytinti i\u0161 vidaus.<\/p>\n<p data-start=\"2019\" data-end=\"2204\">Formul\u0117je yra gryno retinolio, kuris yra dvigubai \u012fkapsuliuotas \u012f liposomas \u2013 tai leid\u017eia jam prasiskverbti giliau \u012f od\u0105, u\u017etikrina ry\u0161kesnius rezultatus ir suma\u017eina sudirginimo rizik\u0105.<\/p>\n<p data-start=\"2209\" data-end=\"2224\"><strong data-start=\"2209\" data-end=\"2219\">T\u016bris:<\/strong> 30 g<\/p>\n","protected":false},"excerpt":{"rendered":"<p data-start=\"2336\" data-end=\"2427\">Poras valanti gelin\u0117 kauk\u0117<\/p>\n<h2 data-start=\"2336\" data-end=\"2427\">Real Barrier Retiniol Pore Tightening Serum Gel Mask savyb\u0117s<\/h2>\n<p data-start=\"2336\" data-end=\"2427\">\u2714\ufe0f Ma\u017eina i\u0161sipl\u0117tusi\u0173 por\u0173 matomum\u0105<br data-start=\"2496\" data-end=\"2499\" \/>\u2714\ufe0f I\u0161lygina odos pavir\u0161i\u0173<br data-start=\"2524\" data-end=\"2527\" \/>\u2714\ufe0f \u0160velniai pa\u0161alina negyvas l\u0105steles<br data-start=\"2564\" data-end=\"2567\" \/>\u2714\ufe0f Gaivina ir suteikia \u0161vyt\u0117jimo<br data-start=\"2599\" data-end=\"2602\" \/>\u2714\ufe0f Dr\u0117kina ir mink\u0161tina od\u0105<\/p>\n","protected":false},"featured_media":66700,"template":"","meta":[],"pwb-brand":[714],"product_brand":[],"product_cat":[726,750,728],"product_tag":[],"giftcard-category":[],"class_list":{"0":"post-42064","1":"product","2":"type-product","3":"status-publish","4":"has-post-thumbnail","6":"pwb-brand-real-barrier","7":"product_cat-maskas-lt","8":"product_cat-senstanti-oda","9":"product_cat-vitaminas-a-retinolis","11":"first","12":"instock","13":"taxable","14":"shipping-taxable","15":"purchasable","16":"product-type-simple"},"acf":[],"brands":[{"id":714,"name":"Real Barrier","slug":"real-barrier"}],"_links":{"self":[{"href":"https:\/\/skinstudio.ee\/lt\/wp-json\/wp\/v2\/product\/42064","targetHints":{"allow":["GET"]}}],"collection":[{"href":"https:\/\/skinstudio.ee\/lt\/wp-json\/wp\/v2\/product"}],"about":[{"href":"https:\/\/skinstudio.ee\/lt\/wp-json\/wp\/v2\/types\/product"}],"version-history":[{"count":0,"href":"https:\/\/skinstudio.ee\/lt\/wp-json\/wp\/v2\/product\/42064\/revisions"}],"wp:featuredmedia":[{"embeddable":true,"href":"https:\/\/skinstudio.ee\/lt\/wp-json\/wp\/v2\/media\/66700"}],"wp:attachment":[{"href":"https:\/\/skinstudio.ee\/lt\/wp-json\/wp\/v2\/media?parent=42064"}],"wp:term":[{"taxonomy":"pwb-brand","embeddable":true,"href":"https:\/\/skinstudio.ee\/lt\/wp-json\/wp\/v2\/pwb-brand?post=42064"},{"taxonomy":"product_brand","embeddable":true,"href":"https:\/\/skinstudio.ee\/lt\/wp-json\/wp\/v2\/product_brand?post=42064"},{"taxonomy":"product_cat","embeddable":true,"href":"https:\/\/skinstudio.ee\/lt\/wp-json\/wp\/v2\/product_cat?post=42064"},{"taxonomy":"product_tag","embeddable":true,"href":"https:\/\/skinstudio.ee\/lt\/wp-json\/wp\/v2\/product_tag?post=42064"},{"taxonomy":"giftcard-category","embeddable":true,"href":"https:\/\/skinstudio.ee\/lt\/wp-json\/wp\/v2\/giftcard-category?post=42064"}],"curies":[{"name":"wp","href":"https:\/\/api.w.org\/{rel}","templated":true}]}}