{"id":42080,"date":"2025-08-06T11:16:17","date_gmt":"2025-08-06T11:16:17","guid":{"rendered":"https:\/\/skinstudio.ee\/?post_type=product&#038;p=42080"},"modified":"2025-12-30T17:05:47","modified_gmt":"2025-12-30T17:05:47","slug":"retiniol-lifting-wrapping-mask","status":"publish","type":"product","link":"https:\/\/skinstudio.ee\/lt\/catalog\/real-barrier\/retiniol-lifting-wrapping-mask\/","title":{"rendered":"Retiniol Lifting Wrapping Mask"},"content":{"rendered":"<p data-start=\"1256\" data-end=\"1536\">Real Barrier Retiniol Lifting Wrapping Mask pakelia, atgaivina ir tonizuoja od\u0105, suteikdama jai glotnumo ir \u0161ilkinio \u0161velnumo. Kremin\u0117 tekst\u016bra suformuoja elasting\u0105 pl\u0117vel\u0119, kuri padeda veikliosioms med\u017eiagoms giliau \u012fsigerti. Rinkinyje yra silikoninis \u0161epet\u0117lis kauk\u0117s u\u017etepimui.<\/p>\n<p data-start=\"1538\" data-end=\"1736\">Pagrindin\u0117 veiklioji med\u017eiaga \u2013 retinolis (vitaminas A, 0,23 %), kuris spartina epidermio l\u0105steli\u0173 atsinaujinim\u0105, didina odos stangrum\u0105 ir elastingum\u0105, lygina mikroreljef\u0105 ir saugo nuo fotosen\u0117jimo.<\/p>\n<p data-start=\"1741\" data-end=\"1757\"><strong data-start=\"1741\" data-end=\"1751\">T\u016bris:<\/strong> 80 ml<\/p>\n","protected":false},"excerpt":{"rendered":"<p data-start=\"2020\" data-end=\"2110\">Stangrinamoji kauk\u0117 su retinoliu<\/p>\n<h2 data-start=\"2020\" data-end=\"2110\"><strong data-start=\"2055\" data-end=\"2110\">Real Barrier Retiniol Lifting Wrapping Mask savyb\u0117s<\/strong><\/h2>\n<p data-start=\"2112\" data-end=\"2311\">\u2714\ufe0f Pakelia ir formuoja veido kont\u016br\u0105<br data-start=\"2148\" data-end=\"2151\" \/>\u2714\ufe0f Stangrina od\u0105 ir gr\u0105\u017eina elastingum\u0105<br data-start=\"2190\" data-end=\"2193\" \/>\u2714\ufe0f Lygina rauk\u0161les ir gerina tamprum\u0105<br data-start=\"2230\" data-end=\"2233\" \/>\u2714\ufe0f I\u0161lygina odos pavir\u0161i\u0173 ir tekst\u016br\u0105<br data-start=\"2270\" data-end=\"2273\" \/>\u2714\ufe0f Gerina atspalv\u012f ir gaivina i\u0161vaizd\u0105<\/p>\n","protected":false},"featured_media":66695,"template":"","meta":[],"pwb-brand":[714],"product_brand":[],"product_cat":[746,726,750,728],"product_tag":[],"giftcard-category":[],"class_list":{"0":"post-42080","1":"product","2":"type-product","3":"status-publish","4":"has-post-thumbnail","6":"pwb-brand-real-barrier","7":"product_cat-jautriai-odai","8":"product_cat-maskas-lt","9":"product_cat-senstanti-oda","10":"product_cat-vitaminas-a-retinolis","12":"first","13":"instock","14":"taxable","15":"shipping-taxable","16":"purchasable","17":"product-type-simple"},"acf":[],"brands":[{"id":714,"name":"Real Barrier","slug":"real-barrier"}],"_links":{"self":[{"href":"https:\/\/skinstudio.ee\/lt\/wp-json\/wp\/v2\/product\/42080","targetHints":{"allow":["GET"]}}],"collection":[{"href":"https:\/\/skinstudio.ee\/lt\/wp-json\/wp\/v2\/product"}],"about":[{"href":"https:\/\/skinstudio.ee\/lt\/wp-json\/wp\/v2\/types\/product"}],"version-history":[{"count":0,"href":"https:\/\/skinstudio.ee\/lt\/wp-json\/wp\/v2\/product\/42080\/revisions"}],"wp:featuredmedia":[{"embeddable":true,"href":"https:\/\/skinstudio.ee\/lt\/wp-json\/wp\/v2\/media\/66695"}],"wp:attachment":[{"href":"https:\/\/skinstudio.ee\/lt\/wp-json\/wp\/v2\/media?parent=42080"}],"wp:term":[{"taxonomy":"pwb-brand","embeddable":true,"href":"https:\/\/skinstudio.ee\/lt\/wp-json\/wp\/v2\/pwb-brand?post=42080"},{"taxonomy":"product_brand","embeddable":true,"href":"https:\/\/skinstudio.ee\/lt\/wp-json\/wp\/v2\/product_brand?post=42080"},{"taxonomy":"product_cat","embeddable":true,"href":"https:\/\/skinstudio.ee\/lt\/wp-json\/wp\/v2\/product_cat?post=42080"},{"taxonomy":"product_tag","embeddable":true,"href":"https:\/\/skinstudio.ee\/lt\/wp-json\/wp\/v2\/product_tag?post=42080"},{"taxonomy":"giftcard-category","embeddable":true,"href":"https:\/\/skinstudio.ee\/lt\/wp-json\/wp\/v2\/giftcard-category?post=42080"}],"curies":[{"name":"wp","href":"https:\/\/api.w.org\/{rel}","templated":true}]}}