{"id":42111,"date":"2025-08-06T11:37:47","date_gmt":"2025-08-06T11:37:47","guid":{"rendered":"https:\/\/skinstudio.ee\/?post_type=product&#038;p=42111"},"modified":"2025-12-30T17:05:47","modified_gmt":"2025-12-30T17:05:47","slug":"watery-hyal-cream","status":"publish","type":"product","link":"https:\/\/skinstudio.ee\/lt\/catalog\/real-barrier\/watery-hyal-cream\/","title":{"rendered":"Watery Hyal Cream"},"content":{"rendered":"<p data-start=\"1076\" data-end=\"1581\">Watery Hyal Cream \u2013 lengvos konsistencijos dr\u0117kinamasis kremas su gelio tekst\u016bra, kuris giliai dr\u0117kina od\u0105, pa\u0161alina sausum\u0105 ir atkuria dr\u0117gm\u0117s balans\u0105. D\u0117l didel\u0117s hialurono r\u016bg\u0161ties koncentracijos kremas sulaiko dr\u0117gm\u0119 odos l\u0105stel\u0117se, pagerina elastingum\u0105, stangrum\u0105 ir lygum\u0105. Formul\u0117 praturtinta raminan\u010diais komponentais, kurie ma\u017eina jautrum\u0105, mal\u0161ina sudirginim\u0105 ir stiprina odos apsaugin\u012f barjer\u0105. Priemon\u0117 greitai \u012fsigeria ir nepalieka lipnumo poj\u016b\u010dio, u\u017etikrindama ilgalaik\u012f komfort\u0105 vis\u0105 dien\u0105.<\/p>\n<p data-start=\"1586\" data-end=\"1602\"><strong data-start=\"1586\" data-end=\"1596\">T\u016bris:<\/strong> 70 ml<\/p>\n","protected":false},"excerpt":{"rendered":"<p data-start=\"1714\" data-end=\"1796\">Lengvos tekst\u016bros dr\u0117kinamasis kremas<\/p>\n<h2 data-start=\"1714\" data-end=\"1796\"><strong data-start=\"1754\" data-end=\"1796\">Real Barrier Watery Hyal Cream savyb\u0117s<\/strong><\/h2>\n<p data-start=\"1798\" data-end=\"1995\">\u2714\ufe0f Giliai dr\u0117kina ir sulaiko dr\u0117gm\u0119<br data-start=\"1833\" data-end=\"1836\" \/>\u2714\ufe0f Gerina odos stangrum\u0105 ir elastingum\u0105<br data-start=\"1875\" data-end=\"1878\" \/>\u2714\ufe0f Pa\u0161alina sausum\u0105 ir tempimo jausm\u0105<br data-start=\"1915\" data-end=\"1918\" \/>\u2714\ufe0f Ramina ir mink\u0161tina jautri\u0105 od\u0105<br data-start=\"1952\" data-end=\"1955\" \/>\u2714\ufe0f Greitai \u012fsigeria ir nepalieka lipnumo<\/p>\n","protected":false},"featured_media":66690,"template":"","meta":[],"pwb-brand":[714],"product_brand":[],"product_cat":[738,746,740],"product_tag":[],"giftcard-category":[],"class_list":{"0":"post-42111","1":"product","2":"type-product","3":"status-publish","4":"has-post-thumbnail","6":"pwb-brand-real-barrier","7":"product_cat-drekinimas","8":"product_cat-jautriai-odai","9":"product_cat-sausai-odai","11":"first","12":"instock","13":"taxable","14":"shipping-taxable","15":"purchasable","16":"product-type-simple"},"acf":[],"brands":[{"id":714,"name":"Real Barrier","slug":"real-barrier"}],"_links":{"self":[{"href":"https:\/\/skinstudio.ee\/lt\/wp-json\/wp\/v2\/product\/42111","targetHints":{"allow":["GET"]}}],"collection":[{"href":"https:\/\/skinstudio.ee\/lt\/wp-json\/wp\/v2\/product"}],"about":[{"href":"https:\/\/skinstudio.ee\/lt\/wp-json\/wp\/v2\/types\/product"}],"version-history":[{"count":0,"href":"https:\/\/skinstudio.ee\/lt\/wp-json\/wp\/v2\/product\/42111\/revisions"}],"wp:featuredmedia":[{"embeddable":true,"href":"https:\/\/skinstudio.ee\/lt\/wp-json\/wp\/v2\/media\/66690"}],"wp:attachment":[{"href":"https:\/\/skinstudio.ee\/lt\/wp-json\/wp\/v2\/media?parent=42111"}],"wp:term":[{"taxonomy":"pwb-brand","embeddable":true,"href":"https:\/\/skinstudio.ee\/lt\/wp-json\/wp\/v2\/pwb-brand?post=42111"},{"taxonomy":"product_brand","embeddable":true,"href":"https:\/\/skinstudio.ee\/lt\/wp-json\/wp\/v2\/product_brand?post=42111"},{"taxonomy":"product_cat","embeddable":true,"href":"https:\/\/skinstudio.ee\/lt\/wp-json\/wp\/v2\/product_cat?post=42111"},{"taxonomy":"product_tag","embeddable":true,"href":"https:\/\/skinstudio.ee\/lt\/wp-json\/wp\/v2\/product_tag?post=42111"},{"taxonomy":"giftcard-category","embeddable":true,"href":"https:\/\/skinstudio.ee\/lt\/wp-json\/wp\/v2\/giftcard-category?post=42111"}],"curies":[{"name":"wp","href":"https:\/\/api.w.org\/{rel}","templated":true}]}}