{"id":42127,"date":"2025-08-06T11:45:00","date_gmt":"2025-08-06T11:45:00","guid":{"rendered":"https:\/\/skinstudio.ee\/?post_type=product&#038;p=42127"},"modified":"2025-12-30T17:05:47","modified_gmt":"2025-12-30T17:05:47","slug":"watery-hyal-serum","status":"publish","type":"product","link":"https:\/\/skinstudio.ee\/lt\/catalog\/real-barrier\/watery-hyal-serum\/","title":{"rendered":"Watery Hyal Serum"},"content":{"rendered":"<p data-start=\"1298\" data-end=\"1821\">Watery Hyal Serum \u2013 lengvos tekst\u016bros, greitai \u012fsigeriantis serumas su didel\u0117s koncentracijos hialurono r\u016bg\u0161timi, intensyviai dr\u0117kinantis od\u0105 ir atkuriantis dr\u0117gm\u0117s balans\u0105 net giliuosiuose jos sluoksniuose. Padeda atkurti nat\u016bral\u0173 odos hidrolipidin\u012f balans\u0105, pa\u0161alina sausumo ir tempimo jausm\u0105, suteikia odai \u0161velnumo, glotnumo ir gaivumo. Sud\u0117tyje esantys raminamieji ir stiprinantys komponentai ma\u017eina odos jautrum\u0105, gerina elastingum\u0105 ir stiprina apsaugin\u012f barjer\u0105. Tinka vis\u0173 tip\u0173 odai, ypa\u010d dehidratuotai ir jautriai.<\/p>\n<p data-start=\"1826\" data-end=\"1842\"><strong data-start=\"1826\" data-end=\"1836\">T\u016bris:<\/strong> 50 ml<\/p>\n","protected":false},"excerpt":{"rendered":"<p data-start=\"1983\" data-end=\"2059\">Intensyviai dr\u0117kinantis serumas<\/p>\n<h2 data-start=\"1983\" data-end=\"2059\"><strong data-start=\"2017\" data-end=\"2059\">Real Barrier Watery Hyal Serum savyb\u0117s<\/strong><\/h2>\n<p data-start=\"2061\" data-end=\"2248\">\u2714\ufe0f Suteikia gili\u0105 ir ilgalaik\u0119 dr\u0117gm\u0119<br data-start=\"2098\" data-end=\"2101\" \/>\u2714\ufe0f Atkuria odos dr\u0117gm\u0117s balans\u0105<br data-start=\"2132\" data-end=\"2135\" \/>\u2714\ufe0f Ma\u017eina sausum\u0105 ir tempimo poj\u016bt\u012f<br data-start=\"2170\" data-end=\"2173\" \/>\u2714\ufe0f Gerina odos elastingum\u0105 ir \u0161velnum\u0105<br data-start=\"2211\" data-end=\"2214\" \/>\u2714\ufe0f Ramina ir stiprina odos barjer\u0105<\/p>\n","protected":false},"featured_media":66685,"template":"","meta":[],"pwb-brand":[714],"product_brand":[],"product_cat":[738,746,740,750,724],"product_tag":[],"giftcard-category":[],"class_list":{"0":"post-42127","1":"product","2":"type-product","3":"status-publish","4":"has-post-thumbnail","6":"pwb-brand-real-barrier","7":"product_cat-drekinimas","8":"product_cat-jautriai-odai","9":"product_cat-sausai-odai","10":"product_cat-senstanti-oda","11":"product_cat-serumai","13":"first","14":"instock","15":"taxable","16":"shipping-taxable","17":"purchasable","18":"product-type-simple"},"acf":[],"brands":[{"id":714,"name":"Real Barrier","slug":"real-barrier"}],"_links":{"self":[{"href":"https:\/\/skinstudio.ee\/lt\/wp-json\/wp\/v2\/product\/42127","targetHints":{"allow":["GET"]}}],"collection":[{"href":"https:\/\/skinstudio.ee\/lt\/wp-json\/wp\/v2\/product"}],"about":[{"href":"https:\/\/skinstudio.ee\/lt\/wp-json\/wp\/v2\/types\/product"}],"version-history":[{"count":0,"href":"https:\/\/skinstudio.ee\/lt\/wp-json\/wp\/v2\/product\/42127\/revisions"}],"wp:featuredmedia":[{"embeddable":true,"href":"https:\/\/skinstudio.ee\/lt\/wp-json\/wp\/v2\/media\/66685"}],"wp:attachment":[{"href":"https:\/\/skinstudio.ee\/lt\/wp-json\/wp\/v2\/media?parent=42127"}],"wp:term":[{"taxonomy":"pwb-brand","embeddable":true,"href":"https:\/\/skinstudio.ee\/lt\/wp-json\/wp\/v2\/pwb-brand?post=42127"},{"taxonomy":"product_brand","embeddable":true,"href":"https:\/\/skinstudio.ee\/lt\/wp-json\/wp\/v2\/product_brand?post=42127"},{"taxonomy":"product_cat","embeddable":true,"href":"https:\/\/skinstudio.ee\/lt\/wp-json\/wp\/v2\/product_cat?post=42127"},{"taxonomy":"product_tag","embeddable":true,"href":"https:\/\/skinstudio.ee\/lt\/wp-json\/wp\/v2\/product_tag?post=42127"},{"taxonomy":"giftcard-category","embeddable":true,"href":"https:\/\/skinstudio.ee\/lt\/wp-json\/wp\/v2\/giftcard-category?post=42127"}],"curies":[{"name":"wp","href":"https:\/\/api.w.org\/{rel}","templated":true}]}}