{"id":42143,"date":"2025-08-06T11:54:08","date_gmt":"2025-08-06T11:54:08","guid":{"rendered":"https:\/\/skinstudio.ee\/?post_type=product&#038;p=42143"},"modified":"2025-12-30T17:05:47","modified_gmt":"2025-12-30T17:05:47","slug":"watery-hyal-serum-mask","status":"publish","type":"product","link":"https:\/\/skinstudio.ee\/lt\/catalog\/real-barrier\/watery-hyal-serum-mask\/","title":{"rendered":"Watery Hyal Serum Mask"},"content":{"rendered":"<p data-start=\"1206\" data-end=\"1779\">Klinikiniais tyrimais \u012frodyta, kad \u0161i kauk\u0117 pagerina odos dr\u0117kinimo lyg\u012f, padidina dr\u0117gm\u0119 tiek pavir\u0161iniuose, tiek giliuosiuose sluoksniuose ir suma\u017eina sudirginim\u0105, kur\u012f sukelia rank\u0161luos\u010diu \u0161luostymas ir kiti kasdieniai veiksniai.<br data-start=\"1438\" data-end=\"1441\" \/>Serumu prisotinta lak\u0161tin\u0117 kauk\u0117, kurios sud\u0117tyje 91 % nat\u016bralios kilm\u0117s ingredient\u0173, \u0161velniai ramina ir atkuria jautri\u0105 od\u0105.<br data-start=\"1566\" data-end=\"1569\" \/>Biologi\u0161kai suyrantis vegani\u0161kas audinys glaud\u017eiai priglunda prie veido, tolygiai paskirsto veikli\u0105sias med\u017eiagas ir pripildo od\u0105 subalansuota dr\u0117gme. Oda tampa \u0161velni, stangri ir \u0161vytinti vos po keli\u0173 minu\u010di\u0173.<\/p>\n<p data-start=\"1784\" data-end=\"1800\"><strong data-start=\"1784\" data-end=\"1794\">T\u016bris:<\/strong> 25 ml<\/p>\n","protected":false},"excerpt":{"rendered":"<p data-start=\"1989\" data-end=\"2065\">Dr\u0117kinamoji lak\u0161tin\u0117 kauk\u0117<\/p>\n<h2 data-start=\"1989\" data-end=\"2065\"><strong data-start=\"2018\" data-end=\"2065\">Real Barrier Watery Hyal Serum Mask savyb\u0117s<\/strong><\/h2>\n<p data-start=\"2067\" data-end=\"2260\">\u2714\ufe0f Ramina jautri\u0105 ir sudirgusi\u0105 od\u0105<br data-start=\"2102\" data-end=\"2105\" \/>\u2714\ufe0f Intensyviai dr\u0117kina ir gaivina<br data-start=\"2138\" data-end=\"2141\" \/>\u2714\ufe0f Atkuria odos dr\u0117gm\u0117s balans\u0105<br data-start=\"2172\" data-end=\"2175\" \/>\u2714\ufe0f Mink\u0161tina, lygina ir suteikia \u0161vyt\u0117jimo<br data-start=\"2217\" data-end=\"2220\" \/>\u2714\ufe0f Greitai suteikia komfort\u0105 ir \u0161velnum\u0105<\/p>\n","protected":false},"featured_media":66679,"template":"","meta":[],"pwb-brand":[714],"product_brand":[],"product_cat":[738,746,726,750],"product_tag":[],"giftcard-category":[],"class_list":{"0":"post-42143","1":"product","2":"type-product","3":"status-publish","4":"has-post-thumbnail","6":"pwb-brand-real-barrier","7":"product_cat-drekinimas","8":"product_cat-jautriai-odai","9":"product_cat-maskas-lt","10":"product_cat-senstanti-oda","12":"first","13":"instock","14":"taxable","15":"shipping-taxable","16":"purchasable","17":"product-type-simple"},"acf":[],"brands":[{"id":714,"name":"Real Barrier","slug":"real-barrier"}],"_links":{"self":[{"href":"https:\/\/skinstudio.ee\/lt\/wp-json\/wp\/v2\/product\/42143","targetHints":{"allow":["GET"]}}],"collection":[{"href":"https:\/\/skinstudio.ee\/lt\/wp-json\/wp\/v2\/product"}],"about":[{"href":"https:\/\/skinstudio.ee\/lt\/wp-json\/wp\/v2\/types\/product"}],"version-history":[{"count":0,"href":"https:\/\/skinstudio.ee\/lt\/wp-json\/wp\/v2\/product\/42143\/revisions"}],"wp:featuredmedia":[{"embeddable":true,"href":"https:\/\/skinstudio.ee\/lt\/wp-json\/wp\/v2\/media\/66679"}],"wp:attachment":[{"href":"https:\/\/skinstudio.ee\/lt\/wp-json\/wp\/v2\/media?parent=42143"}],"wp:term":[{"taxonomy":"pwb-brand","embeddable":true,"href":"https:\/\/skinstudio.ee\/lt\/wp-json\/wp\/v2\/pwb-brand?post=42143"},{"taxonomy":"product_brand","embeddable":true,"href":"https:\/\/skinstudio.ee\/lt\/wp-json\/wp\/v2\/product_brand?post=42143"},{"taxonomy":"product_cat","embeddable":true,"href":"https:\/\/skinstudio.ee\/lt\/wp-json\/wp\/v2\/product_cat?post=42143"},{"taxonomy":"product_tag","embeddable":true,"href":"https:\/\/skinstudio.ee\/lt\/wp-json\/wp\/v2\/product_tag?post=42143"},{"taxonomy":"giftcard-category","embeddable":true,"href":"https:\/\/skinstudio.ee\/lt\/wp-json\/wp\/v2\/giftcard-category?post=42143"}],"curies":[{"name":"wp","href":"https:\/\/api.w.org\/{rel}","templated":true}]}}