{"id":42160,"date":"2025-08-06T12:03:47","date_gmt":"2025-08-06T12:03:47","guid":{"rendered":"https:\/\/skinstudio.ee\/?post_type=product&#038;p=42160"},"modified":"2025-12-30T17:05:48","modified_gmt":"2025-12-30T17:05:48","slug":"control-t-acid-quick-boosting-pad","status":"publish","type":"product","link":"https:\/\/skinstudio.ee\/lt\/catalog\/real-barrier\/control-t-acid-quick-boosting-pad\/","title":{"rendered":"Control-T Acid Quick Boosting Pad"},"content":{"rendered":"<p data-start=\"1804\" data-end=\"2104\">Klinikiniais tyrimais \u012frodyta, kad jau po vieno naudojimo \u0161ios r\u016bg\u0161\u010di\u0173 padel\u0117s pa\u0161alina 88,1\u202f% negyv\u0173 odos l\u0105steli\u0173 ir suma\u017eina sebumo gamyb\u0105 77,4\u202f%, veiksmingai u\u017ekertant keli\u0105 juodarak\u0161\u010di\u0173 ir b\u0117rim\u0173 atsiradimui, matuojamai ma\u017einant por\u0173 matomum\u0105 bei suteikiant odai lygumo ir spindesio.<\/p>\n<p data-start=\"2106\" data-end=\"2297\">\u0160is produktas suteikia intensyv\u0173 dr\u0117kinim\u0105 \u2013 padidina odos dr\u0117gm\u0117s lyg\u012f 82,4\u202f% ir palaiko j\u012f ilg\u0105 laik\u0105. Be to, jis ma\u017eina odos reaktyvum\u0105, spar\u010diau padeda nuraminti sudirgimus ir paraudimus.<\/p>\n<p data-start=\"2299\" data-end=\"2434\">Pagalv\u0117l\u0117s pagamintos i\u0161 mink\u0161to perforuoto audinio, kur\u012f galima lengvai padalinti ir patogiai naudoti net sunkiai prieinamose vietose.<\/p>\n<p data-start=\"2439\" data-end=\"2456\"><strong data-start=\"2439\" data-end=\"2449\">T\u016bris:<\/strong> 210 ml<\/p>\n","protected":false},"excerpt":{"rendered":"<p data-start=\"1236\" data-end=\"1275\">Exfoliuojan\u010dios pagalv\u0117l\u0117s su r\u016bg\u0161\u010di\u0173 kompleksu<\/p>\n<h2 data-start=\"1236\" data-end=\"1275\"><strong data-start=\"1523\" data-end=\"1581\">Real Barrier Control-T Acid Quick Boosting Pad savyb\u0117s<\/strong><\/h2>\n<p data-start=\"1236\" data-end=\"1275\">\u2714\ufe0f Efektyviai pa\u0161alina negyvas odos l\u0105steles<br data-start=\"1628\" data-end=\"1631\" \/>\u2714\ufe0f Gaivina ir lygina odos pavir\u0161i\u0173<br data-start=\"1665\" data-end=\"1668\" \/>\u2714\ufe0f Ma\u017eina por\u0173 matomum\u0105 ir gerina tekst\u016br\u0105<br data-start=\"1710\" data-end=\"1713\" \/>\u2714\ufe0f Sulaiko u\u017edegimus ir juodarak\u0161t\u0117s<br data-start=\"1749\" data-end=\"1752\" \/>\u2714\ufe0f Paruo\u0161ia od\u0105 tolimesniam prie\u017ei\u016bros etapui<\/p>\n","protected":false},"featured_media":66674,"template":"","meta":[],"pwb-brand":[714],"product_brand":[],"product_cat":[744,746,752,750,722],"product_tag":[],"giftcard-category":[],"class_list":{"0":"post-42160","1":"product","2":"type-product","3":"status-publish","4":"has-post-thumbnail","6":"pwb-brand-real-barrier","7":"product_cat-issipletusios-poros","8":"product_cat-jautriai-odai","9":"product_cat-pigmentacija-lt","10":"product_cat-senstanti-oda","11":"product_cat-toneriai","13":"first","14":"instock","15":"taxable","16":"shipping-taxable","17":"purchasable","18":"product-type-simple"},"acf":[],"brands":[{"id":714,"name":"Real Barrier","slug":"real-barrier"}],"_links":{"self":[{"href":"https:\/\/skinstudio.ee\/lt\/wp-json\/wp\/v2\/product\/42160","targetHints":{"allow":["GET"]}}],"collection":[{"href":"https:\/\/skinstudio.ee\/lt\/wp-json\/wp\/v2\/product"}],"about":[{"href":"https:\/\/skinstudio.ee\/lt\/wp-json\/wp\/v2\/types\/product"}],"version-history":[{"count":0,"href":"https:\/\/skinstudio.ee\/lt\/wp-json\/wp\/v2\/product\/42160\/revisions"}],"wp:featuredmedia":[{"embeddable":true,"href":"https:\/\/skinstudio.ee\/lt\/wp-json\/wp\/v2\/media\/66674"}],"wp:attachment":[{"href":"https:\/\/skinstudio.ee\/lt\/wp-json\/wp\/v2\/media?parent=42160"}],"wp:term":[{"taxonomy":"pwb-brand","embeddable":true,"href":"https:\/\/skinstudio.ee\/lt\/wp-json\/wp\/v2\/pwb-brand?post=42160"},{"taxonomy":"product_brand","embeddable":true,"href":"https:\/\/skinstudio.ee\/lt\/wp-json\/wp\/v2\/product_brand?post=42160"},{"taxonomy":"product_cat","embeddable":true,"href":"https:\/\/skinstudio.ee\/lt\/wp-json\/wp\/v2\/product_cat?post=42160"},{"taxonomy":"product_tag","embeddable":true,"href":"https:\/\/skinstudio.ee\/lt\/wp-json\/wp\/v2\/product_tag?post=42160"},{"taxonomy":"giftcard-category","embeddable":true,"href":"https:\/\/skinstudio.ee\/lt\/wp-json\/wp\/v2\/giftcard-category?post=42160"}],"curies":[{"name":"wp","href":"https:\/\/api.w.org\/{rel}","templated":true}]}}