{"id":42209,"date":"2025-08-12T18:14:32","date_gmt":"2025-08-12T18:14:32","guid":{"rendered":"https:\/\/skinstudio.ee\/?post_type=product&#038;p=42209"},"modified":"2026-04-07T08:54:19","modified_gmt":"2026-04-07T08:54:19","slug":"creatine-capsules","status":"publish","type":"product","link":"https:\/\/skinstudio.ee\/lt\/catalog\/life-extension\/creatine-capsules\/","title":{"rendered":"Creatine Capsules"},"content":{"rendered":"<p data-start=\"3117\" data-end=\"3302\"><strong data-start=\"3117\" data-end=\"3157\">Creatine Capsules nuo Life Extension<\/strong> &#8211; maisto papildas su kreatinu kapsul\u0117se. Kreatinas didina fizin\u012f paj\u0117gum\u0105 atliekant pasikartojan\u010dius trumpalaikius didelio intensyvumo pratimus.<\/p>\n<p data-start=\"3304\" data-end=\"3503\">Kreatinas yra junginys, nat\u016braliai esantis organizme ir naudojamas raumen\u0173 audiniuose. Jis pla\u010diai naudojamas maisto papilduose ir da\u017enai \u012ftraukiamas \u012f aktyv\u0173 gyvenimo b\u016bd\u0105 gyvenan\u010di\u0173 \u017emoni\u0173 racion\u0105.<\/p>\n<p data-start=\"3505\" data-end=\"3641\">Formul\u0117 pateikiama patogioje kapsuli\u0173 formoje kasdieniam vartojimui. Produkt\u0105 lengva integruoti \u012f kasdien\u0119 rutin\u0105 ir treniruo\u010di\u0173 re\u017eim\u0105.<\/p>\n<p data-start=\"3643\" data-end=\"3666\"><strong data-start=\"3643\" data-end=\"3666\">Pagaminta Europoje.<\/strong><\/p>\n<p data-start=\"3668\" data-end=\"3815\"><strong data-start=\"3668\" data-end=\"3689\">Galiojimo laikas:<\/strong> \u017ei\u016br\u0117ti ant pakuot\u0117s<br data-start=\"3710\" data-end=\"3713\" \/><strong data-start=\"3713\" data-end=\"3733\">Laikymo s\u0105lygos:<\/strong> laikyti sandariai u\u017edaryt\u0105 v\u0117sioje ir sausoje vietoje<br data-start=\"3787\" data-end=\"3790\" \/><strong data-start=\"3790\" data-end=\"3800\">T\u016bris:<\/strong> 120 kapsuli\u0173<\/p>\n","protected":false},"excerpt":{"rendered":"<p data-start=\"3822\" data-end=\"3851\">Maisto papildas su kreatinu<\/p>\n<h2 data-section-id=\"pzke9u\" data-start=\"3853\" data-end=\"3903\"><strong data-start=\"3857\" data-end=\"3903\">Life Extension &#8211; Creatine Capsules Savyb\u0117s<\/strong><\/h2>\n<p data-start=\"3905\" data-end=\"4085\">\u2714\ufe0f Sud\u0117tyje yra kreatino kapsul\u0117se<br data-start=\"3939\" data-end=\"3942\" \/>\u2714\ufe0f Formul\u0117 trumpalaikiams didelio intensyvumo pratimams<br data-start=\"3997\" data-end=\"4000\" \/>\u2714\ufe0f Tinka \u012ftraukti \u012f treniruo\u010di\u0173 re\u017eim\u0105<br data-start=\"4038\" data-end=\"4041\" \/>\u2714\ufe0f Tinka kasdieniam vartojimui<br data-start=\"4071\" data-end=\"4074\" \/>\u2714\ufe0f Be GMO<\/p>\n","protected":false},"featured_media":63420,"template":"","meta":[],"pwb-brand":[775],"product_brand":[],"product_cat":[769],"product_tag":[],"giftcard-category":[],"class_list":{"0":"post-42209","1":"product","2":"type-product","3":"status-publish","4":"has-post-thumbnail","6":"pwb-brand-life-extension","7":"product_cat-vitaminai","9":"first","10":"instock","11":"taxable","12":"shipping-taxable","13":"purchasable","14":"product-type-simple"},"acf":[],"brands":[{"id":775,"name":"Life Extension","slug":"life-extension"}],"_links":{"self":[{"href":"https:\/\/skinstudio.ee\/lt\/wp-json\/wp\/v2\/product\/42209","targetHints":{"allow":["GET"]}}],"collection":[{"href":"https:\/\/skinstudio.ee\/lt\/wp-json\/wp\/v2\/product"}],"about":[{"href":"https:\/\/skinstudio.ee\/lt\/wp-json\/wp\/v2\/types\/product"}],"version-history":[{"count":2,"href":"https:\/\/skinstudio.ee\/lt\/wp-json\/wp\/v2\/product\/42209\/revisions"}],"predecessor-version":[{"id":87058,"href":"https:\/\/skinstudio.ee\/lt\/wp-json\/wp\/v2\/product\/42209\/revisions\/87058"}],"wp:featuredmedia":[{"embeddable":true,"href":"https:\/\/skinstudio.ee\/lt\/wp-json\/wp\/v2\/media\/63420"}],"wp:attachment":[{"href":"https:\/\/skinstudio.ee\/lt\/wp-json\/wp\/v2\/media?parent=42209"}],"wp:term":[{"taxonomy":"pwb-brand","embeddable":true,"href":"https:\/\/skinstudio.ee\/lt\/wp-json\/wp\/v2\/pwb-brand?post=42209"},{"taxonomy":"product_brand","embeddable":true,"href":"https:\/\/skinstudio.ee\/lt\/wp-json\/wp\/v2\/product_brand?post=42209"},{"taxonomy":"product_cat","embeddable":true,"href":"https:\/\/skinstudio.ee\/lt\/wp-json\/wp\/v2\/product_cat?post=42209"},{"taxonomy":"product_tag","embeddable":true,"href":"https:\/\/skinstudio.ee\/lt\/wp-json\/wp\/v2\/product_tag?post=42209"},{"taxonomy":"giftcard-category","embeddable":true,"href":"https:\/\/skinstudio.ee\/lt\/wp-json\/wp\/v2\/giftcard-category?post=42209"}],"curies":[{"name":"wp","href":"https:\/\/api.w.org\/{rel}","templated":true}]}}