{"id":42286,"date":"2025-08-08T11:58:54","date_gmt":"2025-08-08T11:58:54","guid":{"rendered":"https:\/\/skinstudio.ee\/?post_type=product&#038;p=42286"},"modified":"2025-12-30T17:05:48","modified_gmt":"2025-12-30T17:05:48","slug":"aqua-soothing-ampoule","status":"publish","type":"product","link":"https:\/\/skinstudio.ee\/lt\/catalog\/real-barrier\/aqua-soothing-ampoule\/","title":{"rendered":"Aqua Soothing Ampoule"},"content":{"rendered":"<p data-start=\"1034\" data-end=\"1379\">Real Barrier Aqua Soothing Ampoule sukurtas intensyviam odos dr\u0117kinimui \u2013 padeda pa\u0161alinti dehidratacij\u0105, tempimo poj\u016bt\u012f, sausum\u0105 ir pleiskanojim\u0105. Serumas prisotina od\u0105 dr\u0117gme ir padeda j\u0105 i\u0161laikyti epidermio l\u0105stel\u0117se. Reguliariai naudojant, jis i\u0161lygina odos mikroreljef\u0105, suma\u017eina smulkias rauk\u0161leles, pagerina odos stangrum\u0105 ir elastingum\u0105.<\/p>\n<p data-start=\"1381\" data-end=\"1401\"><strong data-start=\"1381\" data-end=\"1391\">T\u016bris:<\/strong> <strong data-start=\"1392\" data-end=\"1401\">30 ml<\/strong><\/p>\n","protected":false},"excerpt":{"rendered":"<p data-start=\"1569\" data-end=\"1626\">Dr\u0117kinamasis ampulinis serumas intensyviai prie\u017ei\u016brai<\/p>\n<h2 data-start=\"1628\" data-end=\"1862\"><strong data-start=\"1628\" data-end=\"1674\">Real Barrier Aqua Soothing Ampoule savyb\u0117s<\/strong><\/h2>\n<p data-start=\"1628\" data-end=\"1862\">\u2714\ufe0f Suteikia gil\u0173 dr\u0117kinim\u0105<br data-start=\"1703\" data-end=\"1706\" \/>\u2714\ufe0f Ma\u017eina tempimo poj\u016bt\u012f<br data-start=\"1730\" data-end=\"1733\" \/>\u2714\ufe0f I\u0161lygina odos mikroreljef\u0105 ir smulkias rauk\u0161leles<br data-start=\"1785\" data-end=\"1788\" \/>\u2714\ufe0f Pagerina odos stangrum\u0105 ir elastingum\u0105<br data-start=\"1829\" data-end=\"1832\" \/>\u2714\ufe0f Tinka kasdieniam naudojimui<\/p>\n","protected":false},"featured_media":42276,"template":"","meta":[],"pwb-brand":[714],"product_brand":[],"product_cat":[738,746,750,724],"product_tag":[],"giftcard-category":[],"class_list":{"0":"post-42286","1":"product","2":"type-product","3":"status-publish","4":"has-post-thumbnail","6":"pwb-brand-real-barrier","7":"product_cat-drekinimas","8":"product_cat-jautriai-odai","9":"product_cat-senstanti-oda","10":"product_cat-serumai","12":"first","13":"instock","14":"taxable","15":"shipping-taxable","16":"purchasable","17":"product-type-simple"},"acf":[],"brands":[{"id":714,"name":"Real Barrier","slug":"real-barrier"}],"_links":{"self":[{"href":"https:\/\/skinstudio.ee\/lt\/wp-json\/wp\/v2\/product\/42286","targetHints":{"allow":["GET"]}}],"collection":[{"href":"https:\/\/skinstudio.ee\/lt\/wp-json\/wp\/v2\/product"}],"about":[{"href":"https:\/\/skinstudio.ee\/lt\/wp-json\/wp\/v2\/types\/product"}],"version-history":[{"count":0,"href":"https:\/\/skinstudio.ee\/lt\/wp-json\/wp\/v2\/product\/42286\/revisions"}],"wp:featuredmedia":[{"embeddable":true,"href":"https:\/\/skinstudio.ee\/lt\/wp-json\/wp\/v2\/media\/42276"}],"wp:attachment":[{"href":"https:\/\/skinstudio.ee\/lt\/wp-json\/wp\/v2\/media?parent=42286"}],"wp:term":[{"taxonomy":"pwb-brand","embeddable":true,"href":"https:\/\/skinstudio.ee\/lt\/wp-json\/wp\/v2\/pwb-brand?post=42286"},{"taxonomy":"product_brand","embeddable":true,"href":"https:\/\/skinstudio.ee\/lt\/wp-json\/wp\/v2\/product_brand?post=42286"},{"taxonomy":"product_cat","embeddable":true,"href":"https:\/\/skinstudio.ee\/lt\/wp-json\/wp\/v2\/product_cat?post=42286"},{"taxonomy":"product_tag","embeddable":true,"href":"https:\/\/skinstudio.ee\/lt\/wp-json\/wp\/v2\/product_tag?post=42286"},{"taxonomy":"giftcard-category","embeddable":true,"href":"https:\/\/skinstudio.ee\/lt\/wp-json\/wp\/v2\/giftcard-category?post=42286"}],"curies":[{"name":"wp","href":"https:\/\/api.w.org\/{rel}","templated":true}]}}