{"id":42328,"date":"2025-08-07T12:43:08","date_gmt":"2025-08-07T12:43:08","guid":{"rendered":"https:\/\/skinstudio.ee\/?post_type=product&#038;p=42328"},"modified":"2025-12-24T12:26:24","modified_gmt":"2025-12-24T12:26:24","slug":"ac-control-body-wash","status":"publish","type":"product","link":"https:\/\/skinstudio.ee\/lt\/catalog\/dermab\/ac-control-body-wash\/","title":{"rendered":"AC Control Body Wash"},"content":{"rendered":"<p data-start=\"1498\" data-end=\"1818\"><strong>Derma:B AC Control Body Wash<\/strong> sukurtas specialiai problemin\u0117s k\u016bno odos prie\u017ei\u016brai. Formul\u0117 su salicilo r\u016bg\u0161timi \u0161velniai pa\u0161alina negyvas odos l\u0105steles, i\u0161valo poras ir padeda i\u0161vengti b\u0117rim\u0173. Veikliosios med\u017eiagos, tokios kaip neem, ciber\u017eol\u0117s ir bakla\u017eano ekstraktai, pasi\u017eymi prie\u0161u\u017edegiminiu ir raminamuoju poveikiu.<\/p>\n<p data-start=\"1820\" data-end=\"2143\">D\u0117l mentolio ir m\u0117t\u0173 eterini\u0173 aliej\u0173 v\u0117sinan\u010dio poveikio prausiklis gaivina od\u0105 ir mal\u0161ina nie\u017e\u0117jim\u0105 bei diskomfort\u0105. Hialurono r\u016bg\u0161ties kompleksas \u012fvairiomis formomis intensyviai dr\u0117kina od\u0105 ir saugo j\u0105 nuo i\u0161saus\u0117jimo. Tinka kasdieniam naudojimui, ypa\u010d riebiai ir \u012f akn\u0119 linkusiai odai nugaros, kr\u016btin\u0117s ir pe\u010di\u0173 srityse.<\/p>\n<p data-start=\"2145\" data-end=\"2166\"><strong data-start=\"2145\" data-end=\"2155\">T\u016bris:<\/strong> <strong data-start=\"2156\" data-end=\"2166\">420 ml<\/strong><\/p>\n","protected":false},"excerpt":{"rendered":"<p data-start=\"2399\" data-end=\"2444\">Valomasis k\u016bno gelis su salicilo r\u016bg\u0161timi<\/p>\n<h2 data-start=\"2446\" data-end=\"2724\"><strong data-start=\"2446\" data-end=\"2486\">Derma:B &#8211; AC Control Body Wash savyb\u0117s<\/strong><\/h2>\n<p data-start=\"2446\" data-end=\"2724\">\u2714\ufe0f \u0160velniai valo od\u0105 nepa\u017eeid\u017eiant lipidinio barjero<br data-start=\"2541\" data-end=\"2544\" \/>\u2714\ufe0f Padeda suma\u017einti u\u017edegimus ir b\u0117rimus ant k\u016bno<br data-start=\"2593\" data-end=\"2596\" \/>\u2714\ufe0f Sud\u0117tyje yra salicilo r\u016bg\u0161ties \u0161veitimui ir por\u0173 valymui<br data-start=\"2655\" data-end=\"2658\" \/>\u2714\ufe0f Gaivina mentoliu ir m\u0117tomis<br data-start=\"2688\" data-end=\"2691\" \/>\u2714\ufe0f Ramina od\u0105 ir ma\u017eina sudirgim\u0105<\/p>\n","protected":false},"featured_media":65662,"template":"","meta":[],"pwb-brand":[784],"product_brand":[],"product_cat":[742,758],"product_tag":[],"giftcard-category":[],"class_list":{"0":"post-42328","1":"product","2":"type-product","3":"status-publish","4":"has-post-thumbnail","6":"pwb-brand-dermab","7":"product_cat-berimai","8":"product_cat-kuno-prieziura","10":"first","11":"instock","12":"taxable","13":"shipping-taxable","14":"purchasable","15":"product-type-simple"},"acf":[],"brands":[{"id":784,"name":"Derma:B","slug":"dermab"}],"_links":{"self":[{"href":"https:\/\/skinstudio.ee\/lt\/wp-json\/wp\/v2\/product\/42328","targetHints":{"allow":["GET"]}}],"collection":[{"href":"https:\/\/skinstudio.ee\/lt\/wp-json\/wp\/v2\/product"}],"about":[{"href":"https:\/\/skinstudio.ee\/lt\/wp-json\/wp\/v2\/types\/product"}],"version-history":[{"count":0,"href":"https:\/\/skinstudio.ee\/lt\/wp-json\/wp\/v2\/product\/42328\/revisions"}],"wp:featuredmedia":[{"embeddable":true,"href":"https:\/\/skinstudio.ee\/lt\/wp-json\/wp\/v2\/media\/65662"}],"wp:attachment":[{"href":"https:\/\/skinstudio.ee\/lt\/wp-json\/wp\/v2\/media?parent=42328"}],"wp:term":[{"taxonomy":"pwb-brand","embeddable":true,"href":"https:\/\/skinstudio.ee\/lt\/wp-json\/wp\/v2\/pwb-brand?post=42328"},{"taxonomy":"product_brand","embeddable":true,"href":"https:\/\/skinstudio.ee\/lt\/wp-json\/wp\/v2\/product_brand?post=42328"},{"taxonomy":"product_cat","embeddable":true,"href":"https:\/\/skinstudio.ee\/lt\/wp-json\/wp\/v2\/product_cat?post=42328"},{"taxonomy":"product_tag","embeddable":true,"href":"https:\/\/skinstudio.ee\/lt\/wp-json\/wp\/v2\/product_tag?post=42328"},{"taxonomy":"giftcard-category","embeddable":true,"href":"https:\/\/skinstudio.ee\/lt\/wp-json\/wp\/v2\/giftcard-category?post=42328"}],"curies":[{"name":"wp","href":"https:\/\/api.w.org\/{rel}","templated":true}]}}