{"id":42343,"date":"2025-08-07T12:55:15","date_gmt":"2025-08-07T12:55:15","guid":{"rendered":"https:\/\/skinstudio.ee\/?post_type=product&#038;p=42343"},"modified":"2026-01-22T15:04:11","modified_gmt":"2026-01-22T15:04:11","slug":"ultra-b2-recovery-cream","status":"publish","type":"product","link":"https:\/\/skinstudio.ee\/lt\/catalog\/ultraceuticals\/ultra-b2-recovery-cream\/","title":{"rendered":"Ultra B2 Recovery Cream"},"content":{"rendered":"<p data-start=\"1425\" data-end=\"1855\">Puikus dr\u0117kinamasis atkuriamasis kremas odos prie\u017ei\u016brai po proced\u016br\u0173 arba po buvimo saul\u0117je. Greitai veikianti formul\u0117 su B\u00b2 technologija (vitaminas B3 \u2013 niacinamidas ir provitaminas B5 \u2013 pantenolis) padeda padidinti dr\u0117gm\u0117s lyg\u012f ir nuraminti jautri\u0105 od\u0105. Praturtintas bisabololiu, alantoinu, Tasm\u0101nijos pipir\u0173 ekstraktu ir vitamino E fosfatais \u2013 suteikia v\u0117sinant\u012f ir raminant\u012f poveik\u012f bei padeda stiprinti nat\u016bral\u0173 odos barjer\u0105.<\/p>\n<p data-start=\"1857\" data-end=\"2001\">Dermatologi\u0161kai patikrintas, tinkamas jautriai odai. Oftalmologi\u0161kai patikrintas, tinka jautrioms akims. Nekomedogeni\u0161kas. Be kvapi\u0173j\u0173 med\u017eiag\u0173.<\/p>\n<p data-start=\"2003\" data-end=\"2023\"><strong data-start=\"2003\" data-end=\"2013\">T\u016bris:<\/strong> <strong data-start=\"2014\" data-end=\"2023\">50 ml<\/strong><\/p>\n","protected":false},"excerpt":{"rendered":"<p data-start=\"2288\" data-end=\"2334\">Atkuriamasis kremas su B grup\u0117s vitaminais<\/p>\n<h2 data-start=\"2336\" data-end=\"2643\"><strong data-start=\"2336\" data-end=\"2386\">Ultraceuticals Ultra B2 Recovery Cream savyb\u0117s<\/strong><\/h2>\n<p data-start=\"2336\" data-end=\"2643\">\u2714\ufe0f Suteikia ilgalaik\u012f dr\u0117kinim\u0105 ir apsaugo nuo i\u0161saus\u0117jimo<br data-start=\"2447\" data-end=\"2450\" \/>\u2714\ufe0f Atkuria pa\u017eeist\u0105 odos apsaugin\u012f barjer\u0105<br data-start=\"2492\" data-end=\"2495\" \/>\u2714\ufe0f Sud\u0117tyje yra B2 vitamino ir pantenolio odos regeneracijai skatinti<br data-start=\"2564\" data-end=\"2567\" \/>\u2714\ufe0f Ramina sudirgusi\u0105 ir jautri\u0105 od\u0105<br data-start=\"2602\" data-end=\"2605\" \/>\u2714\ufe0f Pagerina odos stangrum\u0105 ir glotnum\u0105<\/p>\n","protected":false},"featured_media":65824,"template":"","meta":[],"pwb-brand":[786],"product_brand":[],"product_cat":[738,746,750],"product_tag":[],"giftcard-category":[],"class_list":{"0":"post-42343","1":"product","2":"type-product","3":"status-publish","4":"has-post-thumbnail","6":"pwb-brand-ultraceuticals","7":"product_cat-drekinimas","8":"product_cat-jautriai-odai","9":"product_cat-senstanti-oda","11":"first","12":"instock","13":"taxable","14":"shipping-taxable","15":"purchasable","16":"product-type-simple"},"acf":[],"brands":[{"id":786,"name":"Ultraceuticals","slug":"ultraceuticals"}],"_links":{"self":[{"href":"https:\/\/skinstudio.ee\/lt\/wp-json\/wp\/v2\/product\/42343","targetHints":{"allow":["GET"]}}],"collection":[{"href":"https:\/\/skinstudio.ee\/lt\/wp-json\/wp\/v2\/product"}],"about":[{"href":"https:\/\/skinstudio.ee\/lt\/wp-json\/wp\/v2\/types\/product"}],"version-history":[{"count":0,"href":"https:\/\/skinstudio.ee\/lt\/wp-json\/wp\/v2\/product\/42343\/revisions"}],"wp:featuredmedia":[{"embeddable":true,"href":"https:\/\/skinstudio.ee\/lt\/wp-json\/wp\/v2\/media\/65824"}],"wp:attachment":[{"href":"https:\/\/skinstudio.ee\/lt\/wp-json\/wp\/v2\/media?parent=42343"}],"wp:term":[{"taxonomy":"pwb-brand","embeddable":true,"href":"https:\/\/skinstudio.ee\/lt\/wp-json\/wp\/v2\/pwb-brand?post=42343"},{"taxonomy":"product_brand","embeddable":true,"href":"https:\/\/skinstudio.ee\/lt\/wp-json\/wp\/v2\/product_brand?post=42343"},{"taxonomy":"product_cat","embeddable":true,"href":"https:\/\/skinstudio.ee\/lt\/wp-json\/wp\/v2\/product_cat?post=42343"},{"taxonomy":"product_tag","embeddable":true,"href":"https:\/\/skinstudio.ee\/lt\/wp-json\/wp\/v2\/product_tag?post=42343"},{"taxonomy":"giftcard-category","embeddable":true,"href":"https:\/\/skinstudio.ee\/lt\/wp-json\/wp\/v2\/giftcard-category?post=42343"}],"curies":[{"name":"wp","href":"https:\/\/api.w.org\/{rel}","templated":true}]}}