{"id":42358,"date":"2025-08-07T13:03:48","date_gmt":"2025-08-07T13:03:48","guid":{"rendered":"https:\/\/skinstudio.ee\/?post_type=product&#038;p=42358"},"modified":"2026-01-22T15:04:11","modified_gmt":"2026-01-22T15:04:11","slug":"ultra-b2-hydrating-eye-masks","status":"publish","type":"product","link":"https:\/\/skinstudio.ee\/lt\/catalog\/ultraceuticals\/ultra-b2-hydrating-eye-masks\/","title":{"rendered":"Ultra B2 Hydrating Eye Masks"},"content":{"rendered":"<p data-start=\"1206\" data-end=\"1508\">Pristatome m\u016bs\u0173 hidrogelines paaki\u0173 kaukes \u2013 greitas sprendimas, padedantis sustiprinti nat\u016bral\u0173 odos \u0161vyt\u0117jim\u0105 ir suma\u017einti paburkim\u0105. Formul\u0117 su hialurono r\u016bg\u0161timi (Sodium Hyaluronate) ir pantenoliu (Provitamin Hexapeptide-8) veikia sinergi\u0161kai, dr\u0117kina, stangrina ir gaivina jautri\u0105 od\u0105 aplink akis.<\/p>\n<p data-start=\"1510\" data-end=\"1611\">Dermatologi\u0161kai patikrinta, tinkama jautriai odai. Oftalmologi\u0161kai patikrinta, tinka jautrioms akims.<\/p>\n<p data-start=\"1613\" data-end=\"1635\"><strong data-start=\"1613\" data-end=\"1623\">T\u016bris:<\/strong> <strong data-start=\"1624\" data-end=\"1635\">20 por\u0173<\/strong><\/p>\n","protected":false},"excerpt":{"rendered":"<p data-start=\"1874\" data-end=\"1922\">Dr\u0117kinamosios hidrogelio kauk\u0117s paaki\u0173 zonai<\/p>\n<h2 data-start=\"1924\" data-end=\"2169\"><strong data-start=\"1924\" data-end=\"1979\">Ultraceuticals Ultra B2 Hydrating Eye Masks savyb\u0117s<\/strong><\/h2>\n<p data-start=\"1924\" data-end=\"2169\">\u2714\ufe0f Dr\u0117kina ir gaivina od\u0105 aplink akis<br data-start=\"2019\" data-end=\"2022\" \/>\u2714\ufe0f Ma\u017eina paburkim\u0105 ir nuovargio po\u017eymius<br data-start=\"2063\" data-end=\"2066\" \/>\u2714\ufe0f Lygina ir stangrina \u0161velni\u0105 od\u0105<br data-start=\"2100\" data-end=\"2103\" \/>\u2714\ufe0f Suteikia nat\u016bralaus \u0161vyt\u0117jimo<br data-start=\"2135\" data-end=\"2138\" \/>\u2714\ufe0f Tinka jautriai odai ir akims<\/p>\n","protected":false},"featured_media":65819,"template":"","meta":[],"pwb-brand":[786],"product_brand":[],"product_cat":[746,734,750],"product_tag":[],"giftcard-category":[],"class_list":{"0":"post-42358","1":"product","2":"type-product","3":"status-publish","4":"has-post-thumbnail","6":"pwb-brand-ultraceuticals","7":"product_cat-jautriai-odai","8":"product_cat-oda-aplink-akis","9":"product_cat-senstanti-oda","11":"first","12":"instock","13":"taxable","14":"shipping-taxable","15":"purchasable","16":"product-type-simple"},"acf":[],"brands":[{"id":786,"name":"Ultraceuticals","slug":"ultraceuticals"}],"_links":{"self":[{"href":"https:\/\/skinstudio.ee\/lt\/wp-json\/wp\/v2\/product\/42358","targetHints":{"allow":["GET"]}}],"collection":[{"href":"https:\/\/skinstudio.ee\/lt\/wp-json\/wp\/v2\/product"}],"about":[{"href":"https:\/\/skinstudio.ee\/lt\/wp-json\/wp\/v2\/types\/product"}],"version-history":[{"count":0,"href":"https:\/\/skinstudio.ee\/lt\/wp-json\/wp\/v2\/product\/42358\/revisions"}],"wp:featuredmedia":[{"embeddable":true,"href":"https:\/\/skinstudio.ee\/lt\/wp-json\/wp\/v2\/media\/65819"}],"wp:attachment":[{"href":"https:\/\/skinstudio.ee\/lt\/wp-json\/wp\/v2\/media?parent=42358"}],"wp:term":[{"taxonomy":"pwb-brand","embeddable":true,"href":"https:\/\/skinstudio.ee\/lt\/wp-json\/wp\/v2\/pwb-brand?post=42358"},{"taxonomy":"product_brand","embeddable":true,"href":"https:\/\/skinstudio.ee\/lt\/wp-json\/wp\/v2\/product_brand?post=42358"},{"taxonomy":"product_cat","embeddable":true,"href":"https:\/\/skinstudio.ee\/lt\/wp-json\/wp\/v2\/product_cat?post=42358"},{"taxonomy":"product_tag","embeddable":true,"href":"https:\/\/skinstudio.ee\/lt\/wp-json\/wp\/v2\/product_tag?post=42358"},{"taxonomy":"giftcard-category","embeddable":true,"href":"https:\/\/skinstudio.ee\/lt\/wp-json\/wp\/v2\/giftcard-category?post=42358"}],"curies":[{"name":"wp","href":"https:\/\/api.w.org\/{rel}","templated":true}]}}