{"id":42375,"date":"2025-08-07T13:31:28","date_gmt":"2025-08-07T13:31:28","guid":{"rendered":"https:\/\/skinstudio.ee\/?post_type=product&#038;p=42375"},"modified":"2026-02-14T11:10:54","modified_gmt":"2026-02-14T11:10:54","slug":"c-cleanser-foam","status":"publish","type":"product","link":"https:\/\/skinstudio.ee\/lt\/catalog\/noon-aesthetics\/c-cleanser-foam\/","title":{"rendered":"C-Cleanser Foam"},"content":{"rendered":"<p data-start=\"1151\" data-end=\"1544\"><strong data-start=\"1151\" data-end=\"1170\">C-Cleanser Foam<\/strong> \u2013 tai giliai valanti formul\u0117, kuri pa\u0161alina perteklin\u012f sebum\u0105 ir ne\u0161varumus nuo odos bei padeda detoksikuoti pavir\u0161inius ne\u0161varumus. Oda tampa \u0161vari, \u0161velni, gaivi ir elastinga. Putos tinka vis\u0173 tip\u0173 odai, kasdieniam naudojimui ryto ir vakaro odos prie\u017ei\u016bros rutinoje \u2013 puikiai paruo\u0161ia od\u0105 tolimesniems prie\u017ei\u016bros etapams.<br data-start=\"1494\" data-end=\"1497\" \/><strong data-start=\"1497\" data-end=\"1513\">pH: 4,5\u20136,5.<\/strong> Be natrio laurilsulfato (SLS).<\/p>\n<p data-start=\"1546\" data-end=\"1566\"><strong data-start=\"1546\" data-end=\"1556\">T\u016bris:<\/strong> 30 ml \/ 90 ml<\/p>\n<p data-start=\"1568\" data-end=\"1792\">\n","protected":false},"excerpt":{"rendered":"<p data-start=\"1794\" data-end=\"1841\">Valomosios putos su detoksikaciniu poveikiu<\/p>\n<h2 data-start=\"1843\" data-end=\"2102\"><strong data-start=\"1843\" data-end=\"1886\">NOON Aesthetics &#8211; C-Cleanser Foam savyb\u0117s<\/strong><\/h2>\n<p data-start=\"1843\" data-end=\"2102\">\u2714\ufe0f Efektyviai pa\u0161alina sebum\u0105, dulkes ir makia\u017e\u0105<br data-start=\"1937\" data-end=\"1940\" \/>\u2714\ufe0f Paruo\u0161ia od\u0105 tolimesnei prie\u017ei\u016brai<br data-start=\"1977\" data-end=\"1980\" \/>\u2714\ufe0f Padeda palaikyti optimal\u0173 pH balans\u0105<br data-start=\"2019\" data-end=\"2022\" \/>\u2714\ufe0f Mink\u0161tina ir gaivina od\u0105<br data-start=\"2049\" data-end=\"2052\" \/>\u2714\ufe0f Tinka kasdieniam naudojimui visiems odos tipams<\/p>\n","protected":false},"featured_media":66572,"template":"","meta":[],"pwb-brand":[791],"product_brand":[],"product_cat":[1150,750,754,718],"product_tag":[],"giftcard-category":[],"class_list":{"0":"post-42375","1":"product","2":"type-product","3":"status-publish","4":"has-post-thumbnail","6":"pwb-brand-noon-aesthetics","7":"product_cat-noon-aesthetics-lt","8":"product_cat-senstanti-oda","9":"product_cat-travel-size-lt","10":"product_cat-valymas","11":"pa_suurus-30-ml-lt","12":"pa_suurus-90-ml-lt","14":"first","15":"instock","16":"taxable","17":"shipping-taxable","18":"purchasable","19":"product-type-variable"},"acf":[],"brands":[{"id":791,"name":"NOON Aesthetics","slug":"noon-aesthetics"}],"_links":{"self":[{"href":"https:\/\/skinstudio.ee\/lt\/wp-json\/wp\/v2\/product\/42375","targetHints":{"allow":["GET"]}}],"collection":[{"href":"https:\/\/skinstudio.ee\/lt\/wp-json\/wp\/v2\/product"}],"about":[{"href":"https:\/\/skinstudio.ee\/lt\/wp-json\/wp\/v2\/types\/product"}],"version-history":[{"count":1,"href":"https:\/\/skinstudio.ee\/lt\/wp-json\/wp\/v2\/product\/42375\/revisions"}],"predecessor-version":[{"id":80722,"href":"https:\/\/skinstudio.ee\/lt\/wp-json\/wp\/v2\/product\/42375\/revisions\/80722"}],"wp:featuredmedia":[{"embeddable":true,"href":"https:\/\/skinstudio.ee\/lt\/wp-json\/wp\/v2\/media\/66572"}],"wp:attachment":[{"href":"https:\/\/skinstudio.ee\/lt\/wp-json\/wp\/v2\/media?parent=42375"}],"wp:term":[{"taxonomy":"pwb-brand","embeddable":true,"href":"https:\/\/skinstudio.ee\/lt\/wp-json\/wp\/v2\/pwb-brand?post=42375"},{"taxonomy":"product_brand","embeddable":true,"href":"https:\/\/skinstudio.ee\/lt\/wp-json\/wp\/v2\/product_brand?post=42375"},{"taxonomy":"product_cat","embeddable":true,"href":"https:\/\/skinstudio.ee\/lt\/wp-json\/wp\/v2\/product_cat?post=42375"},{"taxonomy":"product_tag","embeddable":true,"href":"https:\/\/skinstudio.ee\/lt\/wp-json\/wp\/v2\/product_tag?post=42375"},{"taxonomy":"giftcard-category","embeddable":true,"href":"https:\/\/skinstudio.ee\/lt\/wp-json\/wp\/v2\/giftcard-category?post=42375"}],"curies":[{"name":"wp","href":"https:\/\/api.w.org\/{rel}","templated":true}]}}