{"id":42390,"date":"2025-08-07T13:45:05","date_gmt":"2025-08-07T13:45:05","guid":{"rendered":"https:\/\/skinstudio.ee\/?post_type=product&#038;p=42390"},"modified":"2026-02-14T11:15:10","modified_gmt":"2026-02-14T11:15:10","slug":"micro-soft-cleanser","status":"publish","type":"product","link":"https:\/\/skinstudio.ee\/lt\/catalog\/noon-aesthetics\/micro-soft-cleanser\/","title":{"rendered":"Micro-Soft Cleanser"},"content":{"rendered":"<p data-start=\"1492\" data-end=\"1741\"><strong data-start=\"1492\" data-end=\"1515\">Micro-Soft Cleanser<\/strong> \u2013 tai itin \u0161velni valomoji priemon\u0117, specialiai sukurta sausos odos apsaugai. Sud\u0117tyje n\u0117ra SLS, ji visi\u0161kai neputoja. Produktas sukurtas taip, kad apsaugot\u0173 nat\u016bral\u0173 odos lipidin\u012f barjer\u0105, efektyviai pa\u0161alindamas ne\u0161varumus.<\/p>\n<p data-start=\"1743\" data-end=\"2041\">Valiklio pagrindas \u2013 unikali kri\u0161tolo skaidrumo mikroemulsija, kurioje vanduo ir aliejus sujungti \u012f vien\u0105 faz\u0119. Ji lengvai nusiplauna, nepalieka riebios pl\u0117vel\u0117s ir suteikia odai itin \u0161veln\u0173 poj\u016bt\u012f. D\u0117l pa\u017eangios formul\u0117s puikiai pa\u0161alina ilgai i\u0161liekant\u012f makia\u017e\u0105 ir yra saugi naudoti aki\u0173 srityje.<\/p>\n<p data-start=\"2043\" data-end=\"2064\"><strong data-start=\"2043\" data-end=\"2053\">T\u016bris:<\/strong> 15 ml \/ 150 ml<\/p>\n","protected":false},"excerpt":{"rendered":"<p data-start=\"2445\" data-end=\"2486\">Ypa\u010d \u0161velni valomoji priemon\u0117 be put\u0173<\/p>\n<h2 data-start=\"2488\" data-end=\"2765\"><strong data-start=\"2488\" data-end=\"2535\">NOON Aesthetics &#8211; Micro-Soft Cleanser savyb\u0117s<\/strong><\/h2>\n<p data-start=\"2488\" data-end=\"2765\">\u2714\ufe0f \u0160velniai valo od\u0105 nepa\u017eeisdama lipidinio barjero<br data-start=\"2589\" data-end=\"2592\" \/>\u2714\ufe0f Be SLS ir visi\u0161kai neputoja<br data-start=\"2622\" data-end=\"2625\" \/>\u2714\ufe0f Efektyviai pa\u0161alina ilgalaik\u012f makia\u017e\u0105<br data-start=\"2665\" data-end=\"2668\" \/>\u2714\ufe0f Nepalieka riebios pl\u0117vel\u0117s ar tempimo poj\u016b\u010dio<br data-start=\"2716\" data-end=\"2719\" \/>\u2714\ufe0f Tinka sausai, jautriai odai ir aki\u0173 sri\u010diai<\/p>\n","protected":false},"featured_media":66567,"template":"","meta":[],"pwb-brand":[791],"product_brand":[],"product_cat":[746,1150,740,754,718],"product_tag":[],"giftcard-category":[],"class_list":{"0":"post-42390","1":"product","2":"type-product","3":"status-publish","4":"has-post-thumbnail","6":"pwb-brand-noon-aesthetics","7":"product_cat-jautriai-odai","8":"product_cat-noon-aesthetics-lt","9":"product_cat-sausai-odai","10":"product_cat-travel-size-lt","11":"product_cat-valymas","12":"pa_suurus-15-ml","13":"pa_suurus-150-ml","15":"first","16":"instock","17":"taxable","18":"shipping-taxable","19":"purchasable","20":"product-type-variable"},"acf":[],"brands":[{"id":791,"name":"NOON Aesthetics","slug":"noon-aesthetics"}],"_links":{"self":[{"href":"https:\/\/skinstudio.ee\/lt\/wp-json\/wp\/v2\/product\/42390","targetHints":{"allow":["GET"]}}],"collection":[{"href":"https:\/\/skinstudio.ee\/lt\/wp-json\/wp\/v2\/product"}],"about":[{"href":"https:\/\/skinstudio.ee\/lt\/wp-json\/wp\/v2\/types\/product"}],"version-history":[{"count":1,"href":"https:\/\/skinstudio.ee\/lt\/wp-json\/wp\/v2\/product\/42390\/revisions"}],"predecessor-version":[{"id":80743,"href":"https:\/\/skinstudio.ee\/lt\/wp-json\/wp\/v2\/product\/42390\/revisions\/80743"}],"wp:featuredmedia":[{"embeddable":true,"href":"https:\/\/skinstudio.ee\/lt\/wp-json\/wp\/v2\/media\/66567"}],"wp:attachment":[{"href":"https:\/\/skinstudio.ee\/lt\/wp-json\/wp\/v2\/media?parent=42390"}],"wp:term":[{"taxonomy":"pwb-brand","embeddable":true,"href":"https:\/\/skinstudio.ee\/lt\/wp-json\/wp\/v2\/pwb-brand?post=42390"},{"taxonomy":"product_brand","embeddable":true,"href":"https:\/\/skinstudio.ee\/lt\/wp-json\/wp\/v2\/product_brand?post=42390"},{"taxonomy":"product_cat","embeddable":true,"href":"https:\/\/skinstudio.ee\/lt\/wp-json\/wp\/v2\/product_cat?post=42390"},{"taxonomy":"product_tag","embeddable":true,"href":"https:\/\/skinstudio.ee\/lt\/wp-json\/wp\/v2\/product_tag?post=42390"},{"taxonomy":"giftcard-category","embeddable":true,"href":"https:\/\/skinstudio.ee\/lt\/wp-json\/wp\/v2\/giftcard-category?post=42390"}],"curies":[{"name":"wp","href":"https:\/\/api.w.org\/{rel}","templated":true}]}}