{"id":42401,"date":"2025-08-07T13:57:38","date_gmt":"2025-08-07T13:57:38","guid":{"rendered":"https:\/\/skinstudio.ee\/?post_type=product&#038;p=42401"},"modified":"2025-12-30T17:05:43","modified_gmt":"2025-12-30T17:05:43","slug":"cosmoclear-purifying-cleanser","status":"publish","type":"product","link":"https:\/\/skinstudio.ee\/lt\/catalog\/noon-aesthetics\/cosmoclear-purifying-cleanser\/","title":{"rendered":"CosmoClear Purifying Cleanser"},"content":{"rendered":"<p data-start=\"1308\" data-end=\"1630\"><strong data-start=\"1308\" data-end=\"1322\">CosmoClear<\/strong> \u2013 tai valomasis gelis su AHA ir BHA r\u016bg\u0161timis, skirtas riebios ir problemati\u0161kos odos giluminiam valymui ir detoksikacijai. pH 4.0 formul\u0117 sustiprina r\u016bg\u0161\u010di\u0173 poveik\u012f ir u\u017etikrina intensyv\u0173 valym\u0105. Gelis pasi\u017eymi puikiomis riebal\u0173 \u0161alinimo savyb\u0117mis ir efektyviai pa\u0161alina ne\u0161varumus, giliai i\u0161valydamas od\u0105.<\/p>\n<p data-start=\"1632\" data-end=\"1863\">Tuo pa\u010diu metu dr\u0117kinam\u0173j\u0173 med\u017eiag\u0173 kompleksas padeda i\u0161vengti i\u0161saus\u0117jimo ir palaiko odos dr\u0117gm\u0117s balans\u0105. Patent\u0173 saugomas <strong data-start=\"1757\" data-end=\"1772\">DermShield\u2122<\/strong> kompleksas leid\u017eia naudoti didel\u0117s koncentracijos r\u016bg\u0161tis be \u012fprastos sudirginimo rizikos.<\/p>\n<p data-start=\"1865\" data-end=\"1886\"><strong data-start=\"1865\" data-end=\"1875\">T\u016bris:<\/strong> <strong data-start=\"1876\" data-end=\"1886\">150 ml<\/strong><\/p>\n","protected":false},"excerpt":{"rendered":"<p data-start=\"2088\" data-end=\"2120\">Valomasis gelis su r\u016bg\u0161timis<\/p>\n<h2 data-start=\"2122\" data-end=\"2412\"><strong data-start=\"2122\" data-end=\"2179\">NOON Aesthetics CosmoClear Purifying Cleanser savyb\u0117s<\/strong><\/h2>\n<p data-start=\"2122\" data-end=\"2412\">\u2714\ufe0f Normalizuoja riebal\u0173 i\u0161siskyrim\u0105<br data-start=\"2217\" data-end=\"2220\" \/>\u2714\ufe0f Gerina odos tekst\u016br\u0105 ir atspalv\u012f<br data-start=\"2255\" data-end=\"2258\" \/>\u2714\ufe0f I\u0161valo poras ir padeda jas susiaurinti<br data-start=\"2299\" data-end=\"2302\" \/>\u2714\ufe0f Palaiko \u0161vari\u0105 od\u0105 be sausumo poj\u016b\u010dio<br data-start=\"2342\" data-end=\"2345\" \/>\u2714\ufe0f Tinka kasdienei riebios ir linkusios \u012f u\u017edegimus odos prie\u017ei\u016brai<\/p>\n","protected":false},"featured_media":66562,"template":"","meta":[],"pwb-brand":[791],"product_brand":[],"product_cat":[742,746,1150,748,718],"product_tag":[],"giftcard-category":[],"class_list":{"0":"post-42401","1":"product","2":"type-product","3":"status-publish","4":"has-post-thumbnail","6":"pwb-brand-noon-aesthetics","7":"product_cat-berimai","8":"product_cat-jautriai-odai","9":"product_cat-noon-aesthetics-lt","10":"product_cat-taukainai-adai-lt","11":"product_cat-valymas","13":"first","14":"instock","15":"taxable","16":"shipping-taxable","17":"purchasable","18":"product-type-simple"},"acf":[],"brands":[{"id":791,"name":"NOON Aesthetics","slug":"noon-aesthetics"}],"_links":{"self":[{"href":"https:\/\/skinstudio.ee\/lt\/wp-json\/wp\/v2\/product\/42401","targetHints":{"allow":["GET"]}}],"collection":[{"href":"https:\/\/skinstudio.ee\/lt\/wp-json\/wp\/v2\/product"}],"about":[{"href":"https:\/\/skinstudio.ee\/lt\/wp-json\/wp\/v2\/types\/product"}],"version-history":[{"count":0,"href":"https:\/\/skinstudio.ee\/lt\/wp-json\/wp\/v2\/product\/42401\/revisions"}],"wp:featuredmedia":[{"embeddable":true,"href":"https:\/\/skinstudio.ee\/lt\/wp-json\/wp\/v2\/media\/66562"}],"wp:attachment":[{"href":"https:\/\/skinstudio.ee\/lt\/wp-json\/wp\/v2\/media?parent=42401"}],"wp:term":[{"taxonomy":"pwb-brand","embeddable":true,"href":"https:\/\/skinstudio.ee\/lt\/wp-json\/wp\/v2\/pwb-brand?post=42401"},{"taxonomy":"product_brand","embeddable":true,"href":"https:\/\/skinstudio.ee\/lt\/wp-json\/wp\/v2\/product_brand?post=42401"},{"taxonomy":"product_cat","embeddable":true,"href":"https:\/\/skinstudio.ee\/lt\/wp-json\/wp\/v2\/product_cat?post=42401"},{"taxonomy":"product_tag","embeddable":true,"href":"https:\/\/skinstudio.ee\/lt\/wp-json\/wp\/v2\/product_tag?post=42401"},{"taxonomy":"giftcard-category","embeddable":true,"href":"https:\/\/skinstudio.ee\/lt\/wp-json\/wp\/v2\/giftcard-category?post=42401"}],"curies":[{"name":"wp","href":"https:\/\/api.w.org\/{rel}","templated":true}]}}