{"id":42423,"date":"2025-08-07T14:07:22","date_gmt":"2025-08-07T14:07:22","guid":{"rendered":"https:\/\/skinstudio.ee\/?post_type=product&#038;p=42423"},"modified":"2026-02-14T11:19:19","modified_gmt":"2026-02-14T11:19:19","slug":"igloo-moist-24-7","status":"publish","type":"product","link":"https:\/\/skinstudio.ee\/lt\/catalog\/noon-aesthetics\/igloo-moist-24-7\/","title":{"rendered":"Igloo Moist 24\/7"},"content":{"rendered":"<p data-start=\"1380\" data-end=\"1660\">Mink\u0161tinantis ir v\u0117sinantis dr\u0117kinamasis kremas, praturtintas nat\u016braliu dr\u0117kikliu ir hialurono r\u016bg\u0161timi. D\u0117l arnikos ekstrakto produktas ramina od\u0105, l\u0117tina sen\u0117jimo po\u017eymi\u0173 atsiradim\u0105, pagerina elastingum\u0105 ir tank\u012f, taip pat slopina mikrou\u017edegimus, kuriuos ma\u017eina tetrapeptidas-7.<\/p>\n<p data-start=\"1662\" data-end=\"1815\">Sud\u0117tyje yra visos b\u016btinos aminor\u016bg\u0161tys, daug vitamin\u0173 ir mineral\u0173 i\u0161 spirulinos bei antioksidant\u0173 i\u0161 greipfrut\u0173 ekstrakto. Tinka visoms am\u017eiaus grup\u0117ms.<\/p>\n<p data-start=\"1817\" data-end=\"2071\"><strong data-start=\"1817\" data-end=\"1837\">Igloo Moist 24\/7<\/strong> puikiai tinka reguliariam naudojimui kaip dr\u0117kinamasis ir maitinamasis kremas. Efektyviai suma\u017eina odos jautrum\u0105 po intensyvi\u0173 kosmetini\u0173 proced\u016br\u0173 ir padeda dr\u0117kinti od\u0105 infekcini\u0173 proces\u0173 metu, pavyzd\u017eiui, sergant akne ar sebor\u0117ja.<\/p>\n<p data-start=\"2073\" data-end=\"2092\"><strong data-start=\"2073\" data-end=\"2083\">T\u016bris:<\/strong> 15 ml \/ 50 g<\/p>\n","protected":false},"excerpt":{"rendered":"<p data-start=\"2212\" data-end=\"2269\">Intensyvus dr\u0117kinamasis kremas su v\u0117sinan\u010diu poveikiu<\/p>\n<h2 data-start=\"2271\" data-end=\"2553\"><strong data-start=\"2271\" data-end=\"2315\">NOON Aesthetics &#8211; Igloo Moist 24\/7 savyb\u0117s<\/strong><\/h2>\n<p data-start=\"2271\" data-end=\"2553\">\u2714\ufe0f Suteikia ilgalaik\u012f dr\u0117kinim\u0105 iki 24 valand\u0173<br data-start=\"2364\" data-end=\"2367\" \/>\u2714\ufe0f Veiksmingai v\u0117sina ir ramina od\u0105<br data-start=\"2402\" data-end=\"2405\" \/>\u2714\ufe0f Gerina odos elastingum\u0105 ir ma\u017eina jautrum\u0105<br data-start=\"2450\" data-end=\"2453\" \/>\u2714\ufe0f Stiprina odos barjer\u0105 ir saugo nuo dr\u0117gm\u0117s praradimo<br data-start=\"2508\" data-end=\"2511\" \/>\u2714\ufe0f Tinka vis\u0173 tip\u0173 odai, \u012fskaitant jautri\u0105<\/p>\n","protected":false},"featured_media":66557,"template":"","meta":[],"pwb-brand":[791],"product_brand":[],"product_cat":[742,738,746,1150,750,754],"product_tag":[],"giftcard-category":[],"class_list":{"0":"post-42423","1":"product","2":"type-product","3":"status-publish","4":"has-post-thumbnail","6":"pwb-brand-noon-aesthetics","7":"product_cat-berimai","8":"product_cat-drekinimas","9":"product_cat-jautriai-odai","10":"product_cat-noon-aesthetics-lt","11":"product_cat-senstanti-oda","12":"product_cat-travel-size-lt","13":"pa_suurus-15-ml","14":"pa_suurus-50-g","16":"first","17":"instock","18":"taxable","19":"shipping-taxable","20":"purchasable","21":"product-type-variable"},"acf":[],"brands":[{"id":791,"name":"NOON Aesthetics","slug":"noon-aesthetics"}],"_links":{"self":[{"href":"https:\/\/skinstudio.ee\/lt\/wp-json\/wp\/v2\/product\/42423","targetHints":{"allow":["GET"]}}],"collection":[{"href":"https:\/\/skinstudio.ee\/lt\/wp-json\/wp\/v2\/product"}],"about":[{"href":"https:\/\/skinstudio.ee\/lt\/wp-json\/wp\/v2\/types\/product"}],"version-history":[{"count":1,"href":"https:\/\/skinstudio.ee\/lt\/wp-json\/wp\/v2\/product\/42423\/revisions"}],"predecessor-version":[{"id":80766,"href":"https:\/\/skinstudio.ee\/lt\/wp-json\/wp\/v2\/product\/42423\/revisions\/80766"}],"wp:featuredmedia":[{"embeddable":true,"href":"https:\/\/skinstudio.ee\/lt\/wp-json\/wp\/v2\/media\/66557"}],"wp:attachment":[{"href":"https:\/\/skinstudio.ee\/lt\/wp-json\/wp\/v2\/media?parent=42423"}],"wp:term":[{"taxonomy":"pwb-brand","embeddable":true,"href":"https:\/\/skinstudio.ee\/lt\/wp-json\/wp\/v2\/pwb-brand?post=42423"},{"taxonomy":"product_brand","embeddable":true,"href":"https:\/\/skinstudio.ee\/lt\/wp-json\/wp\/v2\/product_brand?post=42423"},{"taxonomy":"product_cat","embeddable":true,"href":"https:\/\/skinstudio.ee\/lt\/wp-json\/wp\/v2\/product_cat?post=42423"},{"taxonomy":"product_tag","embeddable":true,"href":"https:\/\/skinstudio.ee\/lt\/wp-json\/wp\/v2\/product_tag?post=42423"},{"taxonomy":"giftcard-category","embeddable":true,"href":"https:\/\/skinstudio.ee\/lt\/wp-json\/wp\/v2\/giftcard-category?post=42423"}],"curies":[{"name":"wp","href":"https:\/\/api.w.org\/{rel}","templated":true}]}}