{"id":42451,"date":"2025-08-07T14:44:39","date_gmt":"2025-08-07T14:44:39","guid":{"rendered":"https:\/\/skinstudio.ee\/?post_type=product&#038;p=42451"},"modified":"2025-12-30T17:05:43","modified_gmt":"2025-12-30T17:05:43","slug":"brush-go-spf-50","status":"publish","type":"product","link":"https:\/\/skinstudio.ee\/lt\/catalog\/noon-aesthetics\/brush-go-spf-50\/","title":{"rendered":"Brush &#038; Go &#8211; SPF 50"},"content":{"rendered":"<p data-start=\"1213\" data-end=\"1577\"><strong data-start=\"1213\" data-end=\"1279\">Ie\u0161kote greitos, paprastos ir veiksmingos apsaugos nuo saul\u0117s?<\/strong><br data-start=\"1279\" data-end=\"1282\" \/>Susipa\u017einkite su <strong data-start=\"1299\" data-end=\"1321\">Brush &amp; Go &#8211; SPF 50<\/strong> \u2013 puiki priemon\u0117 fotosen\u0117jimo prevencijai. Patogi \u0161epet\u0117lio forma leid\u017eia atnaujinti apsaug\u0105 bet kur ir bet kada \u2013 ypa\u010d svarbu odai, linkusiai \u012f hiperpigmentacij\u0105 ir am\u017eiaus poky\u010dius.<br data-start=\"1505\" data-end=\"1508\" \/>Naudoti SPF dar niekada nebuvo taip paprasta\u2026 tiesiog <strong data-start=\"1562\" data-end=\"1577\">Brush &amp; Go!<\/strong><\/p>\n<p data-start=\"1579\" data-end=\"1598\"><strong data-start=\"1579\" data-end=\"1598\">T\u016bris: 2 x 5 ml<\/strong><\/p>\n","protected":false},"excerpt":{"rendered":"<p data-start=\"1847\" data-end=\"1906\">Mineraliniai pudros pagrindu pagaminti SPF 50 milteliai<\/p>\n<h2 data-start=\"1908\" data-end=\"2292\"><strong data-start=\"1908\" data-end=\"1955\">NOON Aesthetics Brush &amp; Go &#8211; SPF 50 savyb\u0117s<\/strong><\/h2>\n<p data-start=\"1908\" data-end=\"2292\">\u2714\ufe0f Tinka net jautriai odai \u2013 sud\u0117tyje yra hipoalergini\u0173 ingredient\u0173<br data-start=\"2025\" data-end=\"2028\" \/>\u2714\ufe0f Blokuoja ir atspindi UV spindulius naudodamas \u201emikroveidrod\u017eius\u201c<br data-start=\"2095\" data-end=\"2098\" \/>\u2714\ufe0f Puikiai suderinamas su oda d\u0117l kapsulini\u0173 filtr\u0173<br data-start=\"2149\" data-end=\"2152\" \/>\u2714\ufe0f Turi antibakterini\u0173 komponent\u0173 \u2013 idealiai tinka riebiai ir probleminei odai<br data-start=\"2230\" data-end=\"2233\" \/>\u2714\ufe0f Du universal\u016bs atspalviai, prisitaikantys prie odos tono<\/p>\n","protected":false},"featured_media":72975,"template":"","meta":[],"pwb-brand":[791],"product_brand":[],"product_cat":[746,1150,750,752,748,732],"product_tag":[],"giftcard-category":[],"class_list":{"0":"post-42451","1":"product","2":"type-product","3":"status-publish","4":"has-post-thumbnail","6":"pwb-brand-noon-aesthetics","7":"product_cat-jautri-oda","8":"product_cat-noon-aesthetics","9":"product_cat-odos-senejimas","10":"product_cat-pigmentacija","11":"product_cat-riebi-oda","12":"product_cat-spf-apsauga","13":"pa_suurus-hele-01-lt","14":"pa_suurus-tume-02-lt","16":"first","17":"instock","18":"taxable","19":"shipping-taxable","20":"purchasable","21":"product-type-variable"},"acf":[],"brands":[{"id":791,"name":"NOON Aesthetics","slug":"noon-aesthetics"}],"_links":{"self":[{"href":"https:\/\/skinstudio.ee\/lt\/wp-json\/wp\/v2\/product\/42451","targetHints":{"allow":["GET"]}}],"collection":[{"href":"https:\/\/skinstudio.ee\/lt\/wp-json\/wp\/v2\/product"}],"about":[{"href":"https:\/\/skinstudio.ee\/lt\/wp-json\/wp\/v2\/types\/product"}],"version-history":[{"count":0,"href":"https:\/\/skinstudio.ee\/lt\/wp-json\/wp\/v2\/product\/42451\/revisions"}],"wp:featuredmedia":[{"embeddable":true,"href":"https:\/\/skinstudio.ee\/lt\/wp-json\/wp\/v2\/media\/72975"}],"wp:attachment":[{"href":"https:\/\/skinstudio.ee\/lt\/wp-json\/wp\/v2\/media?parent=42451"}],"wp:term":[{"taxonomy":"pwb-brand","embeddable":true,"href":"https:\/\/skinstudio.ee\/lt\/wp-json\/wp\/v2\/pwb-brand?post=42451"},{"taxonomy":"product_brand","embeddable":true,"href":"https:\/\/skinstudio.ee\/lt\/wp-json\/wp\/v2\/product_brand?post=42451"},{"taxonomy":"product_cat","embeddable":true,"href":"https:\/\/skinstudio.ee\/lt\/wp-json\/wp\/v2\/product_cat?post=42451"},{"taxonomy":"product_tag","embeddable":true,"href":"https:\/\/skinstudio.ee\/lt\/wp-json\/wp\/v2\/product_tag?post=42451"},{"taxonomy":"giftcard-category","embeddable":true,"href":"https:\/\/skinstudio.ee\/lt\/wp-json\/wp\/v2\/giftcard-category?post=42451"}],"curies":[{"name":"wp","href":"https:\/\/api.w.org\/{rel}","templated":true}]}}