{"id":42480,"date":"2025-08-07T14:57:16","date_gmt":"2025-08-07T14:57:16","guid":{"rendered":"https:\/\/skinstudio.ee\/?post_type=product&#038;p=42480"},"modified":"2025-12-30T17:05:43","modified_gmt":"2025-12-30T17:05:43","slug":"refill-pack-for-brush-go","status":"publish","type":"product","link":"https:\/\/skinstudio.ee\/lt\/catalog\/noon-aesthetics\/refill-pack-for-brush-go\/","title":{"rendered":"Refill Pack For Brush &#038; Go"},"content":{"rendered":"<p data-start=\"1417\" data-end=\"2062\">Rinkinyje yra pudra, tinkanti visiems odos tipams. Nesvarbu, ar j\u016bs\u0173 oda sausa, riebi, mi\u0161ri ar jautri \u2013 \u0161i pudra sukurta kaip universalus sprendimas \u012fvairioms odos problemoms. Papildymo rinkinys leid\u017eia lengvai pakeisti tu\u0161\u010di\u0105 kaset\u0119 j\u016bs\u0173 esamame Noon Aesthetics Brush &amp; Go SPF 50 \u012frenginyje. Tai patogus b\u016bdas toliau naudoti produkt\u0105 neperkant naujos pakuot\u0117s. Buteliukai supakuoti kompakti\u0161kai, tod\u0117l juos patogu laikyti ir pasiimti su savimi. Rinkinyje yra 3 buteliukai be \u0161epet\u0117lio, nes j\u016bs jau turite vien\u0105. Ekonomi\u0161kas ir labai patogus sprendimas. Puikiai tinka tiems, kurie nuolat keliauja ir nori pasir\u016bpinti oda bei apsauga nuo saul\u0117s.<\/p>\n<p data-start=\"2064\" data-end=\"2083\"><strong data-start=\"2064\" data-end=\"2074\">T\u016bris:<\/strong> 3 x 5 ml<\/p>\n","protected":false},"excerpt":{"rendered":"<p>Mineralin\u0117s pudros papildymo rinkinys SPF 50<\/p>\n<h2 data-start=\"2279\" data-end=\"2578\"><strong data-start=\"2279\" data-end=\"2333\">NOON Aesthetics Refill Pack For Brush &amp; Go savyb\u0117s<\/strong><\/h2>\n<p data-start=\"2279\" data-end=\"2578\">\u2714\ufe0f Tinka vis\u0173 tip\u0173 odai<br data-start=\"2359\" data-end=\"2362\" \/>\u2714\ufe0f Patogus papildymas be naujo aplikatoriaus pirkimo<br data-start=\"2414\" data-end=\"2417\" \/>\u2714\ufe0f Ekonomi\u0161kas sprendimas \u2013 3 buteliukai be \u0161epet\u0117lio<br data-start=\"2470\" data-end=\"2473\" \/>\u2714\ufe0f Kompakti\u0161ka pakuot\u0117 \u2013 patogu pasiimti su savimi<br data-start=\"2523\" data-end=\"2526\" \/>\u2714\ufe0f Kasdienin\u0117 apsauga nuo saul\u0117s ir odos prie\u017ei\u016bra<\/p>\n","protected":false},"featured_media":66551,"template":"","meta":[],"pwb-brand":[791],"product_brand":[],"product_cat":[742,746,1150,752,750,732,748],"product_tag":[],"giftcard-category":[],"class_list":{"0":"post-42480","1":"product","2":"type-product","3":"status-publish","4":"has-post-thumbnail","6":"pwb-brand-noon-aesthetics","7":"product_cat-berimai","8":"product_cat-jautriai-odai","9":"product_cat-noon-aesthetics-lt","10":"product_cat-pigmentacija-lt","11":"product_cat-senstanti-oda","12":"product_cat-spf-apsauga","13":"product_cat-taukainai-adai-lt","14":"pa_suurus-hele-01-lt","15":"pa_suurus-tume-02-lt","17":"first","18":"instock","19":"taxable","20":"shipping-taxable","21":"purchasable","22":"product-type-variable"},"acf":[],"brands":[{"id":791,"name":"NOON Aesthetics","slug":"noon-aesthetics"}],"_links":{"self":[{"href":"https:\/\/skinstudio.ee\/lt\/wp-json\/wp\/v2\/product\/42480","targetHints":{"allow":["GET"]}}],"collection":[{"href":"https:\/\/skinstudio.ee\/lt\/wp-json\/wp\/v2\/product"}],"about":[{"href":"https:\/\/skinstudio.ee\/lt\/wp-json\/wp\/v2\/types\/product"}],"version-history":[{"count":0,"href":"https:\/\/skinstudio.ee\/lt\/wp-json\/wp\/v2\/product\/42480\/revisions"}],"wp:featuredmedia":[{"embeddable":true,"href":"https:\/\/skinstudio.ee\/lt\/wp-json\/wp\/v2\/media\/66551"}],"wp:attachment":[{"href":"https:\/\/skinstudio.ee\/lt\/wp-json\/wp\/v2\/media?parent=42480"}],"wp:term":[{"taxonomy":"pwb-brand","embeddable":true,"href":"https:\/\/skinstudio.ee\/lt\/wp-json\/wp\/v2\/pwb-brand?post=42480"},{"taxonomy":"product_brand","embeddable":true,"href":"https:\/\/skinstudio.ee\/lt\/wp-json\/wp\/v2\/product_brand?post=42480"},{"taxonomy":"product_cat","embeddable":true,"href":"https:\/\/skinstudio.ee\/lt\/wp-json\/wp\/v2\/product_cat?post=42480"},{"taxonomy":"product_tag","embeddable":true,"href":"https:\/\/skinstudio.ee\/lt\/wp-json\/wp\/v2\/product_tag?post=42480"},{"taxonomy":"giftcard-category","embeddable":true,"href":"https:\/\/skinstudio.ee\/lt\/wp-json\/wp\/v2\/giftcard-category?post=42480"}],"curies":[{"name":"wp","href":"https:\/\/api.w.org\/{rel}","templated":true}]}}