{"id":42499,"date":"2025-08-10T10:15:34","date_gmt":"2025-08-10T10:15:34","guid":{"rendered":"https:\/\/skinstudio.ee\/?post_type=product&#038;p=42499"},"modified":"2026-02-19T10:18:04","modified_gmt":"2026-02-19T10:18:04","slug":"multivit-sun-protector","status":"publish","type":"product","link":"https:\/\/skinstudio.ee\/lt\/catalog\/noon-aesthetics\/multivit-sun-protector\/","title":{"rendered":"MultiVit Sun Protector"},"content":{"rendered":"<p data-start=\"1018\" data-end=\"1184\"><strong data-start=\"1018\" data-end=\"1044\">MultiVit Sun Protector<\/strong> \u2013 naujos kartos anti-sen\u0117jimo saul\u0117s apsauga. Jis apjungia nano fizin\u012f filtr\u0105 su kapsuliuojamu UV filtru, ektoinu ir vitaminais B, C bei E.<\/p>\n<p data-start=\"1186\" data-end=\"1225\"><span class=\"relative -mx-px my-[-0.2rem] rounded px-px py-[0.2rem] transition-colors duration-100 ease-in-out\">MultiVit \u2013 tai unikalus apsauginis losjonas su dviguba funkcija:<\/span><\/p>\n<ul data-start=\"1227\" data-end=\"1312\">\n<li data-start=\"1227\" data-end=\"1270\">\n<p data-start=\"1229\" data-end=\"1270\"><span class=\"relative -mx-px my-[-0.2rem] rounded px-px py-[0.2rem] transition-colors duration-100 ease-in-out\">aktyviai saugo od\u0105 nuo kenksming\u0173 aplinkos veiksni\u0173<\/span><\/p>\n<\/li>\n<li data-start=\"1271\" data-end=\"1312\">\n<p data-start=\"1273\" data-end=\"1312\"><span class=\"relative -mx-px my-[-0.2rem] rounded px-px py-[0.2rem] transition-colors duration-100 ease-in-out\">sukuria antioksidacin\u0119 apsaugin\u0119 pl\u0117vel\u0119, kuri padeda u\u017ekirsti keli\u0105 prie\u0161laikiniam l\u0105steli\u0173 pa\u017eeidimui ir odos sen\u0117jimui<\/span><\/p>\n<\/li>\n<\/ul>\n<p data-start=\"1314\" data-end=\"1353\"><span class=\"relative -mx-px my-[-0.2rem] rounded px-px py-[0.2rem] transition-colors duration-100 ease-in-out\">Formul\u0117s pagrind\u0105 sudaro aktyvus apsaugos kompleksas su titano dioksidu, kapsuliuotais filtravimo mikrosferomis, vitaminais C ir E, niacinamidu (B3), ektoinu, \u0161ia sviestu ir kitomis maitinamomis sudedamosiomis dalimis, kurios gerina odos kokyb\u0119 ir funkcionalum\u0105. Losjono tekst\u016bra yra lengva, greitai \u012fsigeria, nesukelia b\u0117rim\u0173 ir nepalieka \u017eymi\u0173 ant odos.<\/span><\/p>\n<p data-start=\"1355\" data-end=\"1374\"><strong data-start=\"1355\" data-end=\"1365\">T\u016bris:<\/strong> 15 ml \/ 50 g<\/p>\n<p data-start=\"1376\" data-end=\"1415\">\n","protected":false},"excerpt":{"rendered":"<p data-start=\"620\" data-end=\"684\">Apsauginis kremas nuo saul\u0117s su sen\u0117jim\u0105 stabdan\u010diu poveikiu<\/p>\n<h2 data-start=\"686\" data-end=\"736\"><strong data-start=\"686\" data-end=\"736\">NOON Aesthetics &#8211; MultiVit Sun Protector <\/strong><strong data-start=\"686\" data-end=\"736\">Savyb\u0117s<\/strong><\/h2>\n<p data-start=\"738\" data-end=\"1016\">\u2714\ufe0f U\u017etikrina stipri\u0105 UVA\/UVB apsaug\u0105<br data-start=\"774\" data-end=\"777\" \/>\u2714\ufe0f Sud\u0117tyje yra B, C ir E vitamin\u0173 antioksidacinei apsaugai<br data-start=\"836\" data-end=\"839\" \/>\u2714\ufe0f Padeda i\u0161vengti prie\u0161laikinio odos sen\u0117jimo<br data-start=\"885\" data-end=\"888\" \/>\u2714\ufe0f Stiprina odos barjer\u0105 ir gerina jos funkcijas<br data-start=\"936\" data-end=\"939\" \/>\u2714\ufe0f Lengvos tekst\u016bros, greitai \u012fsigeria, nepalieka \u017eymi\u0173 ir nesukelia b\u0117rim\u0173<\/p>\n","protected":false},"featured_media":66376,"template":"","meta":[],"pwb-brand":[791],"product_brand":[],"product_cat":[1150,732,754],"product_tag":[],"giftcard-category":[],"class_list":{"0":"post-42499","1":"product","2":"type-product","3":"status-publish","4":"has-post-thumbnail","6":"pwb-brand-noon-aesthetics","7":"product_cat-noon-aesthetics-lt","8":"product_cat-spf-apsauga","9":"product_cat-travel-size-lt","10":"pa_suurus-15ml-lt","11":"pa_suurus-50g-lt","13":"first","14":"instock","15":"taxable","16":"shipping-taxable","17":"purchasable","18":"product-type-variable"},"acf":[],"brands":[{"id":791,"name":"NOON Aesthetics","slug":"noon-aesthetics"}],"_links":{"self":[{"href":"https:\/\/skinstudio.ee\/lt\/wp-json\/wp\/v2\/product\/42499","targetHints":{"allow":["GET"]}}],"collection":[{"href":"https:\/\/skinstudio.ee\/lt\/wp-json\/wp\/v2\/product"}],"about":[{"href":"https:\/\/skinstudio.ee\/lt\/wp-json\/wp\/v2\/types\/product"}],"version-history":[{"count":1,"href":"https:\/\/skinstudio.ee\/lt\/wp-json\/wp\/v2\/product\/42499\/revisions"}],"predecessor-version":[{"id":80993,"href":"https:\/\/skinstudio.ee\/lt\/wp-json\/wp\/v2\/product\/42499\/revisions\/80993"}],"wp:featuredmedia":[{"embeddable":true,"href":"https:\/\/skinstudio.ee\/lt\/wp-json\/wp\/v2\/media\/66376"}],"wp:attachment":[{"href":"https:\/\/skinstudio.ee\/lt\/wp-json\/wp\/v2\/media?parent=42499"}],"wp:term":[{"taxonomy":"pwb-brand","embeddable":true,"href":"https:\/\/skinstudio.ee\/lt\/wp-json\/wp\/v2\/pwb-brand?post=42499"},{"taxonomy":"product_brand","embeddable":true,"href":"https:\/\/skinstudio.ee\/lt\/wp-json\/wp\/v2\/product_brand?post=42499"},{"taxonomy":"product_cat","embeddable":true,"href":"https:\/\/skinstudio.ee\/lt\/wp-json\/wp\/v2\/product_cat?post=42499"},{"taxonomy":"product_tag","embeddable":true,"href":"https:\/\/skinstudio.ee\/lt\/wp-json\/wp\/v2\/product_tag?post=42499"},{"taxonomy":"giftcard-category","embeddable":true,"href":"https:\/\/skinstudio.ee\/lt\/wp-json\/wp\/v2\/giftcard-category?post=42499"}],"curies":[{"name":"wp","href":"https:\/\/api.w.org\/{rel}","templated":true}]}}