{"id":42515,"date":"2025-08-07T15:26:06","date_gmt":"2025-08-07T15:26:06","guid":{"rendered":"https:\/\/skinstudio.ee\/?post_type=product&#038;p=42515"},"modified":"2025-12-30T17:05:43","modified_gmt":"2025-12-30T17:05:43","slug":"igloo-mask","status":"publish","type":"product","link":"https:\/\/skinstudio.ee\/lt\/catalog\/noon-aesthetics\/igloo-mask\/","title":{"rendered":"Igloo Mask"},"content":{"rendered":"<p data-start=\"1524\" data-end=\"2046\">NOON Aesthetics Igloo Mask \u2013 tai intensyvi v\u0117sinanti kauk\u0117, sukurta specialiai jautrios, sudirgintos ir perkaistos odos prie\u017ei\u016brai. Ji efektyviai ma\u017eina u\u017edegim\u0105, paraudim\u0105 ir deginimo poj\u016bt\u012f, i\u0161 karto suteikia odai gaivos ir komforto. Kauk\u0117 idealiai tinka po agresyvi\u0173 kosmetini\u0173 proced\u016br\u0173, saul\u0117s poveikio arba esant u\u017edegiminiams procesams, tokiems kaip akn\u0117 ar ro\u017ein\u0117. Sud\u0117tyje esantys raminantys ir atkuriantys komponentai stiprina odos barjer\u0105, dr\u0117kina ir padidina odos atsparum\u0105 i\u0161or\u0117s dirgikliams.<\/p>\n<p data-start=\"2048\" data-end=\"2067\"><strong data-start=\"2048\" data-end=\"2058\">T\u016bris:<\/strong> <strong data-start=\"2059\" data-end=\"2067\">70 g<\/strong><\/p>\n","protected":false},"excerpt":{"rendered":"<p data-start=\"1252\" data-end=\"1288\">Raminamoji v\u0117sinanti veido kauk\u0117<\/p>\n<h2 data-start=\"1290\" data-end=\"1522\"><strong data-start=\"1290\" data-end=\"1312\">NOON Aesthetics Igloo Mask savyb\u0117s<\/strong><\/h2>\n<p data-start=\"1290\" data-end=\"1522\">\u2714\ufe0f Akimirksniu v\u0117sina ir ramina od\u0105<br data-start=\"1350\" data-end=\"1353\" \/>\u2714\ufe0f Ma\u017eina u\u017edegim\u0105 ir paraudim\u0105<br data-start=\"1384\" data-end=\"1387\" \/>\u2714\ufe0f Ma\u017eina per\u0161t\u0117jim\u0105 ir diskomfort\u0105 po proced\u016br\u0173<br data-start=\"1435\" data-end=\"1438\" \/>\u2714\ufe0f Dr\u0117kina ir stiprina odos apsaugin\u012f barjer\u0105<br data-start=\"1483\" data-end=\"1486\" \/>\u2714\ufe0f Tinka jautriai ir reaktyviai odai<\/p>\n","protected":false},"featured_media":42506,"template":"","meta":[],"pwb-brand":[791],"product_brand":[],"product_cat":[738,746,726,1150],"product_tag":[],"giftcard-category":[],"class_list":{"0":"post-42515","1":"product","2":"type-product","3":"status-publish","4":"has-post-thumbnail","6":"pwb-brand-noon-aesthetics","7":"product_cat-drekinimas","8":"product_cat-jautri-oda","9":"product_cat-maskas","10":"product_cat-noon-aesthetics","12":"first","13":"instock","14":"taxable","15":"shipping-taxable","16":"purchasable","17":"product-type-simple"},"acf":[],"brands":[{"id":791,"name":"NOON Aesthetics","slug":"noon-aesthetics"}],"_links":{"self":[{"href":"https:\/\/skinstudio.ee\/lt\/wp-json\/wp\/v2\/product\/42515","targetHints":{"allow":["GET"]}}],"collection":[{"href":"https:\/\/skinstudio.ee\/lt\/wp-json\/wp\/v2\/product"}],"about":[{"href":"https:\/\/skinstudio.ee\/lt\/wp-json\/wp\/v2\/types\/product"}],"version-history":[{"count":0,"href":"https:\/\/skinstudio.ee\/lt\/wp-json\/wp\/v2\/product\/42515\/revisions"}],"wp:featuredmedia":[{"embeddable":true,"href":"https:\/\/skinstudio.ee\/lt\/wp-json\/wp\/v2\/media\/42506"}],"wp:attachment":[{"href":"https:\/\/skinstudio.ee\/lt\/wp-json\/wp\/v2\/media?parent=42515"}],"wp:term":[{"taxonomy":"pwb-brand","embeddable":true,"href":"https:\/\/skinstudio.ee\/lt\/wp-json\/wp\/v2\/pwb-brand?post=42515"},{"taxonomy":"product_brand","embeddable":true,"href":"https:\/\/skinstudio.ee\/lt\/wp-json\/wp\/v2\/product_brand?post=42515"},{"taxonomy":"product_cat","embeddable":true,"href":"https:\/\/skinstudio.ee\/lt\/wp-json\/wp\/v2\/product_cat?post=42515"},{"taxonomy":"product_tag","embeddable":true,"href":"https:\/\/skinstudio.ee\/lt\/wp-json\/wp\/v2\/product_tag?post=42515"},{"taxonomy":"giftcard-category","embeddable":true,"href":"https:\/\/skinstudio.ee\/lt\/wp-json\/wp\/v2\/giftcard-category?post=42515"}],"curies":[{"name":"wp","href":"https:\/\/api.w.org\/{rel}","templated":true}]}}