{"id":42532,"date":"2025-08-07T15:37:14","date_gmt":"2025-08-07T15:37:14","guid":{"rendered":"https:\/\/skinstudio.ee\/?post_type=product&#038;p=42532"},"modified":"2025-12-30T17:05:43","modified_gmt":"2025-12-30T17:05:43","slug":"mediclay-mask","status":"publish","type":"product","link":"https:\/\/skinstudio.ee\/lt\/catalog\/noon-aesthetics\/mediclay-mask\/","title":{"rendered":"MediClay Mask"},"content":{"rendered":"<p data-start=\"1512\" data-end=\"1799\"><strong data-start=\"1512\" data-end=\"1545\">NOON Aesthetics MediClay Mask<\/strong> \u2013 tai stipriai valanti molio pagrindu sukurta kauk\u0117, skirta riebiai, mi\u0161riai ir \u012f u\u017edegimus linkusiai odai. Subalansuota formul\u0117 padeda reguliuoti riebal\u0173 i\u0161siskyrim\u0105, i\u0161valo poras nuo ne\u0161varum\u0173 ir toksin\u0173, ma\u017eina odos tr\u016bkumus ir u\u017edegiminius procesus.<\/p>\n<p data-start=\"1801\" data-end=\"2089\">Kauk\u0117 \u0161velniai d\u017eiovina od\u0105 ir suteikia matin\u012f efekt\u0105, ma\u017eina rieb\u0173 blizges\u012f ir i\u0161lygina tekst\u016br\u0105. Sud\u0117tyje esan\u010dios nat\u016bralios med\u017eiagos pasi\u017eymi prie\u0161u\u017edegiminiu ir sebor\u0117guliuojan\u010diu poveikiu, ta\u010diau nei\u0161sausina odos. Ji tampa \u0161varesn\u0117, lygesn\u0117 ir gaivesn\u0117, suteikiant komforto jausm\u0105.<\/p>\n<p data-start=\"2091\" data-end=\"2106\"><strong data-start=\"2091\" data-end=\"2101\">T\u016bris:<\/strong> 70 g<\/p>\n","protected":false},"excerpt":{"rendered":"<p data-start=\"265\" data-end=\"317\">Valomoji molio kauk\u0117<\/p>\n<h2 data-start=\"265\" data-end=\"317\"><strong data-start=\"2427\" data-end=\"2468\">Savyb\u0117s NOON Aesthetics MediClay Mask<\/strong><\/h2>\n<p data-start=\"265\" data-end=\"317\">\u2714\ufe0f Giliai i\u0161valo poras ir pa\u0161alina ne\u0161varumus<br data-start=\"2516\" data-end=\"2519\" \/>\u2714\ufe0f Reguliuoja riebal\u0173 i\u0161siskyrim\u0105<br data-start=\"2552\" data-end=\"2555\" \/>\u2714\ufe0f D\u017eiovina u\u017edegimus ir ma\u017eina paraudim\u0105<br data-start=\"2596\" data-end=\"2599\" \/>\u2714\ufe0f Suteikia matizuojant\u012f efekt\u0105 ir suma\u017eina blizges\u012f<br data-start=\"2651\" data-end=\"2654\" \/>\u2714\ufe0f Gerina odos lygum\u0105 ir gaivum\u0105<\/p>\n","protected":false},"featured_media":66546,"template":"","meta":[],"pwb-brand":[791],"product_brand":[],"product_cat":[742,746,726,1150,748],"product_tag":[],"giftcard-category":[],"class_list":{"0":"post-42532","1":"product","2":"type-product","3":"status-publish","4":"has-post-thumbnail","6":"pwb-brand-noon-aesthetics","7":"product_cat-berimai","8":"product_cat-jautriai-odai","9":"product_cat-maskas-lt","10":"product_cat-noon-aesthetics-lt","11":"product_cat-taukainai-adai-lt","13":"first","14":"instock","15":"taxable","16":"shipping-taxable","17":"purchasable","18":"product-type-simple"},"acf":[],"brands":[{"id":791,"name":"NOON Aesthetics","slug":"noon-aesthetics"}],"_links":{"self":[{"href":"https:\/\/skinstudio.ee\/lt\/wp-json\/wp\/v2\/product\/42532","targetHints":{"allow":["GET"]}}],"collection":[{"href":"https:\/\/skinstudio.ee\/lt\/wp-json\/wp\/v2\/product"}],"about":[{"href":"https:\/\/skinstudio.ee\/lt\/wp-json\/wp\/v2\/types\/product"}],"version-history":[{"count":0,"href":"https:\/\/skinstudio.ee\/lt\/wp-json\/wp\/v2\/product\/42532\/revisions"}],"wp:featuredmedia":[{"embeddable":true,"href":"https:\/\/skinstudio.ee\/lt\/wp-json\/wp\/v2\/media\/66546"}],"wp:attachment":[{"href":"https:\/\/skinstudio.ee\/lt\/wp-json\/wp\/v2\/media?parent=42532"}],"wp:term":[{"taxonomy":"pwb-brand","embeddable":true,"href":"https:\/\/skinstudio.ee\/lt\/wp-json\/wp\/v2\/pwb-brand?post=42532"},{"taxonomy":"product_brand","embeddable":true,"href":"https:\/\/skinstudio.ee\/lt\/wp-json\/wp\/v2\/product_brand?post=42532"},{"taxonomy":"product_cat","embeddable":true,"href":"https:\/\/skinstudio.ee\/lt\/wp-json\/wp\/v2\/product_cat?post=42532"},{"taxonomy":"product_tag","embeddable":true,"href":"https:\/\/skinstudio.ee\/lt\/wp-json\/wp\/v2\/product_tag?post=42532"},{"taxonomy":"giftcard-category","embeddable":true,"href":"https:\/\/skinstudio.ee\/lt\/wp-json\/wp\/v2\/giftcard-category?post=42532"}],"curies":[{"name":"wp","href":"https:\/\/api.w.org\/{rel}","templated":true}]}}